{"id":243,"date":"2016-01-12T22:10:14","date_gmt":"2016-01-12T21:10:14","guid":{"rendered":"http:\/\/www.zahnmedizin-verden.de\/test\/?page_id=243"},"modified":"2018-08-19T17:45:31","modified_gmt":"2018-08-19T15:45:31","slug":"qualitaetssicherung","status":"publish","type":"page","link":"https:\/\/www.zahnmedizin-verden.de\/main\/die-praxis\/qualitaetssicherung\/","title":{"rendered":"Qualit\u00e4tssicherung"},"content":{"rendered":"<h3><img loading=\"lazy\" decoding=\"async\" class=\"alignleft wp-image-969\" src=\"https:\/\/www.zahnmedizin-verden.de\/main\/wp-content\/uploads\/2018\/08\/check-3183217__340-300x200.png\" alt=\"\" width=\"174\" height=\"116\" srcset=\"https:\/\/www.zahnmedizin-verden.de\/main\/wp-content\/uploads\/2018\/08\/check-3183217__340-300x200.png 300w, https:\/\/www.zahnmedizin-verden.de\/main\/wp-content\/uploads\/2018\/08\/check-3183217__340.png 510w\" sizes=\"auto, (max-width: 174px) 100vw, 174px\" \/>So stellen wir die Qualit\u00e4t in unseren Praxisabl\u00e4ufen sicher:<\/h3>\n<p>Zahn\u00e4rztliche Qualit\u00e4t bedeutet f\u00fcr unsere Praxis, jeden Patienten im Rahmen der vorhandenen M\u00f6glichkeit langfristig zufrieden zu stellen.<\/p>\n<p>Zur Umsetzung dieses Anspruchs setzen wir uns f\u00fcr Sie ein:<\/p>\n<ul>\n<li>Strukturierte Arbeitsabl\u00e4ufe<\/li>\n<li>Verwendung hochwertigster Materialien<\/li>\n<li>Regelm\u00e4\u00dfige Fortbildungen der <a href=\"\/zahnaerzte\">Zahn\u00e4rzte <\/a>und der Mitarbeiter<\/li>\n<li>Sicherung des Hygienestandards<\/li>\n<li>Sicherheit f\u00fcr den Patienten durch regelm\u00e4\u00dfige technische Wartung und Instandsetzung der Ger\u00e4te<\/li>\n<li>Zusammenarbeit mit zertifizierten Lieferanten<\/li>\n<li>permanente interne Qualit\u00e4tskontrolle<\/li>\n<\/ul>\n","protected":false},"excerpt":{"rendered":"<p>So stellen wir die Qualit\u00e4t in unseren Praxisabl\u00e4ufen sicher:<\/p>\n<p>Zahn\u00e4rztliche Qualit\u00e4t bedeutet f\u00fcr unsere Praxis, jeden Patienten im Rahmen der vorhandenen M\u00f6glichkeit langfristig zufrieden zu stellen.<\/p>\n<p>Zur Umsetzung dieses Anspruchs setzen wir uns f\u00fcr Sie ein:<\/p>\n<p>Strukturierte Arbeitsabl\u00e4ufe<br \/>\nVerwendung hochwertigster Materialien<br \/>\nRegelm\u00e4\u00dfige Fortbildungen der Zahn\u00e4rzte und der Mitarbeiter<br \/>\nSicherung des Hygienestandards<br \/>\nSicherheit f\u00fcr den Patienten durch regelm\u00e4\u00dfige technische Wartung und Instandsetzung der Ger\u00e4te<br \/>\nZusammenarbeit mit zertifizierten Lieferanten<br \/>\npermanente interne Qualit\u00e4tskontrolle<\/p>\n","protected":false},"author":1,"featured_media":0,"parent":137,"menu_order":0,"comment_status":"closed","ping_status":"closed","template":"","meta":{"_exactmetrics_skip_tracking":false,"_exactmetrics_sitenote_active":false,"_exactmetrics_sitenote_note":"","_exactmetrics_sitenote_category":0,"footnotes":""},"class_list":["post-243","page","type-page","status-publish","hentry"],"yoast_head":"<!-- This site is optimized with the Yoast SEO plugin v19.1 - https:\/\/yoast.com\/wordpress\/plugins\/seo\/ -->\n<title>Qualit\u00e4tssicherung - Zahnarztpraxis Verden<\/title>\n<meta name=\"robots\" content=\"index, follow, max-snippet:-1, max-image-preview:large, max-video-preview:-1\" \/>\n<link rel=\"canonical\" href=\"https:\/\/www.zahnmedizin-verden.de\/main\/die-praxis\/qualitaetssicherung\/\" \/>\n<meta property=\"og:locale\" content=\"de_DE\" \/>\n<meta property=\"og:type\" content=\"article\" \/>\n<meta property=\"og:title\" content=\"Qualit\u00e4tssicherung - Zahnarztpraxis Verden\" \/>\n<meta property=\"og:description\" content=\"So stellen wir die Qualit\u00e4t in unseren Praxisabl\u00e4ufen sicher: Zahn\u00e4rztliche Qualit\u00e4t bedeutet f\u00fcr unsere Praxis, jeden Patienten im Rahmen der vorhandenen M\u00f6glichkeit langfristig zufrieden zu stellen. Zur Umsetzung dieses Anspruchs setzen wir uns f\u00fcr Sie ein: Strukturierte Arbeitsabl\u00e4ufe Verwendung hochwertigster Materialien Regelm\u00e4\u00dfige Fortbildungen der Zahn\u00e4rzte und der Mitarbeiter Sicherung des Hygienestandards Sicherheit f\u00fcr den Patienten durch regelm\u00e4\u00dfige technische Wartung und Instandsetzung der Ger\u00e4te Zusammenarbeit mit zertifizierten Lieferanten permanente interne Qualit\u00e4tskontrolle\" \/>\n<meta property=\"og:url\" content=\"https:\/\/www.zahnmedizin-verden.de\/main\/die-praxis\/qualitaetssicherung\/\" \/>\n<meta property=\"og:site_name\" content=\"Zahnarztpraxis Verden\" \/>\n<meta property=\"article:modified_time\" content=\"2018-08-19T15:45:31+00:00\" \/>\n<meta property=\"og:image\" content=\"https:\/\/www.zahnmedizin-verden.de\/main\/wp-content\/uploads\/2018\/08\/check-3183217__340-300x200.png\" \/>\n<meta name=\"twitter:card\" content=\"summary\" \/>\n<script type=\"application\/ld+json\" class=\"yoast-schema-graph\">{\"@context\":\"https:\/\/schema.org\",\"@graph\":[{\"@type\":\"WebSite\",\"@id\":\"https:\/\/www.zahnmedizin-verden.de\/main\/#website\",\"url\":\"https:\/\/www.zahnmedizin-verden.de\/main\/\",\"name\":\"Zahnarztpraxis Verden\",\"description\":\"Zahn\u00e4rzte Dr. Kristof Austein, Axel Witte &amp; Kollegen\",\"potentialAction\":[{\"@type\":\"SearchAction\",\"target\":{\"@type\":\"EntryPoint\",\"urlTemplate\":\"https:\/\/www.zahnmedizin-verden.de\/main\/?s={search_term_string}\"},\"query-input\":\"required name=search_term_string\"}],\"inLanguage\":\"de\"},{\"@type\":\"ImageObject\",\"inLanguage\":\"de\",\"@id\":\"https:\/\/www.zahnmedizin-verden.de\/main\/die-praxis\/qualitaetssicherung\/#primaryimage\",\"url\":\"https:\/\/www.zahnmedizin-verden.de\/main\/wp-content\/uploads\/2018\/08\/check-3183217__340.png\",\"contentUrl\":\"https:\/\/www.zahnmedizin-verden.de\/main\/wp-content\/uploads\/2018\/08\/check-3183217__340.png\",\"width\":510,\"height\":340},{\"@type\":\"WebPage\",\"@id\":\"https:\/\/www.zahnmedizin-verden.de\/main\/die-praxis\/qualitaetssicherung\/#webpage\",\"url\":\"https:\/\/www.zahnmedizin-verden.de\/main\/die-praxis\/qualitaetssicherung\/\",\"name\":\"Qualit\u00e4tssicherung - Zahnarztpraxis Verden\",\"isPartOf\":{\"@id\":\"https:\/\/www.zahnmedizin-verden.de\/main\/#website\"},\"primaryImageOfPage\":{\"@id\":\"https:\/\/www.zahnmedizin-verden.de\/main\/die-praxis\/qualitaetssicherung\/#primaryimage\"},\"datePublished\":\"2016-01-12T21:10:14+00:00\",\"dateModified\":\"2018-08-19T15:45:31+00:00\",\"breadcrumb\":{\"@id\":\"https:\/\/www.zahnmedizin-verden.de\/main\/die-praxis\/qualitaetssicherung\/#breadcrumb\"},\"inLanguage\":\"de\",\"potentialAction\":[{\"@type\":\"ReadAction\",\"target\":[\"https:\/\/www.zahnmedizin-verden.de\/main\/die-praxis\/qualitaetssicherung\/\"]}]},{\"@type\":\"BreadcrumbList\",\"@id\":\"https:\/\/www.zahnmedizin-verden.de\/main\/die-praxis\/qualitaetssicherung\/#breadcrumb\",\"itemListElement\":[{\"@type\":\"ListItem\",\"position\":1,\"name\":\"Home\",\"item\":\"https:\/\/www.zahnmedizin-verden.de\/main\/\"},{\"@type\":\"ListItem\",\"position\":2,\"name\":\"Die Praxis\",\"item\":\"https:\/\/www.zahnmedizin-verden.de\/main\/die-praxis\/\"},{\"@type\":\"ListItem\",\"position\":3,\"name\":\"Qualit\u00e4tssicherung\"}]}]}<\/script>\n<!-- \/ Yoast SEO plugin. -->","yoast_head_json":{"title":"Qualit\u00e4tssicherung - Zahnarztpraxis Verden","robots":{"index":"index","follow":"follow","max-snippet":"max-snippet:-1","max-image-preview":"max-image-preview:large","max-video-preview":"max-video-preview:-1"},"canonical":"https:\/\/www.zahnmedizin-verden.de\/main\/die-praxis\/qualitaetssicherung\/","og_locale":"de_DE","og_type":"article","og_title":"Qualit\u00e4tssicherung - Zahnarztpraxis Verden","og_description":"So stellen wir die Qualit\u00e4t in unseren Praxisabl\u00e4ufen sicher: Zahn\u00e4rztliche Qualit\u00e4t bedeutet f\u00fcr unsere Praxis, jeden Patienten im Rahmen der vorhandenen M\u00f6glichkeit langfristig zufrieden zu stellen. Zur Umsetzung dieses Anspruchs setzen wir uns f\u00fcr Sie ein: Strukturierte Arbeitsabl\u00e4ufe Verwendung hochwertigster Materialien Regelm\u00e4\u00dfige Fortbildungen der Zahn\u00e4rzte und der Mitarbeiter Sicherung des Hygienestandards Sicherheit f\u00fcr den Patienten durch regelm\u00e4\u00dfige technische Wartung und Instandsetzung der Ger\u00e4te Zusammenarbeit mit zertifizierten Lieferanten permanente interne Qualit\u00e4tskontrolle","og_url":"https:\/\/www.zahnmedizin-verden.de\/main\/die-praxis\/qualitaetssicherung\/","og_site_name":"Zahnarztpraxis Verden","article_modified_time":"2018-08-19T15:45:31+00:00","og_image":[{"url":"https:\/\/www.zahnmedizin-verden.de\/main\/wp-content\/uploads\/2018\/08\/check-3183217__340-300x200.png"}],"twitter_card":"summary","schema":{"@context":"https:\/\/schema.org","@graph":[{"@type":"WebSite","@id":"https:\/\/www.zahnmedizin-verden.de\/main\/#website","url":"https:\/\/www.zahnmedizin-verden.de\/main\/","name":"Zahnarztpraxis Verden","description":"Zahn\u00e4rzte Dr. Kristof Austein, Axel Witte &amp; Kollegen","potentialAction":[{"@type":"SearchAction","target":{"@type":"EntryPoint","urlTemplate":"https:\/\/www.zahnmedizin-verden.de\/main\/?s={search_term_string}"},"query-input":"required name=search_term_string"}],"inLanguage":"de"},{"@type":"ImageObject","inLanguage":"de","@id":"https:\/\/www.zahnmedizin-verden.de\/main\/die-praxis\/qualitaetssicherung\/#primaryimage","url":"https:\/\/www.zahnmedizin-verden.de\/main\/wp-content\/uploads\/2018\/08\/check-3183217__340.png","contentUrl":"https:\/\/www.zahnmedizin-verden.de\/main\/wp-content\/uploads\/2018\/08\/check-3183217__340.png","width":510,"height":340},{"@type":"WebPage","@id":"https:\/\/www.zahnmedizin-verden.de\/main\/die-praxis\/qualitaetssicherung\/#webpage","url":"https:\/\/www.zahnmedizin-verden.de\/main\/die-praxis\/qualitaetssicherung\/","name":"Qualit\u00e4tssicherung - Zahnarztpraxis Verden","isPartOf":{"@id":"https:\/\/www.zahnmedizin-verden.de\/main\/#website"},"primaryImageOfPage":{"@id":"https:\/\/www.zahnmedizin-verden.de\/main\/die-praxis\/qualitaetssicherung\/#primaryimage"},"datePublished":"2016-01-12T21:10:14+00:00","dateModified":"2018-08-19T15:45:31+00:00","breadcrumb":{"@id":"https:\/\/www.zahnmedizin-verden.de\/main\/die-praxis\/qualitaetssicherung\/#breadcrumb"},"inLanguage":"de","potentialAction":[{"@type":"ReadAction","target":["https:\/\/www.zahnmedizin-verden.de\/main\/die-praxis\/qualitaetssicherung\/"]}]},{"@type":"BreadcrumbList","@id":"https:\/\/www.zahnmedizin-verden.de\/main\/die-praxis\/qualitaetssicherung\/#breadcrumb","itemListElement":[{"@type":"ListItem","position":1,"name":"Home","item":"https:\/\/www.zahnmedizin-verden.de\/main\/"},{"@type":"ListItem","position":2,"name":"Die Praxis","item":"https:\/\/www.zahnmedizin-verden.de\/main\/die-praxis\/"},{"@type":"ListItem","position":3,"name":"Qualit\u00e4tssicherung"}]}]}},"_links":{"self":[{"href":"https:\/\/www.zahnmedizin-verden.de\/main\/wp-json\/wp\/v2\/pages\/243","targetHints":{"allow":["GET"]}}],"collection":[{"href":"https:\/\/www.zahnmedizin-verden.de\/main\/wp-json\/wp\/v2\/pages"}],"about":[{"href":"https:\/\/www.zahnmedizin-verden.de\/main\/wp-json\/wp\/v2\/types\/page"}],"author":[{"embeddable":true,"href":"https:\/\/www.zahnmedizin-verden.de\/main\/wp-json\/wp\/v2\/users\/1"}],"replies":[{"embeddable":true,"href":"https:\/\/www.zahnmedizin-verden.de\/main\/wp-json\/wp\/v2\/comments?post=243"}],"version-history":[{"count":12,"href":"https:\/\/www.zahnmedizin-verden.de\/main\/wp-json\/wp\/v2\/pages\/243\/revisions"}],"predecessor-version":[{"id":978,"href":"https:\/\/www.zahnmedizin-verden.de\/main\/wp-json\/wp\/v2\/pages\/243\/revisions\/978"}],"up":[{"embeddable":true,"href":"https:\/\/www.zahnmedizin-verden.de\/main\/wp-json\/wp\/v2\/pages\/137"}],"wp:attachment":[{"href":"https:\/\/www.zahnmedizin-verden.de\/main\/wp-json\/wp\/v2\/media?parent=243"}],"curies":[{"name":"wp","href":"https:\/\/api.w.org\/{rel}","templated":true}]}}