{"id":246,"date":"2016-01-12T22:14:01","date_gmt":"2016-01-12T21:14:01","guid":{"rendered":"http:\/\/www.zahnmedizin-verden.de\/test\/?page_id=246"},"modified":"2018-08-19T17:51:42","modified_gmt":"2018-08-19T15:51:42","slug":"praxisleitbild","status":"publish","type":"page","link":"https:\/\/www.zahnmedizin-verden.de\/main\/die-praxis\/praxisleitbild\/","title":{"rendered":"Praxisleitbild"},"content":{"rendered":"<p><a href=\"https:\/\/www.zahnmedizin-verden.de\/main\/wp-content\/uploads\/2018\/07\/DSC_6191_Behandlungszimmer_klein-3-e1531227714559.jpg\"><img loading=\"lazy\" decoding=\"async\" class=\"aligncenter size-large wp-image-874\" src=\"https:\/\/www.zahnmedizin-verden.de\/main\/wp-content\/uploads\/2018\/07\/DSC_6191_Behandlungszimmer_klein-3-e1531227714559-1024x326.jpg\" alt=\"\" width=\"640\" height=\"204\" srcset=\"https:\/\/www.zahnmedizin-verden.de\/main\/wp-content\/uploads\/2018\/07\/DSC_6191_Behandlungszimmer_klein-3-e1531227714559-1024x326.jpg 1024w, https:\/\/www.zahnmedizin-verden.de\/main\/wp-content\/uploads\/2018\/07\/DSC_6191_Behandlungszimmer_klein-3-e1531227714559-300x95.jpg 300w, https:\/\/www.zahnmedizin-verden.de\/main\/wp-content\/uploads\/2018\/07\/DSC_6191_Behandlungszimmer_klein-3-e1531227714559-768x244.jpg 768w, https:\/\/www.zahnmedizin-verden.de\/main\/wp-content\/uploads\/2018\/07\/DSC_6191_Behandlungszimmer_klein-3-e1531227714559.jpg 2048w\" sizes=\"auto, (max-width: 640px) 100vw, 640px\" \/><\/a><\/p>\n<p>Unsere Praxis ist eine <strong>Generalistenpraxis<\/strong>, in der wir, au\u00dfer kieferorthop\u00e4discher (=Zahnregulierungen) und gro\u00dfer kieferchirurgischer Behandlungen, das gesamte Spektrum der Zahnheilkunde abdecken. Wir betreuen unsere Patienten in der Regel \u00fcber viele Jahrzehnte.<\/p>\n<p>Damit unterscheiden wir uns von reinen Spezialistenpraxen, die beispielsweise im Bereich Kieferorthop\u00e4die und Oral- bzw. Kieferchirurgie zu finden sind. Solche Fachpraxen werden normalerweise nur nach der \u00dcberweisung durch eine Generalistenpraxis aufgesucht. Sie f\u00fchren nur einzelne, zeitweise Behandlungen durch. Wir verf\u00fcgen \u00fcber ein <strong>starkes Netzwerk an Spezialistenpraxen<\/strong>, mit denen wir langfristig erfolgreich zusammenarbeiten.<\/p>\n<p>Unser Augenmerk liegt auf der <strong>umfassenden Gesundheitsvorsorge<\/strong>. Hierbei ist es unser Ziel, dem Patienten durch <strong>qualitativ hochwertige Zahnmedizin<\/strong> einen dauerhaften Erhalt der Z\u00e4hne sichern zu k\u00f6nnen.<\/p>\n<p>Sowohl uns als auch Ihnen sollte klar sein, dass wir nicht so gut wie die Natur sind. Alles was wir machen ist reparieren auf h\u00f6chstem Niveau. Aber jeder Zahn ist besser als unsere beste F\u00fcllung oder Krone. Deshalb ist es uns wichtig mit unserer Erfahrung und unserem zahnmedizinischen Fachwissen einen Beitrag zur Gesamtgesundheit der Patienten zu leisten. <strong>Menschlichkeit<\/strong> wird bei uns gro\u00df geschrieben und so:<\/p>\n<ul>\n<li>h\u00f6ren wir dem Patienten zu und <strong>nehmen seine Probleme ernst<\/strong>,<\/li>\n<li>sind wir <strong>ehrlich zum Patienten<\/strong> und beraten ihn individuell nach seinen Bed\u00fcrfnissen,<\/li>\n<li>raten wir durchaus auch mal von einer f\u00fcr uns lukrativen jedoch f\u00fcr den Patienten nicht immer sinnvollen Behandlung ab,<\/li>\n<li>sind wir stets darauf bedacht hochwertige und sowohl f\u00fcr uns als auch f\u00fcr den Patienten <strong>zufriedenstellende Arbeit<\/strong> zu leisten.<\/li>\n<\/ul>\n<p>Eine zahn\u00e4rztliche Praxis funktioniert nicht ohne das gesamte <a href=\"https:\/\/www.zahnmedizin-verden.de\/main\/das-team\/\" target=\"_blank\" rel=\"noopener\">Team<\/a>. Unsere <a href=\"\/qualitaetssicherung\/\" target=\"_blank\" rel=\"noopener\">Qualit\u00e4t<\/a> und den reibungslosen Ablauf im Betrieb k\u00f6nnen wir nur erreichen, wenn jeder in diesem Team seinen Platz und seine Aufgaben ausf\u00fcllt und erf\u00fcllt. Innerhalb des Teams ist uns der freundliche und respektable Umgang miteinander ein Bed\u00fcrfnis und kann nur bestehen, wenn dies jeder Einzelne verinnerlicht.<\/p>\n<p>Die Wirtschaftlichkeit der Praxis ist ein wichtiges Thema, da unsere hohe Qualit\u00e4t unter anderem durch funktionierende und zeitgem\u00e4\u00dfe Infrastruktur sowie durch gut fortgebildete und motivierte <a href=\"\/zahnaerzte\" target=\"_blank\" rel=\"noopener\">\u00c4rzte<\/a> und <a href=\"\/das-team\/\">Mitarbeiter<\/a> gesichert werden m\u00fcssen.<\/p>\n<p>Um das dargestellte Leitbild der Praxis zu sichern und den hohen Standard zu halten, betreiben wir ein Qualit\u00e4tsmanagement (QM).<\/p>\n","protected":false},"excerpt":{"rendered":"<\/p>\n<p>Unsere Praxis ist eine Generalistenpraxis, in der wir, au\u00dfer kieferorthop\u00e4discher (=Zahnregulierungen) und gro\u00dfer kieferchirurgischer Behandlungen, das gesamte Spektrum der Zahnheilkunde abdecken. Wir betreuen unsere Patienten in der Regel \u00fcber viele Jahrzehnte.<\/p>\n<p>Damit unterscheiden wir uns von reinen Spezialistenpraxen, die beispielsweise im Bereich Kieferorthop\u00e4die und Oral- bzw. Kieferchirurgie zu finden sind. Solche Fachpraxen werden normalerweise nur nach der \u00dcberweisung durch eine Generalistenpraxis aufgesucht. Sie f\u00fchren nur einzelne, zeitweise Behandlungen durch. Wir verf\u00fcgen \u00fcber ein starkes Netzwerk an Spezialistenpraxen, mit denen wir langfristig [&#8230;]<\/p>\n","protected":false},"author":1,"featured_media":0,"parent":137,"menu_order":0,"comment_status":"closed","ping_status":"closed","template":"","meta":{"_exactmetrics_skip_tracking":false,"_exactmetrics_sitenote_active":false,"_exactmetrics_sitenote_note":"","_exactmetrics_sitenote_category":0,"footnotes":""},"class_list":["post-246","page","type-page","status-publish","hentry"],"yoast_head":"<!-- This site is optimized with the Yoast SEO plugin v19.1 - https:\/\/yoast.com\/wordpress\/plugins\/seo\/ -->\n<title>Unser Praxisleitbild - Zahnarztpraxis Verden<\/title>\n<meta name=\"robots\" content=\"index, follow, max-snippet:-1, max-image-preview:large, max-video-preview:-1\" \/>\n<link rel=\"canonical\" href=\"https:\/\/www.zahnmedizin-verden.de\/main\/die-praxis\/praxisleitbild\/\" \/>\n<meta property=\"og:locale\" content=\"de_DE\" \/>\n<meta property=\"og:type\" content=\"article\" \/>\n<meta property=\"og:title\" content=\"Unser Praxisleitbild - Zahnarztpraxis Verden\" \/>\n<meta property=\"og:description\" content=\"Unsere Praxis ist eine Generalistenpraxis, in der wir, au\u00dfer kieferorthop\u00e4discher (=Zahnregulierungen) und gro\u00dfer kieferchirurgischer Behandlungen, das gesamte Spektrum der Zahnheilkunde abdecken. Wir betreuen unsere Patienten in der Regel \u00fcber viele Jahrzehnte. Damit unterscheiden wir uns von reinen Spezialistenpraxen, die beispielsweise im Bereich Kieferorthop\u00e4die und Oral- bzw. Kieferchirurgie zu finden sind. Solche Fachpraxen werden normalerweise nur nach der \u00dcberweisung durch eine Generalistenpraxis aufgesucht. Sie f\u00fchren nur einzelne, zeitweise Behandlungen durch. Wir verf\u00fcgen \u00fcber ein starkes Netzwerk an Spezialistenpraxen, mit denen wir langfristig [...]\" \/>\n<meta property=\"og:url\" content=\"https:\/\/www.zahnmedizin-verden.de\/main\/die-praxis\/praxisleitbild\/\" \/>\n<meta property=\"og:site_name\" content=\"Zahnarztpraxis Verden\" \/>\n<meta property=\"article:modified_time\" content=\"2018-08-19T15:51:42+00:00\" \/>\n<meta property=\"og:image\" content=\"https:\/\/www.zahnmedizin-verden.de\/main\/wp-content\/uploads\/2018\/07\/DSC_6191_Behandlungszimmer_klein-3-e1531227714559-1024x326.jpg\" \/>\n<meta name=\"twitter:card\" content=\"summary\" \/>\n<meta name=\"twitter:label1\" content=\"Gesch\u00e4tzte Lesezeit\" \/>\n\t<meta name=\"twitter:data1\" content=\"2\u00a0Minuten\" \/>\n<script type=\"application\/ld+json\" class=\"yoast-schema-graph\">{\"@context\":\"https:\/\/schema.org\",\"@graph\":[{\"@type\":\"WebSite\",\"@id\":\"https:\/\/www.zahnmedizin-verden.de\/main\/#website\",\"url\":\"https:\/\/www.zahnmedizin-verden.de\/main\/\",\"name\":\"Zahnarztpraxis Verden\",\"description\":\"Zahn\u00e4rzte Dr. Kristof Austein, Axel Witte &amp; Kollegen\",\"potentialAction\":[{\"@type\":\"SearchAction\",\"target\":{\"@type\":\"EntryPoint\",\"urlTemplate\":\"https:\/\/www.zahnmedizin-verden.de\/main\/?s={search_term_string}\"},\"query-input\":\"required name=search_term_string\"}],\"inLanguage\":\"de\"},{\"@type\":\"ImageObject\",\"inLanguage\":\"de\",\"@id\":\"https:\/\/www.zahnmedizin-verden.de\/main\/die-praxis\/praxisleitbild\/#primaryimage\",\"url\":\"https:\/\/www.zahnmedizin-verden.de\/main\/wp-content\/uploads\/2018\/07\/DSC_6191_Behandlungszimmer_klein-3-e1531227714559.jpg\",\"contentUrl\":\"https:\/\/www.zahnmedizin-verden.de\/main\/wp-content\/uploads\/2018\/07\/DSC_6191_Behandlungszimmer_klein-3-e1531227714559.jpg\",\"width\":2048,\"height\":651},{\"@type\":\"WebPage\",\"@id\":\"https:\/\/www.zahnmedizin-verden.de\/main\/die-praxis\/praxisleitbild\/#webpage\",\"url\":\"https:\/\/www.zahnmedizin-verden.de\/main\/die-praxis\/praxisleitbild\/\",\"name\":\"Unser Praxisleitbild - Zahnarztpraxis Verden\",\"isPartOf\":{\"@id\":\"https:\/\/www.zahnmedizin-verden.de\/main\/#website\"},\"primaryImageOfPage\":{\"@id\":\"https:\/\/www.zahnmedizin-verden.de\/main\/die-praxis\/praxisleitbild\/#primaryimage\"},\"datePublished\":\"2016-01-12T21:14:01+00:00\",\"dateModified\":\"2018-08-19T15:51:42+00:00\",\"breadcrumb\":{\"@id\":\"https:\/\/www.zahnmedizin-verden.de\/main\/die-praxis\/praxisleitbild\/#breadcrumb\"},\"inLanguage\":\"de\",\"potentialAction\":[{\"@type\":\"ReadAction\",\"target\":[\"https:\/\/www.zahnmedizin-verden.de\/main\/die-praxis\/praxisleitbild\/\"]}]},{\"@type\":\"BreadcrumbList\",\"@id\":\"https:\/\/www.zahnmedizin-verden.de\/main\/die-praxis\/praxisleitbild\/#breadcrumb\",\"itemListElement\":[{\"@type\":\"ListItem\",\"position\":1,\"name\":\"Home\",\"item\":\"https:\/\/www.zahnmedizin-verden.de\/main\/\"},{\"@type\":\"ListItem\",\"position\":2,\"name\":\"Die Praxis\",\"item\":\"https:\/\/www.zahnmedizin-verden.de\/main\/die-praxis\/\"},{\"@type\":\"ListItem\",\"position\":3,\"name\":\"Praxisleitbild\"}]}]}<\/script>\n<!-- \/ Yoast SEO plugin. -->","yoast_head_json":{"title":"Unser Praxisleitbild - Zahnarztpraxis Verden","robots":{"index":"index","follow":"follow","max-snippet":"max-snippet:-1","max-image-preview":"max-image-preview:large","max-video-preview":"max-video-preview:-1"},"canonical":"https:\/\/www.zahnmedizin-verden.de\/main\/die-praxis\/praxisleitbild\/","og_locale":"de_DE","og_type":"article","og_title":"Unser Praxisleitbild - Zahnarztpraxis Verden","og_description":"Unsere Praxis ist eine Generalistenpraxis, in der wir, au\u00dfer kieferorthop\u00e4discher (=Zahnregulierungen) und gro\u00dfer kieferchirurgischer Behandlungen, das gesamte Spektrum der Zahnheilkunde abdecken. Wir betreuen unsere Patienten in der Regel \u00fcber viele Jahrzehnte. Damit unterscheiden wir uns von reinen Spezialistenpraxen, die beispielsweise im Bereich Kieferorthop\u00e4die und Oral- bzw. Kieferchirurgie zu finden sind. Solche Fachpraxen werden normalerweise nur nach der \u00dcberweisung durch eine Generalistenpraxis aufgesucht. Sie f\u00fchren nur einzelne, zeitweise Behandlungen durch. Wir verf\u00fcgen \u00fcber ein starkes Netzwerk an Spezialistenpraxen, mit denen wir langfristig [...]","og_url":"https:\/\/www.zahnmedizin-verden.de\/main\/die-praxis\/praxisleitbild\/","og_site_name":"Zahnarztpraxis Verden","article_modified_time":"2018-08-19T15:51:42+00:00","og_image":[{"url":"https:\/\/www.zahnmedizin-verden.de\/main\/wp-content\/uploads\/2018\/07\/DSC_6191_Behandlungszimmer_klein-3-e1531227714559-1024x326.jpg"}],"twitter_card":"summary","twitter_misc":{"Gesch\u00e4tzte Lesezeit":"2\u00a0Minuten"},"schema":{"@context":"https:\/\/schema.org","@graph":[{"@type":"WebSite","@id":"https:\/\/www.zahnmedizin-verden.de\/main\/#website","url":"https:\/\/www.zahnmedizin-verden.de\/main\/","name":"Zahnarztpraxis Verden","description":"Zahn\u00e4rzte Dr. Kristof Austein, Axel Witte &amp; Kollegen","potentialAction":[{"@type":"SearchAction","target":{"@type":"EntryPoint","urlTemplate":"https:\/\/www.zahnmedizin-verden.de\/main\/?s={search_term_string}"},"query-input":"required name=search_term_string"}],"inLanguage":"de"},{"@type":"ImageObject","inLanguage":"de","@id":"https:\/\/www.zahnmedizin-verden.de\/main\/die-praxis\/praxisleitbild\/#primaryimage","url":"https:\/\/www.zahnmedizin-verden.de\/main\/wp-content\/uploads\/2018\/07\/DSC_6191_Behandlungszimmer_klein-3-e1531227714559.jpg","contentUrl":"https:\/\/www.zahnmedizin-verden.de\/main\/wp-content\/uploads\/2018\/07\/DSC_6191_Behandlungszimmer_klein-3-e1531227714559.jpg","width":2048,"height":651},{"@type":"WebPage","@id":"https:\/\/www.zahnmedizin-verden.de\/main\/die-praxis\/praxisleitbild\/#webpage","url":"https:\/\/www.zahnmedizin-verden.de\/main\/die-praxis\/praxisleitbild\/","name":"Unser Praxisleitbild - Zahnarztpraxis Verden","isPartOf":{"@id":"https:\/\/www.zahnmedizin-verden.de\/main\/#website"},"primaryImageOfPage":{"@id":"https:\/\/www.zahnmedizin-verden.de\/main\/die-praxis\/praxisleitbild\/#primaryimage"},"datePublished":"2016-01-12T21:14:01+00:00","dateModified":"2018-08-19T15:51:42+00:00","breadcrumb":{"@id":"https:\/\/www.zahnmedizin-verden.de\/main\/die-praxis\/praxisleitbild\/#breadcrumb"},"inLanguage":"de","potentialAction":[{"@type":"ReadAction","target":["https:\/\/www.zahnmedizin-verden.de\/main\/die-praxis\/praxisleitbild\/"]}]},{"@type":"BreadcrumbList","@id":"https:\/\/www.zahnmedizin-verden.de\/main\/die-praxis\/praxisleitbild\/#breadcrumb","itemListElement":[{"@type":"ListItem","position":1,"name":"Home","item":"https:\/\/www.zahnmedizin-verden.de\/main\/"},{"@type":"ListItem","position":2,"name":"Die Praxis","item":"https:\/\/www.zahnmedizin-verden.de\/main\/die-praxis\/"},{"@type":"ListItem","position":3,"name":"Praxisleitbild"}]}]}},"_links":{"self":[{"href":"https:\/\/www.zahnmedizin-verden.de\/main\/wp-json\/wp\/v2\/pages\/246","targetHints":{"allow":["GET"]}}],"collection":[{"href":"https:\/\/www.zahnmedizin-verden.de\/main\/wp-json\/wp\/v2\/pages"}],"about":[{"href":"https:\/\/www.zahnmedizin-verden.de\/main\/wp-json\/wp\/v2\/types\/page"}],"author":[{"embeddable":true,"href":"https:\/\/www.zahnmedizin-verden.de\/main\/wp-json\/wp\/v2\/users\/1"}],"replies":[{"embeddable":true,"href":"https:\/\/www.zahnmedizin-verden.de\/main\/wp-json\/wp\/v2\/comments?post=246"}],"version-history":[{"count":9,"href":"https:\/\/www.zahnmedizin-verden.de\/main\/wp-json\/wp\/v2\/pages\/246\/revisions"}],"predecessor-version":[{"id":980,"href":"https:\/\/www.zahnmedizin-verden.de\/main\/wp-json\/wp\/v2\/pages\/246\/revisions\/980"}],"up":[{"embeddable":true,"href":"https:\/\/www.zahnmedizin-verden.de\/main\/wp-json\/wp\/v2\/pages\/137"}],"wp:attachment":[{"href":"https:\/\/www.zahnmedizin-verden.de\/main\/wp-json\/wp\/v2\/media?parent=246"}],"curies":[{"name":"wp","href":"https:\/\/api.w.org\/{rel}","templated":true}]}}