{"id":253,"date":"2016-01-12T22:25:48","date_gmt":"2016-01-12T21:25:48","guid":{"rendered":"http:\/\/www.zahnmedizin-verden.de\/test\/?page_id=253"},"modified":"2023-03-17T09:44:22","modified_gmt":"2023-03-17T08:44:22","slug":"impressum","status":"publish","type":"page","link":"https:\/\/www.zahnmedizin-verden.de\/main\/impressum\/","title":{"rendered":"Impressum"},"content":{"rendered":"<h4>Verantwortlich:<\/h4>\n<p>Gemeinschaftspraxis Zahn\u00e4rzte<br \/>\nDr. Kristof Austein, Axel Witte &amp; Kollegen<\/p>\n<p>Windm\u00fchlenstr. 28<br \/>\n27283 Verden<\/p>\n<p>Telefon:\u00a00\u00a042\u00a031\u00a0&#8211;\u00a024\u00a090<br \/>\nTelefax: 0 42 31 &#8211; 24 70<\/p>\n<p>info@zahnmedizin-verden.de<\/p>\n<h4>Datenschutzbeauftragte:<\/h4>\n<p>Michaela Wandelt<\/p>\n<p>datenschutz@zahnmedizin-verden.de<\/p>\n<h4>Icons:<\/h4>\n<div>Icon made by <a title=\"Freepik\" href=\"http:\/\/www.freepik.com\">Freepik<\/a> from <a title=\"Flaticon\" href=\"http:\/\/www.flaticon.com\">www.flaticon.com<\/a> is licensed under <a title=\"Creative Commons BY 3.0\" href=\"http:\/\/creativecommons.org\/licenses\/by\/3.0\/\">CC BY 3.0<\/a><\/div>\n<p>&nbsp;<\/p>\n<h4>Haftungsausschluss:<\/h4>\n<p>Die Praxis \u00fcbernimmt keine Gew\u00e4hr f\u00fcr die Richtigkeit, Vollst\u00e4ndigkeit und Aktualit\u00e4t der auf dieser Website angebotenen Informationen. In keinem Fall wird f\u00fcr Sch\u00e4den, die sich aus der Nutzung oder Nichtnutzung dieser Website ergeben, eine Haftung \u00fcbernommen.<br \/>\nF\u00fcr alle auf dieser Website angebotenen externen Links, die auf fremde Websites zeigen, auf denen Inhalte angeboten werden, die von Dritten zu verantworten sind, wird keine wie auch immer geartete Haftung bez\u00fcglich der Inhalte \u00fcbernommen. Die Praxis erkl\u00e4rt hiermit, keinerlei Einfluss auf die aktuelle und zuk\u00fcnftige Gestaltung, die Inhalte oder die Urheberschaft der verlinkten Seiten zu haben, distanziert sich hiermit ausdr\u00fccklich von s\u00e4mtlichen Inhalten aller auf unserer Website verlinkten Seiten, die nach der Linksetzung ver\u00e4ndert wurden und macht sich diese Inhalte in keinem Fall zu Eigen.Wir sind dankbar f\u00fcr jeden Hinweis auf bedenkliche Inhalte von Seiten, auf die mittels Link von unserer Website aus verwiesen wird.<\/p>\n<h4>Urheberrechtshinweis:<\/h4>\n<p>Alle Inhalte und Strukturen dieser Website sind urheber- und leistungsschutzrechtlich gesch\u00fctzt. Die Ver\u00f6ffentlichung im World Wide Web oder in sonstigen Diensten des Internet bedeutet noch keine Einverst\u00e4ndniserkl\u00e4rung f\u00fcr eine anderweitige Nutzung durch Dritte.Wir erlauben und begr\u00fc\u00dfen ausdr\u00fccklich das Zitieren unserer Dokumente sowie das Setzen von Links auf unsere Website, solange kenntlich gemacht wird, dass es sich um Inhalte der Website der Praxis handelt und diese Inhalte nicht in Verbindung mit Inhalten Dritter gebracht werden, die den Interessen von der Praxis widersprechen.<\/p>\n<h4>Gewerbliche Schutzrechte:<\/h4>\n<p>Alle innerhalb dieser Website genannten und ggf. durch Dritte gesch\u00fctzten Marken- und Warenzeichen unterliegen uneingeschr\u00e4nkt den Bestimmungen des jeweils g\u00fcltigen Kennzeichenrechts und den Besitzrechten der jeweiligen eingetragenen Eigent\u00fcmer.<br \/>\nAllein aufgrund der blo\u00dfen Nennung ist nicht der Schluss zu ziehen, dass Markenzeichen nicht durch Rechte Dritter gesch\u00fctzt sind.<\/p>\n<p>Unsere <strong>Datenschutzerkl\u00e4rung<\/strong> finden Sie <a href=\"\/main\/datenschutzerklaerung\">hier<\/a>.<\/p>\n","protected":false},"excerpt":{"rendered":"<p>Verantwortlich:<\/p>\n<p>Gemeinschaftspraxis Zahn\u00e4rzte<br \/>\nDr. Kristof Austein, Axel Witte &amp; Kollegen<\/p>\n<p>Windm\u00fchlenstr. 28<br \/>\n27283 Verden<\/p>\n<p>Telefon:\u00a00\u00a042\u00a031\u00a0&#8211;\u00a024\u00a090<br \/>\nTelefax: 0 42 31 &#8211; 24 70<\/p>\n<p>info@zahnmedizin-verden.de<\/p>\n<p>Datenschutzbeauftragte:<\/p>\n<p>Michaela Wandelt<\/p>\n<p>datenschutz@zahnmedizin-verden.de<\/p>\n<p>Icons:<br \/>\nIcon made by Freepik from www.flaticon.com is licensed under CC BY 3.0<\/p>\n<p>&nbsp;<\/p>\n<p>Haftungsausschluss:<\/p>\n<p>Die Praxis \u00fcbernimmt keine Gew\u00e4hr f\u00fcr die Richtigkeit, Vollst\u00e4ndigkeit und Aktualit\u00e4t der auf dieser Website angebotenen Informationen. In keinem Fall wird f\u00fcr Sch\u00e4den, die sich aus der Nutzung oder Nichtnutzung dieser Website ergeben, eine Haftung \u00fcbernommen.<br \/>\nF\u00fcr alle auf dieser Website angebotenen externen Links, die auf fremde Websites zeigen, auf denen Inhalte angeboten werden, [&#8230;]<\/p>\n","protected":false},"author":1,"featured_media":0,"parent":0,"menu_order":0,"comment_status":"closed","ping_status":"closed","template":"","meta":{"_exactmetrics_skip_tracking":false,"_exactmetrics_sitenote_active":false,"_exactmetrics_sitenote_note":"","_exactmetrics_sitenote_category":0,"footnotes":""},"class_list":["post-253","page","type-page","status-publish","hentry"],"yoast_head":"<!-- This site is optimized with the Yoast SEO plugin v19.1 - https:\/\/yoast.com\/wordpress\/plugins\/seo\/ -->\n<title>Impressum - Zahnarztpraxis Verden<\/title>\n<meta name=\"robots\" content=\"index, follow, max-snippet:-1, max-image-preview:large, max-video-preview:-1\" \/>\n<link rel=\"canonical\" href=\"https:\/\/www.zahnmedizin-verden.de\/main\/impressum\/\" \/>\n<meta property=\"og:locale\" content=\"de_DE\" \/>\n<meta property=\"og:type\" content=\"article\" \/>\n<meta property=\"og:title\" content=\"Impressum - Zahnarztpraxis Verden\" \/>\n<meta property=\"og:description\" content=\"Verantwortlich: Gemeinschaftspraxis Zahn\u00e4rzte Dr. Kristof Austein, Axel Witte &amp; Kollegen Windm\u00fchlenstr. 28 27283 Verden Telefon:\u00a00\u00a042\u00a031\u00a0&#8211;\u00a024\u00a090 Telefax: 0 42 31 &#8211; 24 70 info@zahnmedizin-verden.de Datenschutzbeauftragte: Michaela Wandelt datenschutz@zahnmedizin-verden.de Icons: Icon made by Freepik from www.flaticon.com is licensed under CC BY 3.0 &nbsp; Haftungsausschluss: Die Praxis \u00fcbernimmt keine Gew\u00e4hr f\u00fcr die Richtigkeit, Vollst\u00e4ndigkeit und Aktualit\u00e4t der auf dieser Website angebotenen Informationen. In keinem Fall wird f\u00fcr Sch\u00e4den, die sich aus der Nutzung oder Nichtnutzung dieser Website ergeben, eine Haftung \u00fcbernommen. F\u00fcr alle auf dieser Website angebotenen externen Links, die auf fremde Websites zeigen, auf denen Inhalte angeboten werden, [...]\" \/>\n<meta property=\"og:url\" content=\"https:\/\/www.zahnmedizin-verden.de\/main\/impressum\/\" \/>\n<meta property=\"og:site_name\" content=\"Zahnarztpraxis Verden\" \/>\n<meta property=\"article:modified_time\" content=\"2023-03-17T08:44:22+00:00\" \/>\n<meta name=\"twitter:card\" content=\"summary\" \/>\n<meta name=\"twitter:label1\" content=\"Gesch\u00e4tzte Lesezeit\" \/>\n\t<meta name=\"twitter:data1\" content=\"2\u00a0Minuten\" \/>\n<script type=\"application\/ld+json\" class=\"yoast-schema-graph\">{\"@context\":\"https:\/\/schema.org\",\"@graph\":[{\"@type\":\"WebSite\",\"@id\":\"https:\/\/www.zahnmedizin-verden.de\/main\/#website\",\"url\":\"https:\/\/www.zahnmedizin-verden.de\/main\/\",\"name\":\"Zahnarztpraxis Verden\",\"description\":\"Zahn\u00e4rzte Dr. Kristof Austein, Axel Witte &amp; Kollegen\",\"potentialAction\":[{\"@type\":\"SearchAction\",\"target\":{\"@type\":\"EntryPoint\",\"urlTemplate\":\"https:\/\/www.zahnmedizin-verden.de\/main\/?s={search_term_string}\"},\"query-input\":\"required name=search_term_string\"}],\"inLanguage\":\"de\"},{\"@type\":\"WebPage\",\"@id\":\"https:\/\/www.zahnmedizin-verden.de\/main\/impressum\/#webpage\",\"url\":\"https:\/\/www.zahnmedizin-verden.de\/main\/impressum\/\",\"name\":\"Impressum - Zahnarztpraxis Verden\",\"isPartOf\":{\"@id\":\"https:\/\/www.zahnmedizin-verden.de\/main\/#website\"},\"datePublished\":\"2016-01-12T21:25:48+00:00\",\"dateModified\":\"2023-03-17T08:44:22+00:00\",\"breadcrumb\":{\"@id\":\"https:\/\/www.zahnmedizin-verden.de\/main\/impressum\/#breadcrumb\"},\"inLanguage\":\"de\",\"potentialAction\":[{\"@type\":\"ReadAction\",\"target\":[\"https:\/\/www.zahnmedizin-verden.de\/main\/impressum\/\"]}]},{\"@type\":\"BreadcrumbList\",\"@id\":\"https:\/\/www.zahnmedizin-verden.de\/main\/impressum\/#breadcrumb\",\"itemListElement\":[{\"@type\":\"ListItem\",\"position\":1,\"name\":\"Home\",\"item\":\"https:\/\/www.zahnmedizin-verden.de\/main\/\"},{\"@type\":\"ListItem\",\"position\":2,\"name\":\"Impressum\"}]}]}<\/script>\n<!-- \/ Yoast SEO plugin. -->","yoast_head_json":{"title":"Impressum - Zahnarztpraxis Verden","robots":{"index":"index","follow":"follow","max-snippet":"max-snippet:-1","max-image-preview":"max-image-preview:large","max-video-preview":"max-video-preview:-1"},"canonical":"https:\/\/www.zahnmedizin-verden.de\/main\/impressum\/","og_locale":"de_DE","og_type":"article","og_title":"Impressum - Zahnarztpraxis Verden","og_description":"Verantwortlich: Gemeinschaftspraxis Zahn\u00e4rzte Dr. Kristof Austein, Axel Witte &amp; Kollegen Windm\u00fchlenstr. 28 27283 Verden Telefon:\u00a00\u00a042\u00a031\u00a0&#8211;\u00a024\u00a090 Telefax: 0 42 31 &#8211; 24 70 info@zahnmedizin-verden.de Datenschutzbeauftragte: Michaela Wandelt datenschutz@zahnmedizin-verden.de Icons: Icon made by Freepik from www.flaticon.com is licensed under CC BY 3.0 &nbsp; Haftungsausschluss: Die Praxis \u00fcbernimmt keine Gew\u00e4hr f\u00fcr die Richtigkeit, Vollst\u00e4ndigkeit und Aktualit\u00e4t der auf dieser Website angebotenen Informationen. In keinem Fall wird f\u00fcr Sch\u00e4den, die sich aus der Nutzung oder Nichtnutzung dieser Website ergeben, eine Haftung \u00fcbernommen. F\u00fcr alle auf dieser Website angebotenen externen Links, die auf fremde Websites zeigen, auf denen Inhalte angeboten werden, [...]","og_url":"https:\/\/www.zahnmedizin-verden.de\/main\/impressum\/","og_site_name":"Zahnarztpraxis Verden","article_modified_time":"2023-03-17T08:44:22+00:00","twitter_card":"summary","twitter_misc":{"Gesch\u00e4tzte Lesezeit":"2\u00a0Minuten"},"schema":{"@context":"https:\/\/schema.org","@graph":[{"@type":"WebSite","@id":"https:\/\/www.zahnmedizin-verden.de\/main\/#website","url":"https:\/\/www.zahnmedizin-verden.de\/main\/","name":"Zahnarztpraxis Verden","description":"Zahn\u00e4rzte Dr. Kristof Austein, Axel Witte &amp; Kollegen","potentialAction":[{"@type":"SearchAction","target":{"@type":"EntryPoint","urlTemplate":"https:\/\/www.zahnmedizin-verden.de\/main\/?s={search_term_string}"},"query-input":"required name=search_term_string"}],"inLanguage":"de"},{"@type":"WebPage","@id":"https:\/\/www.zahnmedizin-verden.de\/main\/impressum\/#webpage","url":"https:\/\/www.zahnmedizin-verden.de\/main\/impressum\/","name":"Impressum - Zahnarztpraxis Verden","isPartOf":{"@id":"https:\/\/www.zahnmedizin-verden.de\/main\/#website"},"datePublished":"2016-01-12T21:25:48+00:00","dateModified":"2023-03-17T08:44:22+00:00","breadcrumb":{"@id":"https:\/\/www.zahnmedizin-verden.de\/main\/impressum\/#breadcrumb"},"inLanguage":"de","potentialAction":[{"@type":"ReadAction","target":["https:\/\/www.zahnmedizin-verden.de\/main\/impressum\/"]}]},{"@type":"BreadcrumbList","@id":"https:\/\/www.zahnmedizin-verden.de\/main\/impressum\/#breadcrumb","itemListElement":[{"@type":"ListItem","position":1,"name":"Home","item":"https:\/\/www.zahnmedizin-verden.de\/main\/"},{"@type":"ListItem","position":2,"name":"Impressum"}]}]}},"_links":{"self":[{"href":"https:\/\/www.zahnmedizin-verden.de\/main\/wp-json\/wp\/v2\/pages\/253","targetHints":{"allow":["GET"]}}],"collection":[{"href":"https:\/\/www.zahnmedizin-verden.de\/main\/wp-json\/wp\/v2\/pages"}],"about":[{"href":"https:\/\/www.zahnmedizin-verden.de\/main\/wp-json\/wp\/v2\/types\/page"}],"author":[{"embeddable":true,"href":"https:\/\/www.zahnmedizin-verden.de\/main\/wp-json\/wp\/v2\/users\/1"}],"replies":[{"embeddable":true,"href":"https:\/\/www.zahnmedizin-verden.de\/main\/wp-json\/wp\/v2\/comments?post=253"}],"version-history":[{"count":14,"href":"https:\/\/www.zahnmedizin-verden.de\/main\/wp-json\/wp\/v2\/pages\/253\/revisions"}],"predecessor-version":[{"id":1544,"href":"https:\/\/www.zahnmedizin-verden.de\/main\/wp-json\/wp\/v2\/pages\/253\/revisions\/1544"}],"wp:attachment":[{"href":"https:\/\/www.zahnmedizin-verden.de\/main\/wp-json\/wp\/v2\/media?parent=253"}],"curies":[{"name":"wp","href":"https:\/\/api.w.org\/{rel}","templated":true}]}}