{"id":31,"date":"2010-10-20T15:58:22","date_gmt":"2010-10-20T13:58:22","guid":{"rendered":"http:\/\/www.zahnmedizin-verden.de\/test\/2010\/10\/20\/imp-2\/"},"modified":"2025-02-03T20:54:19","modified_gmt":"2025-02-03T19:54:19","slug":"implantologie","status":"publish","type":"page","link":"https:\/\/www.zahnmedizin-verden.de\/main\/leistungen\/implantologie\/","title":{"rendered":"Implantologie"},"content":{"rendered":"<h2><strong>Zahnersatz auf Implantaten &#8211; was ist das?<br \/>\n<\/strong><\/h2>\n<p>Implantate (k\u00fcnstliche Zahnwurzel) stellen heute eine besonders hochwertige Versorgung dar, wem Z\u00e4hne fehlen. So muss man nicht gesunde Z\u00e4hne f\u00fcr eine Br\u00fccke beschleifen, was f\u00fcr Sie als Patient von gro\u00dfem Vorteil ist. Implantate sitzen fest und sicher. Deshalb sind sie auch ein St\u00fcck Lebensqualit\u00e4t, weil keine Prothese mehr rutscht, Essen wieder Spa\u00df macht und ein Gebiss toll aussieht.<\/p>\n<p>In einer Operation mit \u00f6rtlicher Bet\u00e4ubung wird das Implantat in den Kieferknochen gebracht, wo es zwischen 8 Wochen und 6 Monaten einheilen muss. Dann kann die endg\u00fcltige Versorgung z. B. Krone, Br\u00fccke hergestellt werden.<\/p>\n<p><img loading=\"lazy\" decoding=\"async\" class=\" size-full wp-image-28\" src=\"https:\/\/www.zahnmedizin-verden.de\/main\/wp-content\/uploads\/2010\/10\/zai_3.jpg\" alt=\"\" width=\"403\" height=\"326\" border=\"0\" srcset=\"https:\/\/www.zahnmedizin-verden.de\/main\/wp-content\/uploads\/2010\/10\/zai_3.jpg 403w, https:\/\/www.zahnmedizin-verden.de\/main\/wp-content\/uploads\/2010\/10\/zai_3-300x243.jpg 300w\" sizes=\"auto, (max-width: 403px) 100vw, 403px\" \/><\/p>\n<p>Der k\u00fcnstliche Zahn wird sich optisch (in der Regel) nicht von den nat\u00fcrlichen Z\u00e4hnen unterscheiden.<\/p>\n<p>Auch zahnlose Patienten haben durch Implantate die Chance, wieder richtig zubei\u00dfen zu k\u00f6nnen.<\/p>\n<p>In unserer Praxis ist Dr. Kristof Austein Ihr vertrauensvoller Ansprechpartner f\u00fcr Implantate. Seit 1991 setzt auch Dr. Martin Herlinghaus regelm\u00e4\u00dfig Implantate, er ist zertifizierter Implantologe und Mitglied der DGZ\/ BDIZ, bzw. der DGI, des BDO. Des Weiteren haben wir verschiedene Implantatsysteme in unserer Praxis.<\/p>\n<ul>\n<li>Die Therapie mit Implantaten geh\u00f6rt mittlerweile zu den sichersten Therapieformen in der Zahnmedizin (bei entsprechender Ausbildung der Behandler und entsprechende Mitarbeit der Patienten).<\/li>\n<\/ul>\n<p>Zahnverlust f\u00fchrt auch immer zu Verlust des Kieferknochens. Wird rechtzeitig eine k\u00fcnstliche Zahnwurzel eingesetzt, kann der Knochenverlust aufgehalten werden, was der Stabilit\u00e4t der Nachbarz\u00e4hne zugute kommt. Ein Implantat geht fast immer- Voraussetzung ist die richtige Planung und Pflege. Besondere Umst\u00e4nde, wie Stoffwechselerkrankungen, Knochenschwund (Osteoporose), Blutgerinnungsst\u00f6rungen, bestimmte Medikamente etc. k\u00f6nnen den Einsatz von Implantaten einschr\u00e4nken oder verhindern.<\/p>\n<p>In kritischen F\u00e4llen spielt die Zusammenarbeit mit dem Hausarzt eine tragende Rolle f\u00fcr den Erfolg der Einheilung.<\/p>\n<p><strong>Beispielfotos:<\/strong><\/p>\n<p><img loading=\"lazy\" decoding=\"async\" class=\" size-full wp-image-29\" src=\"https:\/\/www.zahnmedizin-verden.de\/main\/wp-content\/uploads\/2010\/10\/zai_2.jpg\" alt=\"\" width=\"399\" height=\"97\" border=\"0\" srcset=\"https:\/\/www.zahnmedizin-verden.de\/main\/wp-content\/uploads\/2010\/10\/zai_2.jpg 399w, https:\/\/www.zahnmedizin-verden.de\/main\/wp-content\/uploads\/2010\/10\/zai_2-300x73.jpg 300w\" sizes=\"auto, (max-width: 399px) 100vw, 399px\" \/><\/p>\n<p><img loading=\"lazy\" decoding=\"async\" class=\" size-full wp-image-30\" src=\"https:\/\/www.zahnmedizin-verden.de\/main\/wp-content\/uploads\/2010\/10\/zai_1.jpg\" alt=\"\" width=\"430\" height=\"157\" border=\"0\" srcset=\"https:\/\/www.zahnmedizin-verden.de\/main\/wp-content\/uploads\/2010\/10\/zai_1.jpg 430w, https:\/\/www.zahnmedizin-verden.de\/main\/wp-content\/uploads\/2010\/10\/zai_1-300x110.jpg 300w\" sizes=\"auto, (max-width: 430px) 100vw, 430px\" \/><\/p>\n<p>&nbsp;<\/p>\n","protected":false},"excerpt":{"rendered":"<p>Zahnersatz auf Implantaten &#8211; was ist das?<\/p>\n<p>Implantate (k\u00fcnstliche Zahnwurzel) stellen heute eine besonders hochwertige Versorgung dar, wem Z\u00e4hne fehlen. So muss man nicht gesunde Z\u00e4hne f\u00fcr eine Br\u00fccke beschleifen, was f\u00fcr Sie als Patient von gro\u00dfem Vorteil ist. Implantate sitzen fest und sicher. Deshalb sind sie auch ein St\u00fcck Lebensqualit\u00e4t, weil keine Prothese mehr rutscht, Essen wieder Spa\u00df macht und ein Gebiss toll aussieht.<\/p>\n<p>In einer Operation mit \u00f6rtlicher Bet\u00e4ubung wird das Implantat in den Kieferknochen gebracht, wo es zwischen 8 [&#8230;]<\/p>\n","protected":false},"author":1,"featured_media":19,"parent":228,"menu_order":17,"comment_status":"closed","ping_status":"closed","template":"","meta":{"_exactmetrics_skip_tracking":false,"_exactmetrics_sitenote_active":false,"_exactmetrics_sitenote_note":"","_exactmetrics_sitenote_category":0,"footnotes":""},"class_list":["post-31","page","type-page","status-publish","has-post-thumbnail","hentry"],"yoast_head":"<!-- This site is optimized with the Yoast SEO plugin v19.1 - https:\/\/yoast.com\/wordpress\/plugins\/seo\/ -->\n<title>Implantologie - Zahnarztpraxis Verden<\/title>\n<meta name=\"robots\" content=\"index, follow, max-snippet:-1, max-image-preview:large, max-video-preview:-1\" \/>\n<link rel=\"canonical\" href=\"https:\/\/www.zahnmedizin-verden.de\/main\/leistungen\/implantologie\/\" \/>\n<meta property=\"og:locale\" content=\"de_DE\" \/>\n<meta property=\"og:type\" content=\"article\" \/>\n<meta property=\"og:title\" content=\"Implantologie - Zahnarztpraxis Verden\" \/>\n<meta property=\"og:description\" content=\"Zahnersatz auf Implantaten &#8211; was ist das? Implantate (k\u00fcnstliche Zahnwurzel) stellen heute eine besonders hochwertige Versorgung dar, wem Z\u00e4hne fehlen. So muss man nicht gesunde Z\u00e4hne f\u00fcr eine Br\u00fccke beschleifen, was f\u00fcr Sie als Patient von gro\u00dfem Vorteil ist. Implantate sitzen fest und sicher. Deshalb sind sie auch ein St\u00fcck Lebensqualit\u00e4t, weil keine Prothese mehr rutscht, Essen wieder Spa\u00df macht und ein Gebiss toll aussieht. In einer Operation mit \u00f6rtlicher Bet\u00e4ubung wird das Implantat in den Kieferknochen gebracht, wo es zwischen 8 [...]\" \/>\n<meta property=\"og:url\" content=\"https:\/\/www.zahnmedizin-verden.de\/main\/leistungen\/implantologie\/\" \/>\n<meta property=\"og:site_name\" content=\"Zahnarztpraxis Verden\" \/>\n<meta property=\"article:modified_time\" content=\"2025-02-03T19:54:19+00:00\" \/>\n<meta property=\"og:image\" content=\"https:\/\/www.zahnmedizin-verden.de\/main\/wp-content\/uploads\/2010\/09\/punkt1x1_gruen.gif\" \/>\n\t<meta property=\"og:image:width\" content=\"1\" \/>\n\t<meta property=\"og:image:height\" content=\"1\" \/>\n\t<meta property=\"og:image:type\" content=\"image\/gif\" \/>\n<meta name=\"twitter:card\" content=\"summary\" \/>\n<meta name=\"twitter:label1\" content=\"Gesch\u00e4tzte Lesezeit\" \/>\n\t<meta name=\"twitter:data1\" content=\"1\u00a0Minute\" \/>\n<script type=\"application\/ld+json\" class=\"yoast-schema-graph\">{\"@context\":\"https:\/\/schema.org\",\"@graph\":[{\"@type\":\"WebSite\",\"@id\":\"https:\/\/www.zahnmedizin-verden.de\/main\/#website\",\"url\":\"https:\/\/www.zahnmedizin-verden.de\/main\/\",\"name\":\"Zahnarztpraxis Verden\",\"description\":\"Zahn\u00e4rzte Dr. Kristof Austein, Axel Witte &amp; Kollegen\",\"potentialAction\":[{\"@type\":\"SearchAction\",\"target\":{\"@type\":\"EntryPoint\",\"urlTemplate\":\"https:\/\/www.zahnmedizin-verden.de\/main\/?s={search_term_string}\"},\"query-input\":\"required name=search_term_string\"}],\"inLanguage\":\"de\"},{\"@type\":\"ImageObject\",\"inLanguage\":\"de\",\"@id\":\"https:\/\/www.zahnmedizin-verden.de\/main\/leistungen\/implantologie\/#primaryimage\",\"url\":\"https:\/\/www.zahnmedizin-verden.de\/main\/wp-content\/uploads\/2010\/09\/punkt1x1_gruen.gif\",\"contentUrl\":\"https:\/\/www.zahnmedizin-verden.de\/main\/wp-content\/uploads\/2010\/09\/punkt1x1_gruen.gif\",\"width\":1,\"height\":1},{\"@type\":\"WebPage\",\"@id\":\"https:\/\/www.zahnmedizin-verden.de\/main\/leistungen\/implantologie\/#webpage\",\"url\":\"https:\/\/www.zahnmedizin-verden.de\/main\/leistungen\/implantologie\/\",\"name\":\"Implantologie - Zahnarztpraxis Verden\",\"isPartOf\":{\"@id\":\"https:\/\/www.zahnmedizin-verden.de\/main\/#website\"},\"primaryImageOfPage\":{\"@id\":\"https:\/\/www.zahnmedizin-verden.de\/main\/leistungen\/implantologie\/#primaryimage\"},\"datePublished\":\"2010-10-20T13:58:22+00:00\",\"dateModified\":\"2025-02-03T19:54:19+00:00\",\"breadcrumb\":{\"@id\":\"https:\/\/www.zahnmedizin-verden.de\/main\/leistungen\/implantologie\/#breadcrumb\"},\"inLanguage\":\"de\",\"potentialAction\":[{\"@type\":\"ReadAction\",\"target\":[\"https:\/\/www.zahnmedizin-verden.de\/main\/leistungen\/implantologie\/\"]}]},{\"@type\":\"BreadcrumbList\",\"@id\":\"https:\/\/www.zahnmedizin-verden.de\/main\/leistungen\/implantologie\/#breadcrumb\",\"itemListElement\":[{\"@type\":\"ListItem\",\"position\":1,\"name\":\"Home\",\"item\":\"https:\/\/www.zahnmedizin-verden.de\/main\/\"},{\"@type\":\"ListItem\",\"position\":2,\"name\":\"Unsere Leistungen\",\"item\":\"https:\/\/www.zahnmedizin-verden.de\/main\/leistungen\/\"},{\"@type\":\"ListItem\",\"position\":3,\"name\":\"Implantologie\"}]}]}<\/script>\n<!-- \/ Yoast SEO plugin. -->","yoast_head_json":{"title":"Implantologie - Zahnarztpraxis Verden","robots":{"index":"index","follow":"follow","max-snippet":"max-snippet:-1","max-image-preview":"max-image-preview:large","max-video-preview":"max-video-preview:-1"},"canonical":"https:\/\/www.zahnmedizin-verden.de\/main\/leistungen\/implantologie\/","og_locale":"de_DE","og_type":"article","og_title":"Implantologie - Zahnarztpraxis Verden","og_description":"Zahnersatz auf Implantaten &#8211; was ist das? Implantate (k\u00fcnstliche Zahnwurzel) stellen heute eine besonders hochwertige Versorgung dar, wem Z\u00e4hne fehlen. So muss man nicht gesunde Z\u00e4hne f\u00fcr eine Br\u00fccke beschleifen, was f\u00fcr Sie als Patient von gro\u00dfem Vorteil ist. Implantate sitzen fest und sicher. Deshalb sind sie auch ein St\u00fcck Lebensqualit\u00e4t, weil keine Prothese mehr rutscht, Essen wieder Spa\u00df macht und ein Gebiss toll aussieht. In einer Operation mit \u00f6rtlicher Bet\u00e4ubung wird das Implantat in den Kieferknochen gebracht, wo es zwischen 8 [...]","og_url":"https:\/\/www.zahnmedizin-verden.de\/main\/leistungen\/implantologie\/","og_site_name":"Zahnarztpraxis Verden","article_modified_time":"2025-02-03T19:54:19+00:00","og_image":[{"width":1,"height":1,"url":"https:\/\/www.zahnmedizin-verden.de\/main\/wp-content\/uploads\/2010\/09\/punkt1x1_gruen.gif","type":"image\/gif"}],"twitter_card":"summary","twitter_misc":{"Gesch\u00e4tzte Lesezeit":"1\u00a0Minute"},"schema":{"@context":"https:\/\/schema.org","@graph":[{"@type":"WebSite","@id":"https:\/\/www.zahnmedizin-verden.de\/main\/#website","url":"https:\/\/www.zahnmedizin-verden.de\/main\/","name":"Zahnarztpraxis Verden","description":"Zahn\u00e4rzte Dr. Kristof Austein, Axel Witte &amp; Kollegen","potentialAction":[{"@type":"SearchAction","target":{"@type":"EntryPoint","urlTemplate":"https:\/\/www.zahnmedizin-verden.de\/main\/?s={search_term_string}"},"query-input":"required name=search_term_string"}],"inLanguage":"de"},{"@type":"ImageObject","inLanguage":"de","@id":"https:\/\/www.zahnmedizin-verden.de\/main\/leistungen\/implantologie\/#primaryimage","url":"https:\/\/www.zahnmedizin-verden.de\/main\/wp-content\/uploads\/2010\/09\/punkt1x1_gruen.gif","contentUrl":"https:\/\/www.zahnmedizin-verden.de\/main\/wp-content\/uploads\/2010\/09\/punkt1x1_gruen.gif","width":1,"height":1},{"@type":"WebPage","@id":"https:\/\/www.zahnmedizin-verden.de\/main\/leistungen\/implantologie\/#webpage","url":"https:\/\/www.zahnmedizin-verden.de\/main\/leistungen\/implantologie\/","name":"Implantologie - Zahnarztpraxis Verden","isPartOf":{"@id":"https:\/\/www.zahnmedizin-verden.de\/main\/#website"},"primaryImageOfPage":{"@id":"https:\/\/www.zahnmedizin-verden.de\/main\/leistungen\/implantologie\/#primaryimage"},"datePublished":"2010-10-20T13:58:22+00:00","dateModified":"2025-02-03T19:54:19+00:00","breadcrumb":{"@id":"https:\/\/www.zahnmedizin-verden.de\/main\/leistungen\/implantologie\/#breadcrumb"},"inLanguage":"de","potentialAction":[{"@type":"ReadAction","target":["https:\/\/www.zahnmedizin-verden.de\/main\/leistungen\/implantologie\/"]}]},{"@type":"BreadcrumbList","@id":"https:\/\/www.zahnmedizin-verden.de\/main\/leistungen\/implantologie\/#breadcrumb","itemListElement":[{"@type":"ListItem","position":1,"name":"Home","item":"https:\/\/www.zahnmedizin-verden.de\/main\/"},{"@type":"ListItem","position":2,"name":"Unsere Leistungen","item":"https:\/\/www.zahnmedizin-verden.de\/main\/leistungen\/"},{"@type":"ListItem","position":3,"name":"Implantologie"}]}]}},"_links":{"self":[{"href":"https:\/\/www.zahnmedizin-verden.de\/main\/wp-json\/wp\/v2\/pages\/31","targetHints":{"allow":["GET"]}}],"collection":[{"href":"https:\/\/www.zahnmedizin-verden.de\/main\/wp-json\/wp\/v2\/pages"}],"about":[{"href":"https:\/\/www.zahnmedizin-verden.de\/main\/wp-json\/wp\/v2\/types\/page"}],"author":[{"embeddable":true,"href":"https:\/\/www.zahnmedizin-verden.de\/main\/wp-json\/wp\/v2\/users\/1"}],"replies":[{"embeddable":true,"href":"https:\/\/www.zahnmedizin-verden.de\/main\/wp-json\/wp\/v2\/comments?post=31"}],"version-history":[{"count":9,"href":"https:\/\/www.zahnmedizin-verden.de\/main\/wp-json\/wp\/v2\/pages\/31\/revisions"}],"predecessor-version":[{"id":1579,"href":"https:\/\/www.zahnmedizin-verden.de\/main\/wp-json\/wp\/v2\/pages\/31\/revisions\/1579"}],"up":[{"embeddable":true,"href":"https:\/\/www.zahnmedizin-verden.de\/main\/wp-json\/wp\/v2\/pages\/228"}],"wp:featuredmedia":[{"embeddable":true,"href":"https:\/\/www.zahnmedizin-verden.de\/main\/wp-json\/wp\/v2\/media\/19"}],"wp:attachment":[{"href":"https:\/\/www.zahnmedizin-verden.de\/main\/wp-json\/wp\/v2\/media?parent=31"}],"curies":[{"name":"wp","href":"https:\/\/api.w.org\/{rel}","templated":true}]}}