{"id":317,"date":"2016-01-16T17:31:08","date_gmt":"2016-01-16T16:31:08","guid":{"rendered":"http:\/\/www.zahnmedizin-verden.de\/test\/?page_id=317"},"modified":"2023-01-05T10:30:49","modified_gmt":"2023-01-05T09:30:49","slug":"zahnarzt-martin-herlinghaus","status":"publish","type":"page","link":"https:\/\/www.zahnmedizin-verden.de\/main\/zahnarzt-martin-herlinghaus\/","title":{"rendered":"Dr. Martin Herlinghaus"},"content":{"rendered":"<p><a href=\"https:\/\/www.zahnmedizin-verden.de\/main\/wp-content\/uploads\/2018\/08\/DSC_6359-3-1024x614.jpg\"><img loading=\"lazy\" decoding=\"async\" class=\"aligncenter size-large wp-image-960\" src=\"https:\/\/www.zahnmedizin-verden.de\/main\/wp-content\/uploads\/2018\/08\/DSC_6359-3-1024x614-1024x614.jpg\" alt=\"\" width=\"640\" height=\"384\" \/><\/a><\/p>\n<ul>\n<li style=\"list-style-type: none;\">\n<ul>\n<li>Geboren\u00a0 1960 in\u00a0 Bremerhaven<\/li>\n<li>Aufgewachsen in Bremerhaven \/ Eckernf\u00f6rde \/ Neum\u00fcnster und Osterholz-Scharmbeck (OHZ)<\/li>\n<li>1977 Internatsaufenthalt in der Magdalen College School, Oxford \/ England<\/li>\n<li>1979 Abitur in OHZ<\/li>\n<li>1980-1985 Studium der Zahnheilkunde am Universit\u00e4tskrankenhaus Eppendorf in Hamburg<\/li>\n<li>1985-1987 Assistenzzeit in Hamburg bei\u00a0 Dr. Thomas Lindemann<\/li>\n<li>1985 &#8211; 1987 Promotion in Hamburg bei Prof. G\u00fclzow zum Thema Prophylaxe<\/li>\n<li>Seit 1985 verheiratet<\/li>\n<li>1986\/1987\/1997 Geburt unserer Kinder<\/li>\n<li>Seit 1985 \u00fcber 300 Fortbildungen: Schwerpunkte: Implantologie, Konservative Zahnheilkunde inkl. \u00c4sthetik, Zahnersatz, Parodontalbehandlung, Prophylaxe und alle anderen Bereiche der Zahnheilkunde<\/li>\n<li>Seit 2005 verst\u00e4rkte Fortbildung in <a href=\"http:\/\/cmd-craniomandibulaere-dysfunktion\/\">CMD (Cranio-Mandibul\u00e4re Dysfunktionen)<\/a><\/li>\n<li>1990-1994 Absolvierung diverser naturheilkundlicher Kurse: Hom\u00f6opathie, Mundakupunktur, Ohrakupunktur, Kinesiologie<\/li>\n<li>Implantologisch t\u00e4tig seit 1991 und seit 1999 zertifizierter Implantologe (erneuert 2004, 2009 und 2014)<\/li>\n<li>mehr als 30 Jahre Schwerpunktarbeit auf erhaltender Zahnmedizin<\/li>\n<li>Zahnmedizinischer Gutachter seit 1999 \/ Obergutachter Zahnersatz seit 2017<\/li>\n<li>Mitglied in diversen zahn\u00e4rztlichen Vereinigungen<\/li>\n<li>Hobbies: Tennis, Musik, Golfen (seit das Knie nicht mehr so richtig m\u00f6chte), Joggen, Radfahren bei Wind und Wetter und VW-K\u00e4fer restaurieren (in 2015 fertig)<\/li>\n<\/ul>\n<\/li>\n<\/ul>\n","protected":false},"excerpt":{"rendered":"<\/p>\n<p>Geboren\u00a0 1960 in\u00a0 Bremerhaven<br \/>\nAufgewachsen in Bremerhaven \/ Eckernf\u00f6rde \/ Neum\u00fcnster und Osterholz-Scharmbeck (OHZ)<br \/>\n1977 Internatsaufenthalt in der Magdalen College School, Oxford \/ England<br \/>\n1979 Abitur in OHZ<br \/>\n1980-1985 Studium der Zahnheilkunde am Universit\u00e4tskrankenhaus Eppendorf in Hamburg<br \/>\n1985-1987 Assistenzzeit in Hamburg bei\u00a0 Dr. Thomas Lindemann<br \/>\n1985 &#8211; 1987 Promotion in Hamburg bei Prof. G\u00fclzow zum Thema Prophylaxe<br \/>\nSeit 1985 verheiratet<br \/>\n1986\/1987\/1997 Geburt unserer Kinder<br \/>\nSeit 1985 \u00fcber 300 Fortbildungen: Schwerpunkte: Implantologie, Konservative Zahnheilkunde inkl. \u00c4sthetik, Zahnersatz, Parodontalbehandlung, Prophylaxe und alle anderen Bereiche der Zahnheilkunde<br \/>\nSeit 2005 verst\u00e4rkte Fortbildung in CMD [&#8230;]<\/p>\n","protected":false},"author":1,"featured_media":0,"parent":0,"menu_order":0,"comment_status":"closed","ping_status":"closed","template":"","meta":{"_exactmetrics_skip_tracking":false,"_exactmetrics_sitenote_active":false,"_exactmetrics_sitenote_note":"","_exactmetrics_sitenote_category":0,"footnotes":""},"class_list":["post-317","page","type-page","status-publish","hentry"],"yoast_head":"<!-- This site is optimized with the Yoast SEO plugin v19.1 - https:\/\/yoast.com\/wordpress\/plugins\/seo\/ -->\n<title>Lebenslauf Dr. Martin Herlinghaus - Zahnarztpraxis Verden<\/title>\n<meta name=\"robots\" content=\"index, follow, max-snippet:-1, max-image-preview:large, max-video-preview:-1\" \/>\n<link rel=\"canonical\" href=\"https:\/\/www.zahnmedizin-verden.de\/main\/zahnarzt-martin-herlinghaus\/\" \/>\n<meta property=\"og:locale\" content=\"de_DE\" \/>\n<meta property=\"og:type\" content=\"article\" \/>\n<meta property=\"og:title\" content=\"Lebenslauf Dr. Martin Herlinghaus - Zahnarztpraxis Verden\" \/>\n<meta property=\"og:description\" content=\"Geboren\u00a0 1960 in\u00a0 Bremerhaven Aufgewachsen in Bremerhaven \/ Eckernf\u00f6rde \/ Neum\u00fcnster und Osterholz-Scharmbeck (OHZ) 1977 Internatsaufenthalt in der Magdalen College School, Oxford \/ England 1979 Abitur in OHZ 1980-1985 Studium der Zahnheilkunde am Universit\u00e4tskrankenhaus Eppendorf in Hamburg 1985-1987 Assistenzzeit in Hamburg bei\u00a0 Dr. Thomas Lindemann 1985 &#8211; 1987 Promotion in Hamburg bei Prof. G\u00fclzow zum Thema Prophylaxe Seit 1985 verheiratet 1986\/1987\/1997 Geburt unserer Kinder Seit 1985 \u00fcber 300 Fortbildungen: Schwerpunkte: Implantologie, Konservative Zahnheilkunde inkl. \u00c4sthetik, Zahnersatz, Parodontalbehandlung, Prophylaxe und alle anderen Bereiche der Zahnheilkunde Seit 2005 verst\u00e4rkte Fortbildung in CMD [...]\" \/>\n<meta property=\"og:url\" content=\"https:\/\/www.zahnmedizin-verden.de\/main\/zahnarzt-martin-herlinghaus\/\" \/>\n<meta property=\"og:site_name\" content=\"Zahnarztpraxis Verden\" \/>\n<meta property=\"article:modified_time\" content=\"2023-01-05T09:30:49+00:00\" \/>\n<meta property=\"og:image\" content=\"https:\/\/www.zahnmedizin-verden.de\/main\/wp-content\/uploads\/2018\/08\/DSC_6359-3-1024x614-1024x614.jpg\" \/>\n<meta name=\"twitter:card\" content=\"summary\" \/>\n<meta name=\"twitter:label1\" content=\"Gesch\u00e4tzte Lesezeit\" \/>\n\t<meta name=\"twitter:data1\" content=\"1\u00a0Minute\" \/>\n<script type=\"application\/ld+json\" class=\"yoast-schema-graph\">{\"@context\":\"https:\/\/schema.org\",\"@graph\":[{\"@type\":\"WebSite\",\"@id\":\"https:\/\/www.zahnmedizin-verden.de\/main\/#website\",\"url\":\"https:\/\/www.zahnmedizin-verden.de\/main\/\",\"name\":\"Zahnarztpraxis Verden\",\"description\":\"Zahn\u00e4rzte Dr. Kristof Austein, Axel Witte &amp; Kollegen\",\"potentialAction\":[{\"@type\":\"SearchAction\",\"target\":{\"@type\":\"EntryPoint\",\"urlTemplate\":\"https:\/\/www.zahnmedizin-verden.de\/main\/?s={search_term_string}\"},\"query-input\":\"required name=search_term_string\"}],\"inLanguage\":\"de\"},{\"@type\":\"ImageObject\",\"inLanguage\":\"de\",\"@id\":\"https:\/\/www.zahnmedizin-verden.de\/main\/zahnarzt-martin-herlinghaus\/#primaryimage\",\"url\":\"https:\/\/www.zahnmedizin-verden.de\/main\/wp-content\/uploads\/2018\/08\/DSC_6359-3-1024x614-1024x614.jpg\",\"contentUrl\":\"https:\/\/www.zahnmedizin-verden.de\/main\/wp-content\/uploads\/2018\/08\/DSC_6359-3-1024x614-1024x614.jpg\"},{\"@type\":\"WebPage\",\"@id\":\"https:\/\/www.zahnmedizin-verden.de\/main\/zahnarzt-martin-herlinghaus\/#webpage\",\"url\":\"https:\/\/www.zahnmedizin-verden.de\/main\/zahnarzt-martin-herlinghaus\/\",\"name\":\"Lebenslauf Dr. Martin Herlinghaus - Zahnarztpraxis Verden\",\"isPartOf\":{\"@id\":\"https:\/\/www.zahnmedizin-verden.de\/main\/#website\"},\"primaryImageOfPage\":{\"@id\":\"https:\/\/www.zahnmedizin-verden.de\/main\/zahnarzt-martin-herlinghaus\/#primaryimage\"},\"datePublished\":\"2016-01-16T16:31:08+00:00\",\"dateModified\":\"2023-01-05T09:30:49+00:00\",\"breadcrumb\":{\"@id\":\"https:\/\/www.zahnmedizin-verden.de\/main\/zahnarzt-martin-herlinghaus\/#breadcrumb\"},\"inLanguage\":\"de\",\"potentialAction\":[{\"@type\":\"ReadAction\",\"target\":[\"https:\/\/www.zahnmedizin-verden.de\/main\/zahnarzt-martin-herlinghaus\/\"]}]},{\"@type\":\"BreadcrumbList\",\"@id\":\"https:\/\/www.zahnmedizin-verden.de\/main\/zahnarzt-martin-herlinghaus\/#breadcrumb\",\"itemListElement\":[{\"@type\":\"ListItem\",\"position\":1,\"name\":\"Home\",\"item\":\"https:\/\/www.zahnmedizin-verden.de\/main\/\"},{\"@type\":\"ListItem\",\"position\":2,\"name\":\"Dr. Martin Herlinghaus\"}]}]}<\/script>\n<!-- \/ Yoast SEO plugin. -->","yoast_head_json":{"title":"Lebenslauf Dr. Martin Herlinghaus - Zahnarztpraxis Verden","robots":{"index":"index","follow":"follow","max-snippet":"max-snippet:-1","max-image-preview":"max-image-preview:large","max-video-preview":"max-video-preview:-1"},"canonical":"https:\/\/www.zahnmedizin-verden.de\/main\/zahnarzt-martin-herlinghaus\/","og_locale":"de_DE","og_type":"article","og_title":"Lebenslauf Dr. Martin Herlinghaus - Zahnarztpraxis Verden","og_description":"Geboren\u00a0 1960 in\u00a0 Bremerhaven Aufgewachsen in Bremerhaven \/ Eckernf\u00f6rde \/ Neum\u00fcnster und Osterholz-Scharmbeck (OHZ) 1977 Internatsaufenthalt in der Magdalen College School, Oxford \/ England 1979 Abitur in OHZ 1980-1985 Studium der Zahnheilkunde am Universit\u00e4tskrankenhaus Eppendorf in Hamburg 1985-1987 Assistenzzeit in Hamburg bei\u00a0 Dr. Thomas Lindemann 1985 &#8211; 1987 Promotion in Hamburg bei Prof. G\u00fclzow zum Thema Prophylaxe Seit 1985 verheiratet 1986\/1987\/1997 Geburt unserer Kinder Seit 1985 \u00fcber 300 Fortbildungen: Schwerpunkte: Implantologie, Konservative Zahnheilkunde inkl. \u00c4sthetik, Zahnersatz, Parodontalbehandlung, Prophylaxe und alle anderen Bereiche der Zahnheilkunde Seit 2005 verst\u00e4rkte Fortbildung in CMD [...]","og_url":"https:\/\/www.zahnmedizin-verden.de\/main\/zahnarzt-martin-herlinghaus\/","og_site_name":"Zahnarztpraxis Verden","article_modified_time":"2023-01-05T09:30:49+00:00","og_image":[{"url":"https:\/\/www.zahnmedizin-verden.de\/main\/wp-content\/uploads\/2018\/08\/DSC_6359-3-1024x614-1024x614.jpg"}],"twitter_card":"summary","twitter_misc":{"Gesch\u00e4tzte Lesezeit":"1\u00a0Minute"},"schema":{"@context":"https:\/\/schema.org","@graph":[{"@type":"WebSite","@id":"https:\/\/www.zahnmedizin-verden.de\/main\/#website","url":"https:\/\/www.zahnmedizin-verden.de\/main\/","name":"Zahnarztpraxis Verden","description":"Zahn\u00e4rzte Dr. Kristof Austein, Axel Witte &amp; Kollegen","potentialAction":[{"@type":"SearchAction","target":{"@type":"EntryPoint","urlTemplate":"https:\/\/www.zahnmedizin-verden.de\/main\/?s={search_term_string}"},"query-input":"required name=search_term_string"}],"inLanguage":"de"},{"@type":"ImageObject","inLanguage":"de","@id":"https:\/\/www.zahnmedizin-verden.de\/main\/zahnarzt-martin-herlinghaus\/#primaryimage","url":"https:\/\/www.zahnmedizin-verden.de\/main\/wp-content\/uploads\/2018\/08\/DSC_6359-3-1024x614-1024x614.jpg","contentUrl":"https:\/\/www.zahnmedizin-verden.de\/main\/wp-content\/uploads\/2018\/08\/DSC_6359-3-1024x614-1024x614.jpg"},{"@type":"WebPage","@id":"https:\/\/www.zahnmedizin-verden.de\/main\/zahnarzt-martin-herlinghaus\/#webpage","url":"https:\/\/www.zahnmedizin-verden.de\/main\/zahnarzt-martin-herlinghaus\/","name":"Lebenslauf Dr. Martin Herlinghaus - Zahnarztpraxis Verden","isPartOf":{"@id":"https:\/\/www.zahnmedizin-verden.de\/main\/#website"},"primaryImageOfPage":{"@id":"https:\/\/www.zahnmedizin-verden.de\/main\/zahnarzt-martin-herlinghaus\/#primaryimage"},"datePublished":"2016-01-16T16:31:08+00:00","dateModified":"2023-01-05T09:30:49+00:00","breadcrumb":{"@id":"https:\/\/www.zahnmedizin-verden.de\/main\/zahnarzt-martin-herlinghaus\/#breadcrumb"},"inLanguage":"de","potentialAction":[{"@type":"ReadAction","target":["https:\/\/www.zahnmedizin-verden.de\/main\/zahnarzt-martin-herlinghaus\/"]}]},{"@type":"BreadcrumbList","@id":"https:\/\/www.zahnmedizin-verden.de\/main\/zahnarzt-martin-herlinghaus\/#breadcrumb","itemListElement":[{"@type":"ListItem","position":1,"name":"Home","item":"https:\/\/www.zahnmedizin-verden.de\/main\/"},{"@type":"ListItem","position":2,"name":"Dr. Martin Herlinghaus"}]}]}},"_links":{"self":[{"href":"https:\/\/www.zahnmedizin-verden.de\/main\/wp-json\/wp\/v2\/pages\/317","targetHints":{"allow":["GET"]}}],"collection":[{"href":"https:\/\/www.zahnmedizin-verden.de\/main\/wp-json\/wp\/v2\/pages"}],"about":[{"href":"https:\/\/www.zahnmedizin-verden.de\/main\/wp-json\/wp\/v2\/types\/page"}],"author":[{"embeddable":true,"href":"https:\/\/www.zahnmedizin-verden.de\/main\/wp-json\/wp\/v2\/users\/1"}],"replies":[{"embeddable":true,"href":"https:\/\/www.zahnmedizin-verden.de\/main\/wp-json\/wp\/v2\/comments?post=317"}],"version-history":[{"count":14,"href":"https:\/\/www.zahnmedizin-verden.de\/main\/wp-json\/wp\/v2\/pages\/317\/revisions"}],"predecessor-version":[{"id":1523,"href":"https:\/\/www.zahnmedizin-verden.de\/main\/wp-json\/wp\/v2\/pages\/317\/revisions\/1523"}],"wp:attachment":[{"href":"https:\/\/www.zahnmedizin-verden.de\/main\/wp-json\/wp\/v2\/media?parent=317"}],"curies":[{"name":"wp","href":"https:\/\/api.w.org\/{rel}","templated":true}]}}