{"id":36,"date":"2010-10-20T16:04:13","date_gmt":"2010-10-20T14:04:13","guid":{"rendered":"http:\/\/www.zahnmedizin-verden.de\/test\/2010\/10\/20\/pro\/"},"modified":"2018-08-26T15:57:46","modified_gmt":"2018-08-26T13:57:46","slug":"prophylaxe","status":"publish","type":"page","link":"https:\/\/www.zahnmedizin-verden.de\/main\/leistungen\/prophylaxe\/","title":{"rendered":"Prophylaxe"},"content":{"rendered":"<h2 style=\"text-align: left;\">Prophylaxe (professionelle Zahnreinigung) &#8211; Was ist das?<\/h2>\n<p style=\"text-align: left;\"><a href=\"https:\/\/www.zahnmedizin-verden.de\/main\/wp-content\/uploads\/2018\/08\/dental-148045_1280.png\"><img loading=\"lazy\" decoding=\"async\" class=\"alignleft wp-image-991\" src=\"https:\/\/www.zahnmedizin-verden.de\/main\/wp-content\/uploads\/2018\/08\/dental-148045_1280-1024x976.png\" alt=\"\" width=\"172\" height=\"164\" srcset=\"https:\/\/www.zahnmedizin-verden.de\/main\/wp-content\/uploads\/2018\/08\/dental-148045_1280-1024x976.png 1024w, https:\/\/www.zahnmedizin-verden.de\/main\/wp-content\/uploads\/2018\/08\/dental-148045_1280-300x286.png 300w, https:\/\/www.zahnmedizin-verden.de\/main\/wp-content\/uploads\/2018\/08\/dental-148045_1280-768x732.png 768w, https:\/\/www.zahnmedizin-verden.de\/main\/wp-content\/uploads\/2018\/08\/dental-148045_1280.png 1280w\" sizes=\"auto, (max-width: 172px) 100vw, 172px\" \/><\/a>Prophylaxe bezeichnet die gr\u00fcndliche Reinigung der Z\u00e4hne, der F\u00fcllungen und Kronenr\u00e4nder sowie der erreichbaren Wurzeloberfl\u00e4chen. Dabei werden harte und weiche Zahnbel\u00e4ge wie Zahnstein, Nikotin- und Rotweinbel\u00e4ge sowie andere Verf\u00e4rbungen mit speziellen Pasten und Ger\u00e4ten entfernt.<\/p>\n<p style=\"text-align: left;\">Eine professionelle Zahnreinigung wird von speziell geschultem Personal f\u00fcr Prophylaxe und Dentalhygiene durchgef\u00fchrt.<\/p>\n<p style=\"text-align: left;\">Die Individualprophylaxe hilft, die Sch\u00f6nheit Ihrer Z\u00e4hne zu erhalten. Regelm\u00e4\u00dfige vorbeugende Behandlungen k\u00f6nnen Krankheiten vermeiden sowie teure und unangenehme Behandlungen ersparen.<\/p>\n<p>Denken Sie daran: Je besser Sie sich um Ihre Z\u00e4hne k\u00fcmmern, desto weniger Behandlungen fallen sp\u00e4ter an. Dabei geht es nicht darum, teure Pflegeprodukte zu verwenden oder sehr viel Zeit in die Pflege der Z\u00e4hne zu investieren. Es reicht in der Regel, die nachfolgenden Regeln einzuhalten.<\/p>\n<h3><strong>So pflegen Sie Ihre Z\u00e4hne &amp; k\u00f6nnen helfen, teure Zahnarztrechnungen zu vermeiden:<\/strong><\/h3>\n<ol>\n<li>Regelm\u00e4\u00dfiges Z\u00e4hneputzen (2-3 mal t\u00e4glich)<\/li>\n<li>t\u00e4glich Zahnseide nutzen<\/li>\n<li>Prophylaxe (j\u00e4hrlich)<\/li>\n<\/ol>\n<p>Es h\u00f6rt sich vielleicht banal an, aber wenn Sie diese t\u00e4gliche Routine einhalten, haben Sie schon einen wichtigen Beitrag zum Erhalt Ihrer Z\u00e4hne geleistet. Nat\u00fcrlich k\u00f6nnen individuelle zus\u00e4tzliche Faktoren hinzukommen (z.B. sch\u00e4dliche Einfl\u00fcsse wie Rauchen, genetische Veranlagung), aber diese drei einfachen Ma\u00dfnahmen bilden eine wichtige Grundlage f\u00fcr Ihre Zahngesundheit.<\/p>\n<h2 style=\"text-align: left;\">Wie wird Prophylaxe in unserer Praxis durchgef\u00fchrt?<\/h2>\n<p style=\"text-align: left;\">Unsere Prophylaxeabteilung besteht seit mehr als 20 Jahren und die\u00a0Gesundheit Ihrer Z\u00e4hne ist unser Hauptziel. Die Reinigung der Z\u00e4hne wird durch unsere geschulten Prophylaxeassistentinnen durchgef\u00fchrt. Spezielle Instrumente helfen, weiche Bel\u00e4ge und Verf\u00e4rbungen auf den Zahnoberfl\u00e4chen zu entfernt.\u00a0Mit Spezialinstrumenten werden dabei auch solche Stellen erreicht, die bei der eigenen Mundpflege nicht oder nur schwer zug\u00e4nglich sind &#8211; so k\u00f6nnen wir auch die Zahnzwischenr\u00e4ume und Zahnfleischtaschen schonend und gr\u00fcndlich gereinigen.<\/p>\n<p style=\"text-align: left;\">Tee, Kaffee oder Zigarettenkonsum f\u00fchren zu braunen Verf\u00e4rbungen, die mit dem Einsatz eines Pulverstrahlger\u00e4tes verschwinden.<\/p>\n<p style=\"text-align: left;\">Anschlie\u00dfend folgt die Politur der Z\u00e4hne. Durch diese Gl\u00e4ttung rauer Stellen, wird die Neuansiedlung von Bel\u00e4gen gehemmt.<\/p>\n<p style=\"text-align: left;\">Abschlie\u00dfend erfolgt ein Schutz mit Fluorid- Lack, so dass Mundbakterien keine Chance mehr haben, S\u00e4ureattacken durchzuf\u00fchren. Fluorid hemmt den Verlust von Mineralien aus dem Zahnschmelz. Auf diese Weise wird er widerstandsf\u00e4higer gegen S\u00e4ureangriffe. Das Fluoridieren dient so in erster Linie der Kariesprophylaxe.<\/p>\n<p>Auf Ihre individuellen Bed\u00fcrfnisse abgestimmt, k\u00f6nnen wir Ihnen eine ganze Reihe von Vorsorge(Leistungen) anbieten.<\/p>\n<p><a href=\"https:\/\/www.zahnmedizin-verden.de\/main\/wp-content\/uploads\/2018\/08\/DSC_6443-1024x683-2.jpg\"><img loading=\"lazy\" decoding=\"async\" class=\"alignleft wp-image-996\" src=\"https:\/\/www.zahnmedizin-verden.de\/main\/wp-content\/uploads\/2018\/08\/DSC_6443-1024x683-2.jpg\" alt=\"\" width=\"196\" height=\"254\" srcset=\"https:\/\/www.zahnmedizin-verden.de\/main\/wp-content\/uploads\/2018\/08\/DSC_6443-1024x683-2.jpg 527w, https:\/\/www.zahnmedizin-verden.de\/main\/wp-content\/uploads\/2018\/08\/DSC_6443-1024x683-2-232x300.jpg 232w\" sizes=\"auto, (max-width: 196px) 100vw, 196px\" \/><\/a><\/p>\n<ul>\n<li>Professionelle Zahnreinigung<\/li>\n<li>Mundhygieneunterweisung<\/li>\n<li>Beseitigung von Mundgeruch<\/li>\n<li>Fissurenversiegelung<\/li>\n<li>Bakteriologische Keimaustestung<\/li>\n<li>Ern\u00e4hrungsberatung<\/li>\n<li>Fluoridierungsschienen und Applikation von Fluorlacken<\/li>\n<li>Laserschontherapie<\/li>\n<li>Amalgamsanierung<\/li>\n<li>Behandlung von Parodontose<\/li>\n<li>Beaching (Aufhellen der Z\u00e4hne)<\/li>\n<li style=\"list-style-type: none;\"><\/li>\n<\/ul>\n<p>Sie k\u00f6nnen Pflegeartikel au\u00dferdem zum Selbstkostenpreis bei uns erwerben.<\/p>\n<p><h3 style=\"text-align: left;\"><strong>Was kostet die professionelle Zahnreinigung?<\/strong><\/h3>\n<p style=\"text-align: left;\">Nachdem wir die Preise f\u00fcr die professionelle Zahnreinigung \u00fcber Jahre stabil halten konnten, mussten wir zum 01.08.2018 eine Preisanpassung vornehmen. Die professionelle Zahnreinigung kostet bei uns je nach Umfang ab 100,- Euro. Wir erkl\u00e4ren Ihnen gerne welche Leistungen enthalten sind. Beachten Sie auch, dass <strong>vielen gesetzliche Krankenkassen die professionelle Zahnreinigung finanziell unterst\u00fctzen.<\/strong><\/p>\n<p style=\"text-align: left;\">\n","protected":false},"excerpt":{"rendered":"<p>Prophylaxe (professionelle Zahnreinigung) &#8211; Was ist das?<\/p>\n<p style=\"text-align: left;\">Prophylaxe bezeichnet die gr\u00fcndliche Reinigung der Z\u00e4hne, der F\u00fcllungen und Kronenr\u00e4nder sowie der erreichbaren Wurzeloberfl\u00e4chen. Dabei werden harte und weiche Zahnbel\u00e4ge wie Zahnstein, Nikotin- und Rotweinbel\u00e4ge sowie andere Verf\u00e4rbungen mit speziellen Pasten und Ger\u00e4ten entfernt.<\/p>\n<p style=\"text-align: left;\">Eine professionelle Zahnreinigung wird von speziell geschultem Personal f\u00fcr Prophylaxe und Dentalhygiene durchgef\u00fchrt.<\/p>\n<p style=\"text-align: left;\">Die Individualprophylaxe hilft, die Sch\u00f6nheit Ihrer Z\u00e4hne zu erhalten. Regelm\u00e4\u00dfige vorbeugende Behandlungen k\u00f6nnen Krankheiten vermeiden sowie teure und unangenehme Behandlungen ersparen.<\/p>\n<p>Denken Sie [&#8230;]<\/p>\n","protected":false},"author":1,"featured_media":0,"parent":228,"menu_order":13,"comment_status":"closed","ping_status":"closed","template":"","meta":{"_exactmetrics_skip_tracking":false,"_exactmetrics_sitenote_active":false,"_exactmetrics_sitenote_note":"","_exactmetrics_sitenote_category":0,"footnotes":""},"class_list":["post-36","page","type-page","status-publish","hentry"],"yoast_head":"<!-- This site is optimized with the Yoast SEO plugin v19.1 - https:\/\/yoast.com\/wordpress\/plugins\/seo\/ -->\n<title>Prophylaxe - Zahnarztpraxis Verden<\/title>\n<meta name=\"robots\" content=\"index, follow, max-snippet:-1, max-image-preview:large, max-video-preview:-1\" \/>\n<link rel=\"canonical\" href=\"https:\/\/www.zahnmedizin-verden.de\/main\/leistungen\/prophylaxe\/\" \/>\n<meta property=\"og:locale\" content=\"de_DE\" \/>\n<meta property=\"og:type\" content=\"article\" \/>\n<meta property=\"og:title\" content=\"Prophylaxe - Zahnarztpraxis Verden\" \/>\n<meta property=\"og:description\" content=\"Prophylaxe (professionelle Zahnreinigung) &#8211; Was ist das? Prophylaxe bezeichnet die gr\u00fcndliche Reinigung der Z\u00e4hne, der F\u00fcllungen und Kronenr\u00e4nder sowie der erreichbaren Wurzeloberfl\u00e4chen. Dabei werden harte und weiche Zahnbel\u00e4ge wie Zahnstein, Nikotin- und Rotweinbel\u00e4ge sowie andere Verf\u00e4rbungen mit speziellen Pasten und Ger\u00e4ten entfernt. Eine professionelle Zahnreinigung wird von speziell geschultem Personal f\u00fcr Prophylaxe und Dentalhygiene durchgef\u00fchrt. Die Individualprophylaxe hilft, die Sch\u00f6nheit Ihrer Z\u00e4hne zu erhalten. Regelm\u00e4\u00dfige vorbeugende Behandlungen k\u00f6nnen Krankheiten vermeiden sowie teure und unangenehme Behandlungen ersparen. Denken Sie [...]\" \/>\n<meta property=\"og:url\" content=\"https:\/\/www.zahnmedizin-verden.de\/main\/leistungen\/prophylaxe\/\" \/>\n<meta property=\"og:site_name\" content=\"Zahnarztpraxis Verden\" \/>\n<meta property=\"article:modified_time\" content=\"2018-08-26T13:57:46+00:00\" \/>\n<meta property=\"og:image\" content=\"https:\/\/www.zahnmedizin-verden.de\/main\/wp-content\/uploads\/2018\/08\/dental-148045_1280-1024x976.png\" \/>\n<meta name=\"twitter:card\" content=\"summary\" \/>\n<meta name=\"twitter:label1\" content=\"Gesch\u00e4tzte Lesezeit\" \/>\n\t<meta name=\"twitter:data1\" content=\"3\u00a0Minuten\" \/>\n<script type=\"application\/ld+json\" class=\"yoast-schema-graph\">{\"@context\":\"https:\/\/schema.org\",\"@graph\":[{\"@type\":\"WebSite\",\"@id\":\"https:\/\/www.zahnmedizin-verden.de\/main\/#website\",\"url\":\"https:\/\/www.zahnmedizin-verden.de\/main\/\",\"name\":\"Zahnarztpraxis Verden\",\"description\":\"Zahn\u00e4rzte Dr. Kristof Austein, Axel Witte &amp; Kollegen\",\"potentialAction\":[{\"@type\":\"SearchAction\",\"target\":{\"@type\":\"EntryPoint\",\"urlTemplate\":\"https:\/\/www.zahnmedizin-verden.de\/main\/?s={search_term_string}\"},\"query-input\":\"required name=search_term_string\"}],\"inLanguage\":\"de\"},{\"@type\":\"ImageObject\",\"inLanguage\":\"de\",\"@id\":\"https:\/\/www.zahnmedizin-verden.de\/main\/leistungen\/prophylaxe\/#primaryimage\",\"url\":\"https:\/\/www.zahnmedizin-verden.de\/main\/wp-content\/uploads\/2018\/08\/dental-148045_1280.png\",\"contentUrl\":\"https:\/\/www.zahnmedizin-verden.de\/main\/wp-content\/uploads\/2018\/08\/dental-148045_1280.png\",\"width\":1280,\"height\":1220},{\"@type\":\"WebPage\",\"@id\":\"https:\/\/www.zahnmedizin-verden.de\/main\/leistungen\/prophylaxe\/#webpage\",\"url\":\"https:\/\/www.zahnmedizin-verden.de\/main\/leistungen\/prophylaxe\/\",\"name\":\"Prophylaxe - Zahnarztpraxis Verden\",\"isPartOf\":{\"@id\":\"https:\/\/www.zahnmedizin-verden.de\/main\/#website\"},\"primaryImageOfPage\":{\"@id\":\"https:\/\/www.zahnmedizin-verden.de\/main\/leistungen\/prophylaxe\/#primaryimage\"},\"datePublished\":\"2010-10-20T14:04:13+00:00\",\"dateModified\":\"2018-08-26T13:57:46+00:00\",\"breadcrumb\":{\"@id\":\"https:\/\/www.zahnmedizin-verden.de\/main\/leistungen\/prophylaxe\/#breadcrumb\"},\"inLanguage\":\"de\",\"potentialAction\":[{\"@type\":\"ReadAction\",\"target\":[\"https:\/\/www.zahnmedizin-verden.de\/main\/leistungen\/prophylaxe\/\"]}]},{\"@type\":\"BreadcrumbList\",\"@id\":\"https:\/\/www.zahnmedizin-verden.de\/main\/leistungen\/prophylaxe\/#breadcrumb\",\"itemListElement\":[{\"@type\":\"ListItem\",\"position\":1,\"name\":\"Home\",\"item\":\"https:\/\/www.zahnmedizin-verden.de\/main\/\"},{\"@type\":\"ListItem\",\"position\":2,\"name\":\"Unsere Leistungen\",\"item\":\"https:\/\/www.zahnmedizin-verden.de\/main\/leistungen\/\"},{\"@type\":\"ListItem\",\"position\":3,\"name\":\"Prophylaxe\"}]}]}<\/script>\n<!-- \/ Yoast SEO plugin. -->","yoast_head_json":{"title":"Prophylaxe - Zahnarztpraxis Verden","robots":{"index":"index","follow":"follow","max-snippet":"max-snippet:-1","max-image-preview":"max-image-preview:large","max-video-preview":"max-video-preview:-1"},"canonical":"https:\/\/www.zahnmedizin-verden.de\/main\/leistungen\/prophylaxe\/","og_locale":"de_DE","og_type":"article","og_title":"Prophylaxe - Zahnarztpraxis Verden","og_description":"Prophylaxe (professionelle Zahnreinigung) &#8211; Was ist das? Prophylaxe bezeichnet die gr\u00fcndliche Reinigung der Z\u00e4hne, der F\u00fcllungen und Kronenr\u00e4nder sowie der erreichbaren Wurzeloberfl\u00e4chen. Dabei werden harte und weiche Zahnbel\u00e4ge wie Zahnstein, Nikotin- und Rotweinbel\u00e4ge sowie andere Verf\u00e4rbungen mit speziellen Pasten und Ger\u00e4ten entfernt. Eine professionelle Zahnreinigung wird von speziell geschultem Personal f\u00fcr Prophylaxe und Dentalhygiene durchgef\u00fchrt. Die Individualprophylaxe hilft, die Sch\u00f6nheit Ihrer Z\u00e4hne zu erhalten. Regelm\u00e4\u00dfige vorbeugende Behandlungen k\u00f6nnen Krankheiten vermeiden sowie teure und unangenehme Behandlungen ersparen. Denken Sie [...]","og_url":"https:\/\/www.zahnmedizin-verden.de\/main\/leistungen\/prophylaxe\/","og_site_name":"Zahnarztpraxis Verden","article_modified_time":"2018-08-26T13:57:46+00:00","og_image":[{"url":"https:\/\/www.zahnmedizin-verden.de\/main\/wp-content\/uploads\/2018\/08\/dental-148045_1280-1024x976.png"}],"twitter_card":"summary","twitter_misc":{"Gesch\u00e4tzte Lesezeit":"3\u00a0Minuten"},"schema":{"@context":"https:\/\/schema.org","@graph":[{"@type":"WebSite","@id":"https:\/\/www.zahnmedizin-verden.de\/main\/#website","url":"https:\/\/www.zahnmedizin-verden.de\/main\/","name":"Zahnarztpraxis Verden","description":"Zahn\u00e4rzte Dr. Kristof Austein, Axel Witte &amp; Kollegen","potentialAction":[{"@type":"SearchAction","target":{"@type":"EntryPoint","urlTemplate":"https:\/\/www.zahnmedizin-verden.de\/main\/?s={search_term_string}"},"query-input":"required name=search_term_string"}],"inLanguage":"de"},{"@type":"ImageObject","inLanguage":"de","@id":"https:\/\/www.zahnmedizin-verden.de\/main\/leistungen\/prophylaxe\/#primaryimage","url":"https:\/\/www.zahnmedizin-verden.de\/main\/wp-content\/uploads\/2018\/08\/dental-148045_1280.png","contentUrl":"https:\/\/www.zahnmedizin-verden.de\/main\/wp-content\/uploads\/2018\/08\/dental-148045_1280.png","width":1280,"height":1220},{"@type":"WebPage","@id":"https:\/\/www.zahnmedizin-verden.de\/main\/leistungen\/prophylaxe\/#webpage","url":"https:\/\/www.zahnmedizin-verden.de\/main\/leistungen\/prophylaxe\/","name":"Prophylaxe - Zahnarztpraxis Verden","isPartOf":{"@id":"https:\/\/www.zahnmedizin-verden.de\/main\/#website"},"primaryImageOfPage":{"@id":"https:\/\/www.zahnmedizin-verden.de\/main\/leistungen\/prophylaxe\/#primaryimage"},"datePublished":"2010-10-20T14:04:13+00:00","dateModified":"2018-08-26T13:57:46+00:00","breadcrumb":{"@id":"https:\/\/www.zahnmedizin-verden.de\/main\/leistungen\/prophylaxe\/#breadcrumb"},"inLanguage":"de","potentialAction":[{"@type":"ReadAction","target":["https:\/\/www.zahnmedizin-verden.de\/main\/leistungen\/prophylaxe\/"]}]},{"@type":"BreadcrumbList","@id":"https:\/\/www.zahnmedizin-verden.de\/main\/leistungen\/prophylaxe\/#breadcrumb","itemListElement":[{"@type":"ListItem","position":1,"name":"Home","item":"https:\/\/www.zahnmedizin-verden.de\/main\/"},{"@type":"ListItem","position":2,"name":"Unsere Leistungen","item":"https:\/\/www.zahnmedizin-verden.de\/main\/leistungen\/"},{"@type":"ListItem","position":3,"name":"Prophylaxe"}]}]}},"_links":{"self":[{"href":"https:\/\/www.zahnmedizin-verden.de\/main\/wp-json\/wp\/v2\/pages\/36","targetHints":{"allow":["GET"]}}],"collection":[{"href":"https:\/\/www.zahnmedizin-verden.de\/main\/wp-json\/wp\/v2\/pages"}],"about":[{"href":"https:\/\/www.zahnmedizin-verden.de\/main\/wp-json\/wp\/v2\/types\/page"}],"author":[{"embeddable":true,"href":"https:\/\/www.zahnmedizin-verden.de\/main\/wp-json\/wp\/v2\/users\/1"}],"replies":[{"embeddable":true,"href":"https:\/\/www.zahnmedizin-verden.de\/main\/wp-json\/wp\/v2\/comments?post=36"}],"version-history":[{"count":24,"href":"https:\/\/www.zahnmedizin-verden.de\/main\/wp-json\/wp\/v2\/pages\/36\/revisions"}],"predecessor-version":[{"id":1004,"href":"https:\/\/www.zahnmedizin-verden.de\/main\/wp-json\/wp\/v2\/pages\/36\/revisions\/1004"}],"up":[{"embeddable":true,"href":"https:\/\/www.zahnmedizin-verden.de\/main\/wp-json\/wp\/v2\/pages\/228"}],"wp:attachment":[{"href":"https:\/\/www.zahnmedizin-verden.de\/main\/wp-json\/wp\/v2\/media?parent=36"}],"curies":[{"name":"wp","href":"https:\/\/api.w.org\/{rel}","templated":true}]}}