{"id":37,"date":"2010-10-20T16:05:02","date_gmt":"2010-10-20T14:05:02","guid":{"rendered":"http:\/\/www.zahnmedizin-verden.de\/test\/2010\/10\/20\/kub\/"},"modified":"2018-05-01T12:29:00","modified_gmt":"2018-05-01T10:29:00","slug":"zahnersatz","status":"publish","type":"page","link":"https:\/\/www.zahnmedizin-verden.de\/main\/leistungen\/zahnersatz\/","title":{"rendered":"Zahnersatz"},"content":{"rendered":"<p>Wenn Z\u00e4hne stark besch\u00e4digt sind z.B. durch Karies oder durch sehr gro\u00dfe F\u00fcllungen instabil geworden sind, m\u00fcssen zu ihrem Erhalt Kronen angefertigt werden. Hierzu wird ein Zahn beschliffen, d.h. rundherum ca. 1,2mm gek\u00fcrzt, dann wird ein Abdruck genommen und der Patient bekommt f\u00fcr ca. 8-10 Arbeitstage ein Provisorium. In dieser Zeit wird vom Zahntechniker der Zahnersatz hergestellt.<\/p>\n<p>Je nach belieben kann diese Krone\/ Br\u00fccke zahnfarbend in Vollkeramik , Empress\/ Procera\/ Zirbonoxid, als Verblend- Metall- Keramik oder in Gold hergestellt werden\u2026<\/p>\n<p>Bei einer Wurzelbehandlung, die laserunterst\u00fctzt durchgef\u00fchrt wird, wird eine deutlich geringere Keimanzahl erreicht. Ein weiterer Pluspunkt ist die schnellere Wundheilung nach chirurgischen Eingriffen.<\/p>\n","protected":false},"excerpt":{"rendered":"<p>Wenn Z\u00e4hne stark besch\u00e4digt sind z.B. durch Karies oder durch sehr gro\u00dfe F\u00fcllungen instabil geworden sind, m\u00fcssen zu ihrem Erhalt Kronen angefertigt werden. Hierzu wird ein Zahn beschliffen, d.h. rundherum ca. 1,2mm gek\u00fcrzt, dann wird ein Abdruck genommen und der Patient bekommt f\u00fcr ca. 8-10 Arbeitstage ein Provisorium. In dieser Zeit wird vom Zahntechniker der Zahnersatz hergestellt.<\/p>\n<p>Je nach belieben kann diese Krone\/ Br\u00fccke zahnfarbend in Vollkeramik , Empress\/ Procera\/ Zirbonoxid, als Verblend- Metall- Keramik oder in Gold hergestellt werden\u2026<\/p>\n<p>Bei einer [&#8230;]<\/p>\n","protected":false},"author":1,"featured_media":19,"parent":228,"menu_order":12,"comment_status":"closed","ping_status":"closed","template":"","meta":{"_exactmetrics_skip_tracking":false,"_exactmetrics_sitenote_active":false,"_exactmetrics_sitenote_note":"","_exactmetrics_sitenote_category":0,"footnotes":""},"class_list":["post-37","page","type-page","status-publish","has-post-thumbnail","hentry"],"yoast_head":"<!-- This site is optimized with the Yoast SEO plugin v19.1 - https:\/\/yoast.com\/wordpress\/plugins\/seo\/ -->\n<title>Zahnersatz - Zahnarztpraxis Verden<\/title>\n<meta name=\"robots\" content=\"index, follow, max-snippet:-1, max-image-preview:large, max-video-preview:-1\" \/>\n<link rel=\"canonical\" href=\"https:\/\/www.zahnmedizin-verden.de\/main\/leistungen\/zahnersatz\/\" \/>\n<meta property=\"og:locale\" content=\"de_DE\" \/>\n<meta property=\"og:type\" content=\"article\" \/>\n<meta property=\"og:title\" content=\"Zahnersatz - Zahnarztpraxis Verden\" \/>\n<meta property=\"og:description\" content=\"Wenn Z\u00e4hne stark besch\u00e4digt sind z.B. durch Karies oder durch sehr gro\u00dfe F\u00fcllungen instabil geworden sind, m\u00fcssen zu ihrem Erhalt Kronen angefertigt werden. Hierzu wird ein Zahn beschliffen, d.h. rundherum ca. 1,2mm gek\u00fcrzt, dann wird ein Abdruck genommen und der Patient bekommt f\u00fcr ca. 8-10 Arbeitstage ein Provisorium. In dieser Zeit wird vom Zahntechniker der Zahnersatz hergestellt. Je nach belieben kann diese Krone\/ Br\u00fccke zahnfarbend in Vollkeramik , Empress\/ Procera\/ Zirbonoxid, als Verblend- Metall- Keramik oder in Gold hergestellt werden\u2026 Bei einer [...]\" \/>\n<meta property=\"og:url\" content=\"https:\/\/www.zahnmedizin-verden.de\/main\/leistungen\/zahnersatz\/\" \/>\n<meta property=\"og:site_name\" content=\"Zahnarztpraxis Verden\" \/>\n<meta property=\"article:modified_time\" content=\"2018-05-01T10:29:00+00:00\" \/>\n<meta property=\"og:image\" content=\"https:\/\/www.zahnmedizin-verden.de\/main\/wp-content\/uploads\/2010\/09\/punkt1x1_gruen.gif\" \/>\n\t<meta property=\"og:image:width\" content=\"1\" \/>\n\t<meta property=\"og:image:height\" content=\"1\" \/>\n\t<meta property=\"og:image:type\" content=\"image\/gif\" \/>\n<meta name=\"twitter:card\" content=\"summary\" \/>\n<meta name=\"twitter:label1\" content=\"Gesch\u00e4tzte Lesezeit\" \/>\n\t<meta name=\"twitter:data1\" content=\"1\u00a0Minute\" \/>\n<script type=\"application\/ld+json\" class=\"yoast-schema-graph\">{\"@context\":\"https:\/\/schema.org\",\"@graph\":[{\"@type\":\"WebSite\",\"@id\":\"https:\/\/www.zahnmedizin-verden.de\/main\/#website\",\"url\":\"https:\/\/www.zahnmedizin-verden.de\/main\/\",\"name\":\"Zahnarztpraxis Verden\",\"description\":\"Zahn\u00e4rzte Dr. Kristof Austein, Axel Witte &amp; Kollegen\",\"potentialAction\":[{\"@type\":\"SearchAction\",\"target\":{\"@type\":\"EntryPoint\",\"urlTemplate\":\"https:\/\/www.zahnmedizin-verden.de\/main\/?s={search_term_string}\"},\"query-input\":\"required name=search_term_string\"}],\"inLanguage\":\"de\"},{\"@type\":\"ImageObject\",\"inLanguage\":\"de\",\"@id\":\"https:\/\/www.zahnmedizin-verden.de\/main\/leistungen\/zahnersatz\/#primaryimage\",\"url\":\"https:\/\/www.zahnmedizin-verden.de\/main\/wp-content\/uploads\/2010\/09\/punkt1x1_gruen.gif\",\"contentUrl\":\"https:\/\/www.zahnmedizin-verden.de\/main\/wp-content\/uploads\/2010\/09\/punkt1x1_gruen.gif\",\"width\":1,\"height\":1},{\"@type\":\"WebPage\",\"@id\":\"https:\/\/www.zahnmedizin-verden.de\/main\/leistungen\/zahnersatz\/#webpage\",\"url\":\"https:\/\/www.zahnmedizin-verden.de\/main\/leistungen\/zahnersatz\/\",\"name\":\"Zahnersatz - Zahnarztpraxis Verden\",\"isPartOf\":{\"@id\":\"https:\/\/www.zahnmedizin-verden.de\/main\/#website\"},\"primaryImageOfPage\":{\"@id\":\"https:\/\/www.zahnmedizin-verden.de\/main\/leistungen\/zahnersatz\/#primaryimage\"},\"datePublished\":\"2010-10-20T14:05:02+00:00\",\"dateModified\":\"2018-05-01T10:29:00+00:00\",\"breadcrumb\":{\"@id\":\"https:\/\/www.zahnmedizin-verden.de\/main\/leistungen\/zahnersatz\/#breadcrumb\"},\"inLanguage\":\"de\",\"potentialAction\":[{\"@type\":\"ReadAction\",\"target\":[\"https:\/\/www.zahnmedizin-verden.de\/main\/leistungen\/zahnersatz\/\"]}]},{\"@type\":\"BreadcrumbList\",\"@id\":\"https:\/\/www.zahnmedizin-verden.de\/main\/leistungen\/zahnersatz\/#breadcrumb\",\"itemListElement\":[{\"@type\":\"ListItem\",\"position\":1,\"name\":\"Home\",\"item\":\"https:\/\/www.zahnmedizin-verden.de\/main\/\"},{\"@type\":\"ListItem\",\"position\":2,\"name\":\"Unsere Leistungen\",\"item\":\"https:\/\/www.zahnmedizin-verden.de\/main\/leistungen\/\"},{\"@type\":\"ListItem\",\"position\":3,\"name\":\"Zahnersatz\"}]}]}<\/script>\n<!-- \/ Yoast SEO plugin. -->","yoast_head_json":{"title":"Zahnersatz - Zahnarztpraxis Verden","robots":{"index":"index","follow":"follow","max-snippet":"max-snippet:-1","max-image-preview":"max-image-preview:large","max-video-preview":"max-video-preview:-1"},"canonical":"https:\/\/www.zahnmedizin-verden.de\/main\/leistungen\/zahnersatz\/","og_locale":"de_DE","og_type":"article","og_title":"Zahnersatz - Zahnarztpraxis Verden","og_description":"Wenn Z\u00e4hne stark besch\u00e4digt sind z.B. durch Karies oder durch sehr gro\u00dfe F\u00fcllungen instabil geworden sind, m\u00fcssen zu ihrem Erhalt Kronen angefertigt werden. Hierzu wird ein Zahn beschliffen, d.h. rundherum ca. 1,2mm gek\u00fcrzt, dann wird ein Abdruck genommen und der Patient bekommt f\u00fcr ca. 8-10 Arbeitstage ein Provisorium. In dieser Zeit wird vom Zahntechniker der Zahnersatz hergestellt. Je nach belieben kann diese Krone\/ Br\u00fccke zahnfarbend in Vollkeramik , Empress\/ Procera\/ Zirbonoxid, als Verblend- Metall- Keramik oder in Gold hergestellt werden\u2026 Bei einer [...]","og_url":"https:\/\/www.zahnmedizin-verden.de\/main\/leistungen\/zahnersatz\/","og_site_name":"Zahnarztpraxis Verden","article_modified_time":"2018-05-01T10:29:00+00:00","og_image":[{"width":1,"height":1,"url":"https:\/\/www.zahnmedizin-verden.de\/main\/wp-content\/uploads\/2010\/09\/punkt1x1_gruen.gif","type":"image\/gif"}],"twitter_card":"summary","twitter_misc":{"Gesch\u00e4tzte Lesezeit":"1\u00a0Minute"},"schema":{"@context":"https:\/\/schema.org","@graph":[{"@type":"WebSite","@id":"https:\/\/www.zahnmedizin-verden.de\/main\/#website","url":"https:\/\/www.zahnmedizin-verden.de\/main\/","name":"Zahnarztpraxis Verden","description":"Zahn\u00e4rzte Dr. Kristof Austein, Axel Witte &amp; Kollegen","potentialAction":[{"@type":"SearchAction","target":{"@type":"EntryPoint","urlTemplate":"https:\/\/www.zahnmedizin-verden.de\/main\/?s={search_term_string}"},"query-input":"required name=search_term_string"}],"inLanguage":"de"},{"@type":"ImageObject","inLanguage":"de","@id":"https:\/\/www.zahnmedizin-verden.de\/main\/leistungen\/zahnersatz\/#primaryimage","url":"https:\/\/www.zahnmedizin-verden.de\/main\/wp-content\/uploads\/2010\/09\/punkt1x1_gruen.gif","contentUrl":"https:\/\/www.zahnmedizin-verden.de\/main\/wp-content\/uploads\/2010\/09\/punkt1x1_gruen.gif","width":1,"height":1},{"@type":"WebPage","@id":"https:\/\/www.zahnmedizin-verden.de\/main\/leistungen\/zahnersatz\/#webpage","url":"https:\/\/www.zahnmedizin-verden.de\/main\/leistungen\/zahnersatz\/","name":"Zahnersatz - Zahnarztpraxis Verden","isPartOf":{"@id":"https:\/\/www.zahnmedizin-verden.de\/main\/#website"},"primaryImageOfPage":{"@id":"https:\/\/www.zahnmedizin-verden.de\/main\/leistungen\/zahnersatz\/#primaryimage"},"datePublished":"2010-10-20T14:05:02+00:00","dateModified":"2018-05-01T10:29:00+00:00","breadcrumb":{"@id":"https:\/\/www.zahnmedizin-verden.de\/main\/leistungen\/zahnersatz\/#breadcrumb"},"inLanguage":"de","potentialAction":[{"@type":"ReadAction","target":["https:\/\/www.zahnmedizin-verden.de\/main\/leistungen\/zahnersatz\/"]}]},{"@type":"BreadcrumbList","@id":"https:\/\/www.zahnmedizin-verden.de\/main\/leistungen\/zahnersatz\/#breadcrumb","itemListElement":[{"@type":"ListItem","position":1,"name":"Home","item":"https:\/\/www.zahnmedizin-verden.de\/main\/"},{"@type":"ListItem","position":2,"name":"Unsere Leistungen","item":"https:\/\/www.zahnmedizin-verden.de\/main\/leistungen\/"},{"@type":"ListItem","position":3,"name":"Zahnersatz"}]}]}},"_links":{"self":[{"href":"https:\/\/www.zahnmedizin-verden.de\/main\/wp-json\/wp\/v2\/pages\/37","targetHints":{"allow":["GET"]}}],"collection":[{"href":"https:\/\/www.zahnmedizin-verden.de\/main\/wp-json\/wp\/v2\/pages"}],"about":[{"href":"https:\/\/www.zahnmedizin-verden.de\/main\/wp-json\/wp\/v2\/types\/page"}],"author":[{"embeddable":true,"href":"https:\/\/www.zahnmedizin-verden.de\/main\/wp-json\/wp\/v2\/users\/1"}],"replies":[{"embeddable":true,"href":"https:\/\/www.zahnmedizin-verden.de\/main\/wp-json\/wp\/v2\/comments?post=37"}],"version-history":[{"count":3,"href":"https:\/\/www.zahnmedizin-verden.de\/main\/wp-json\/wp\/v2\/pages\/37\/revisions"}],"predecessor-version":[{"id":760,"href":"https:\/\/www.zahnmedizin-verden.de\/main\/wp-json\/wp\/v2\/pages\/37\/revisions\/760"}],"up":[{"embeddable":true,"href":"https:\/\/www.zahnmedizin-verden.de\/main\/wp-json\/wp\/v2\/pages\/228"}],"wp:featuredmedia":[{"embeddable":true,"href":"https:\/\/www.zahnmedizin-verden.de\/main\/wp-json\/wp\/v2\/media\/19"}],"wp:attachment":[{"href":"https:\/\/www.zahnmedizin-verden.de\/main\/wp-json\/wp\/v2\/media?parent=37"}],"curies":[{"name":"wp","href":"https:\/\/api.w.org\/{rel}","templated":true}]}}