{"id":38,"date":"2010-10-20T16:05:31","date_gmt":"2010-10-20T14:05:31","guid":{"rendered":"http:\/\/www.zahnmedizin-verden.de\/test\/2010\/10\/20\/fudia\/"},"modified":"2021-05-16T12:04:23","modified_gmt":"2021-05-16T10:04:23","slug":"funktionsdiagnostik","status":"publish","type":"page","link":"https:\/\/www.zahnmedizin-verden.de\/main\/leistungen\/funktionsdiagnostik\/","title":{"rendered":"Funktionsdiagnostik"},"content":{"rendered":"<h2><strong>Funktionsdiagnostik &#8211; Was ist das?<br \/>\n<\/strong><\/h2>\n<p>Mit Hilfe der Funktionsdiagnostik kann man den korrekten und gesundheitlichen Zustand des Kauorgans untersuchen. In vielen F\u00e4llen sind St\u00f6rungen im Zusammenspiel von Oberkiefer und Unterkiefer die Ursache f\u00fcr lang anhaltende Beschwerden im Kopf- und R\u00fcckenbereichen. Mit Hilfe der Funktionsdiagnostik werden die Ursachen Schritt f\u00fcr Schritt ergr\u00fcndet und gemeinsam eine Therapie erarbeitet.<\/p>\n<p>In der Zahnmedizin wird zwischen klinischer Funktionsanalyse und instrumenteller Funktionsanalyse unterschieden. Bei ersterer wird der Patient klinisch betrachtet und die Funktion seines Kauorgans vermessen, die zweite Methode findet unter Zuhilfenahme von Modellen, Abdr\u00fccken, Bissnahmen, etc. statt.<\/p>\n<p>Durchgef\u00fchrt wird diese Untersuchung in der Regel bei begr\u00fcndetem Verdacht auf das Vorliegen einer <a href=\"https:\/\/www.zahnmedizin-verden.de\/main\/leistungen\/cmd-craniomandibulaere-dysfunktion\/\" target=\"_blank\" rel=\"noopener noreferrer\">craniomandibul\u00e4ren Dysfunktion (CMD)<\/a>, um diese zu identifizieren und im Anschluss mit individuellen Ma\u00dfnahmen behandeln zu k\u00f6nnen.<\/p>\n<p>Auch einem <a href=\"https:\/\/www.zahnmedizin-verden.de\/main\/zahnersatz\" target=\"_blank\" rel=\"noopener noreferrer\">Zahnersatz<\/a> (Kronen, Br\u00fccken) kann die Funktionsdiagnostik voraus gehen.<\/p>\n<p>Wie arbeiten hier mit den spezialiserten Kollegen vom CMD-Zentrum HH und Dr. Miller in Oldenburg zusammen, die bei Bedarf die Funktionsdiagnostik \u00fcbernehmen.<\/p>\n","protected":false},"excerpt":{"rendered":"<p>Funktionsdiagnostik &#8211; Was ist das?<\/p>\n<p>Mit Hilfe der Funktionsdiagnostik kann man den korrekten und gesundheitlichen Zustand des Kauorgans untersuchen. In vielen F\u00e4llen sind St\u00f6rungen im Zusammenspiel von Oberkiefer und Unterkiefer die Ursache f\u00fcr lang anhaltende Beschwerden im Kopf- und R\u00fcckenbereichen. Mit Hilfe der Funktionsdiagnostik werden die Ursachen Schritt f\u00fcr Schritt ergr\u00fcndet und gemeinsam eine Therapie erarbeitet.<\/p>\n<p>In der Zahnmedizin wird zwischen klinischer Funktionsanalyse und instrumenteller Funktionsanalyse unterschieden. Bei ersterer wird der Patient klinisch betrachtet und die Funktion seines Kauorgans vermessen, die zweite [&#8230;]<\/p>\n","protected":false},"author":1,"featured_media":19,"parent":228,"menu_order":11,"comment_status":"closed","ping_status":"closed","template":"","meta":{"_exactmetrics_skip_tracking":false,"_exactmetrics_sitenote_active":false,"_exactmetrics_sitenote_note":"","_exactmetrics_sitenote_category":0,"footnotes":""},"class_list":["post-38","page","type-page","status-publish","has-post-thumbnail","hentry"],"yoast_head":"<!-- This site is optimized with the Yoast SEO plugin v19.1 - https:\/\/yoast.com\/wordpress\/plugins\/seo\/ -->\n<title>Funktionsdiagnostik - Zahnarztpraxis Verden<\/title>\n<meta name=\"robots\" content=\"index, follow, max-snippet:-1, max-image-preview:large, max-video-preview:-1\" \/>\n<link rel=\"canonical\" href=\"https:\/\/www.zahnmedizin-verden.de\/main\/leistungen\/funktionsdiagnostik\/\" \/>\n<meta property=\"og:locale\" content=\"de_DE\" \/>\n<meta property=\"og:type\" content=\"article\" \/>\n<meta property=\"og:title\" content=\"Funktionsdiagnostik - Zahnarztpraxis Verden\" \/>\n<meta property=\"og:description\" content=\"Funktionsdiagnostik &#8211; Was ist das? Mit Hilfe der Funktionsdiagnostik kann man den korrekten und gesundheitlichen Zustand des Kauorgans untersuchen. In vielen F\u00e4llen sind St\u00f6rungen im Zusammenspiel von Oberkiefer und Unterkiefer die Ursache f\u00fcr lang anhaltende Beschwerden im Kopf- und R\u00fcckenbereichen. Mit Hilfe der Funktionsdiagnostik werden die Ursachen Schritt f\u00fcr Schritt ergr\u00fcndet und gemeinsam eine Therapie erarbeitet. In der Zahnmedizin wird zwischen klinischer Funktionsanalyse und instrumenteller Funktionsanalyse unterschieden. Bei ersterer wird der Patient klinisch betrachtet und die Funktion seines Kauorgans vermessen, die zweite [...]\" \/>\n<meta property=\"og:url\" content=\"https:\/\/www.zahnmedizin-verden.de\/main\/leistungen\/funktionsdiagnostik\/\" \/>\n<meta property=\"og:site_name\" content=\"Zahnarztpraxis Verden\" \/>\n<meta property=\"article:modified_time\" content=\"2021-05-16T10:04:23+00:00\" \/>\n<meta property=\"og:image\" content=\"https:\/\/www.zahnmedizin-verden.de\/main\/wp-content\/uploads\/2010\/09\/punkt1x1_gruen.gif\" \/>\n\t<meta property=\"og:image:width\" content=\"1\" \/>\n\t<meta property=\"og:image:height\" content=\"1\" \/>\n\t<meta property=\"og:image:type\" content=\"image\/gif\" \/>\n<meta name=\"twitter:card\" content=\"summary\" \/>\n<meta name=\"twitter:label1\" content=\"Gesch\u00e4tzte Lesezeit\" \/>\n\t<meta name=\"twitter:data1\" content=\"1\u00a0Minute\" \/>\n<script type=\"application\/ld+json\" class=\"yoast-schema-graph\">{\"@context\":\"https:\/\/schema.org\",\"@graph\":[{\"@type\":\"WebSite\",\"@id\":\"https:\/\/www.zahnmedizin-verden.de\/main\/#website\",\"url\":\"https:\/\/www.zahnmedizin-verden.de\/main\/\",\"name\":\"Zahnarztpraxis Verden\",\"description\":\"Zahn\u00e4rzte Dr. Kristof Austein, Axel Witte &amp; Kollegen\",\"potentialAction\":[{\"@type\":\"SearchAction\",\"target\":{\"@type\":\"EntryPoint\",\"urlTemplate\":\"https:\/\/www.zahnmedizin-verden.de\/main\/?s={search_term_string}\"},\"query-input\":\"required name=search_term_string\"}],\"inLanguage\":\"de\"},{\"@type\":\"ImageObject\",\"inLanguage\":\"de\",\"@id\":\"https:\/\/www.zahnmedizin-verden.de\/main\/leistungen\/funktionsdiagnostik\/#primaryimage\",\"url\":\"https:\/\/www.zahnmedizin-verden.de\/main\/wp-content\/uploads\/2010\/09\/punkt1x1_gruen.gif\",\"contentUrl\":\"https:\/\/www.zahnmedizin-verden.de\/main\/wp-content\/uploads\/2010\/09\/punkt1x1_gruen.gif\",\"width\":1,\"height\":1},{\"@type\":\"WebPage\",\"@id\":\"https:\/\/www.zahnmedizin-verden.de\/main\/leistungen\/funktionsdiagnostik\/#webpage\",\"url\":\"https:\/\/www.zahnmedizin-verden.de\/main\/leistungen\/funktionsdiagnostik\/\",\"name\":\"Funktionsdiagnostik - Zahnarztpraxis Verden\",\"isPartOf\":{\"@id\":\"https:\/\/www.zahnmedizin-verden.de\/main\/#website\"},\"primaryImageOfPage\":{\"@id\":\"https:\/\/www.zahnmedizin-verden.de\/main\/leistungen\/funktionsdiagnostik\/#primaryimage\"},\"datePublished\":\"2010-10-20T14:05:31+00:00\",\"dateModified\":\"2021-05-16T10:04:23+00:00\",\"breadcrumb\":{\"@id\":\"https:\/\/www.zahnmedizin-verden.de\/main\/leistungen\/funktionsdiagnostik\/#breadcrumb\"},\"inLanguage\":\"de\",\"potentialAction\":[{\"@type\":\"ReadAction\",\"target\":[\"https:\/\/www.zahnmedizin-verden.de\/main\/leistungen\/funktionsdiagnostik\/\"]}]},{\"@type\":\"BreadcrumbList\",\"@id\":\"https:\/\/www.zahnmedizin-verden.de\/main\/leistungen\/funktionsdiagnostik\/#breadcrumb\",\"itemListElement\":[{\"@type\":\"ListItem\",\"position\":1,\"name\":\"Home\",\"item\":\"https:\/\/www.zahnmedizin-verden.de\/main\/\"},{\"@type\":\"ListItem\",\"position\":2,\"name\":\"Unsere Leistungen\",\"item\":\"https:\/\/www.zahnmedizin-verden.de\/main\/leistungen\/\"},{\"@type\":\"ListItem\",\"position\":3,\"name\":\"Funktionsdiagnostik\"}]}]}<\/script>\n<!-- \/ Yoast SEO plugin. -->","yoast_head_json":{"title":"Funktionsdiagnostik - Zahnarztpraxis Verden","robots":{"index":"index","follow":"follow","max-snippet":"max-snippet:-1","max-image-preview":"max-image-preview:large","max-video-preview":"max-video-preview:-1"},"canonical":"https:\/\/www.zahnmedizin-verden.de\/main\/leistungen\/funktionsdiagnostik\/","og_locale":"de_DE","og_type":"article","og_title":"Funktionsdiagnostik - Zahnarztpraxis Verden","og_description":"Funktionsdiagnostik &#8211; Was ist das? Mit Hilfe der Funktionsdiagnostik kann man den korrekten und gesundheitlichen Zustand des Kauorgans untersuchen. In vielen F\u00e4llen sind St\u00f6rungen im Zusammenspiel von Oberkiefer und Unterkiefer die Ursache f\u00fcr lang anhaltende Beschwerden im Kopf- und R\u00fcckenbereichen. Mit Hilfe der Funktionsdiagnostik werden die Ursachen Schritt f\u00fcr Schritt ergr\u00fcndet und gemeinsam eine Therapie erarbeitet. In der Zahnmedizin wird zwischen klinischer Funktionsanalyse und instrumenteller Funktionsanalyse unterschieden. Bei ersterer wird der Patient klinisch betrachtet und die Funktion seines Kauorgans vermessen, die zweite [...]","og_url":"https:\/\/www.zahnmedizin-verden.de\/main\/leistungen\/funktionsdiagnostik\/","og_site_name":"Zahnarztpraxis Verden","article_modified_time":"2021-05-16T10:04:23+00:00","og_image":[{"width":1,"height":1,"url":"https:\/\/www.zahnmedizin-verden.de\/main\/wp-content\/uploads\/2010\/09\/punkt1x1_gruen.gif","type":"image\/gif"}],"twitter_card":"summary","twitter_misc":{"Gesch\u00e4tzte Lesezeit":"1\u00a0Minute"},"schema":{"@context":"https:\/\/schema.org","@graph":[{"@type":"WebSite","@id":"https:\/\/www.zahnmedizin-verden.de\/main\/#website","url":"https:\/\/www.zahnmedizin-verden.de\/main\/","name":"Zahnarztpraxis Verden","description":"Zahn\u00e4rzte Dr. Kristof Austein, Axel Witte &amp; Kollegen","potentialAction":[{"@type":"SearchAction","target":{"@type":"EntryPoint","urlTemplate":"https:\/\/www.zahnmedizin-verden.de\/main\/?s={search_term_string}"},"query-input":"required name=search_term_string"}],"inLanguage":"de"},{"@type":"ImageObject","inLanguage":"de","@id":"https:\/\/www.zahnmedizin-verden.de\/main\/leistungen\/funktionsdiagnostik\/#primaryimage","url":"https:\/\/www.zahnmedizin-verden.de\/main\/wp-content\/uploads\/2010\/09\/punkt1x1_gruen.gif","contentUrl":"https:\/\/www.zahnmedizin-verden.de\/main\/wp-content\/uploads\/2010\/09\/punkt1x1_gruen.gif","width":1,"height":1},{"@type":"WebPage","@id":"https:\/\/www.zahnmedizin-verden.de\/main\/leistungen\/funktionsdiagnostik\/#webpage","url":"https:\/\/www.zahnmedizin-verden.de\/main\/leistungen\/funktionsdiagnostik\/","name":"Funktionsdiagnostik - Zahnarztpraxis Verden","isPartOf":{"@id":"https:\/\/www.zahnmedizin-verden.de\/main\/#website"},"primaryImageOfPage":{"@id":"https:\/\/www.zahnmedizin-verden.de\/main\/leistungen\/funktionsdiagnostik\/#primaryimage"},"datePublished":"2010-10-20T14:05:31+00:00","dateModified":"2021-05-16T10:04:23+00:00","breadcrumb":{"@id":"https:\/\/www.zahnmedizin-verden.de\/main\/leistungen\/funktionsdiagnostik\/#breadcrumb"},"inLanguage":"de","potentialAction":[{"@type":"ReadAction","target":["https:\/\/www.zahnmedizin-verden.de\/main\/leistungen\/funktionsdiagnostik\/"]}]},{"@type":"BreadcrumbList","@id":"https:\/\/www.zahnmedizin-verden.de\/main\/leistungen\/funktionsdiagnostik\/#breadcrumb","itemListElement":[{"@type":"ListItem","position":1,"name":"Home","item":"https:\/\/www.zahnmedizin-verden.de\/main\/"},{"@type":"ListItem","position":2,"name":"Unsere Leistungen","item":"https:\/\/www.zahnmedizin-verden.de\/main\/leistungen\/"},{"@type":"ListItem","position":3,"name":"Funktionsdiagnostik"}]}]}},"_links":{"self":[{"href":"https:\/\/www.zahnmedizin-verden.de\/main\/wp-json\/wp\/v2\/pages\/38","targetHints":{"allow":["GET"]}}],"collection":[{"href":"https:\/\/www.zahnmedizin-verden.de\/main\/wp-json\/wp\/v2\/pages"}],"about":[{"href":"https:\/\/www.zahnmedizin-verden.de\/main\/wp-json\/wp\/v2\/types\/page"}],"author":[{"embeddable":true,"href":"https:\/\/www.zahnmedizin-verden.de\/main\/wp-json\/wp\/v2\/users\/1"}],"replies":[{"embeddable":true,"href":"https:\/\/www.zahnmedizin-verden.de\/main\/wp-json\/wp\/v2\/comments?post=38"}],"version-history":[{"count":7,"href":"https:\/\/www.zahnmedizin-verden.de\/main\/wp-json\/wp\/v2\/pages\/38\/revisions"}],"predecessor-version":[{"id":1383,"href":"https:\/\/www.zahnmedizin-verden.de\/main\/wp-json\/wp\/v2\/pages\/38\/revisions\/1383"}],"up":[{"embeddable":true,"href":"https:\/\/www.zahnmedizin-verden.de\/main\/wp-json\/wp\/v2\/pages\/228"}],"wp:featuredmedia":[{"embeddable":true,"href":"https:\/\/www.zahnmedizin-verden.de\/main\/wp-json\/wp\/v2\/media\/19"}],"wp:attachment":[{"href":"https:\/\/www.zahnmedizin-verden.de\/main\/wp-json\/wp\/v2\/media?parent=38"}],"curies":[{"name":"wp","href":"https:\/\/api.w.org\/{rel}","templated":true}]}}