{"id":390,"date":"2016-02-23T16:56:07","date_gmt":"2016-02-23T15:56:07","guid":{"rendered":"https:\/\/www.zahnmedizin-verden.de\/main\/?page_id=390"},"modified":"2021-11-10T21:02:36","modified_gmt":"2021-11-10T20:02:36","slug":"spenden","status":"publish","type":"page","link":"https:\/\/www.zahnmedizin-verden.de\/main\/spenden\/","title":{"rendered":"Engagement"},"content":{"rendered":"<p>Seit 1999 wird in der Gemeinschaftspraxis an viele gemeinn\u00fctzige Organisationen gespendet. Ein Gro\u00dfteil dieser Spenden wird durch Sie, die Patientinnen und Patienten, erm\u00f6glicht. Durch Ihre Spenden von altem Zahngold ist es m\u00f6glich, viele Projekte in der Region Verden sowie Gesundheitsprojekte weltweit zu unterst\u00fctzen!<\/p>\n<p>Daf\u00fcr bedanken wir uns ganz herzlich bei Ihnen.<\/p>\n<p>F\u00fcr eine \u00dcbersicht \u00fcber die get\u00e4tigten Spenden w\u00e4hlen Sie bitte das entsprechende Jahr aus:<\/p>\n<ul>\n<li><a href=\"https:\/\/www.zahnmedizin-verden.de\/main\/2021\/11\/10\/spenden-2020-2021\/\">Spenden 2020\/2021<\/a><\/li>\n<li><a href=\"\/spenden-2018-2019\">Spenden 2018\/2019<\/a><\/li>\n<li><a href=\"https:\/\/www.zahnmedizin-verden.de\/main\/2017\/11\/01\/spenden-2017\/\">Spenden <\/a><a href=\"https:\/\/www.zahnmedizin-verden.de\/main\/2017\/11\/01\/spenden-2017\/\">2017<\/a><\/li>\n<li><a href=\"https:\/\/www.zahnmedizin-verden.de\/main\/2017\/10\/22\/spenden-2016\/\">Spenden 2016<\/a><\/li>\n<li><a href=\"https:\/\/www.zahnmedizin-verden.de\/main\/2015\/07\/16\/spenden-2015\/\">Spenden 2015<\/a><\/li>\n<li><a href=\"https:\/\/www.zahnmedizin-verden.de\/main\/2014\/01\/16\/spenden-2014\/\">Spenden 2014<\/a><\/li>\n<li><a href=\"https:\/\/www.zahnmedizin-verden.de\/main\/2013\/05\/16\/spenden-2013\/\">Spenden 2013<\/a><\/li>\n<li><a href=\"https:\/\/www.zahnmedizin-verden.de\/main\/2013\/01\/16\/spenden-vor-2013\/\">Spenden vor 2013<\/a><\/li>\n<\/ul>\n","protected":false},"excerpt":{"rendered":"<p>Seit 1999 wird in der Gemeinschaftspraxis an viele gemeinn\u00fctzige Organisationen gespendet. Ein Gro\u00dfteil dieser Spenden wird durch Sie, die Patientinnen und Patienten, erm\u00f6glicht. Durch Ihre Spenden von altem Zahngold ist es m\u00f6glich, viele Projekte in der Region Verden sowie Gesundheitsprojekte weltweit zu unterst\u00fctzen!<\/p>\n<p>Daf\u00fcr bedanken wir uns ganz herzlich bei Ihnen.<\/p>\n<p>F\u00fcr eine \u00dcbersicht \u00fcber die get\u00e4tigten Spenden w\u00e4hlen Sie bitte das entsprechende Jahr aus:<\/p>\n<p>Spenden 2020\/2021<br \/>\nSpenden 2018\/2019<br \/>\nSpenden 2017<br \/>\nSpenden 2016<br \/>\nSpenden 2015<br \/>\nSpenden 2014<br \/>\nSpenden 2013<br \/>\nSpenden vor 2013<\/p>\n","protected":false},"author":1,"featured_media":0,"parent":0,"menu_order":0,"comment_status":"closed","ping_status":"closed","template":"","meta":{"_exactmetrics_skip_tracking":false,"_exactmetrics_sitenote_active":false,"_exactmetrics_sitenote_note":"","_exactmetrics_sitenote_category":0,"footnotes":""},"class_list":["post-390","page","type-page","status-publish","hentry"],"yoast_head":"<!-- This site is optimized with the Yoast SEO plugin v19.1 - https:\/\/yoast.com\/wordpress\/plugins\/seo\/ -->\n<title>Engagement - Zahnarztpraxis Verden<\/title>\n<meta name=\"robots\" content=\"index, follow, max-snippet:-1, max-image-preview:large, max-video-preview:-1\" \/>\n<link rel=\"canonical\" href=\"https:\/\/www.zahnmedizin-verden.de\/main\/spenden\/\" \/>\n<meta property=\"og:locale\" content=\"de_DE\" \/>\n<meta property=\"og:type\" content=\"article\" \/>\n<meta property=\"og:title\" content=\"Engagement - Zahnarztpraxis Verden\" \/>\n<meta property=\"og:description\" content=\"Seit 1999 wird in der Gemeinschaftspraxis an viele gemeinn\u00fctzige Organisationen gespendet. Ein Gro\u00dfteil dieser Spenden wird durch Sie, die Patientinnen und Patienten, erm\u00f6glicht. Durch Ihre Spenden von altem Zahngold ist es m\u00f6glich, viele Projekte in der Region Verden sowie Gesundheitsprojekte weltweit zu unterst\u00fctzen! Daf\u00fcr bedanken wir uns ganz herzlich bei Ihnen. F\u00fcr eine \u00dcbersicht \u00fcber die get\u00e4tigten Spenden w\u00e4hlen Sie bitte das entsprechende Jahr aus: Spenden 2020\/2021 Spenden 2018\/2019 Spenden 2017 Spenden 2016 Spenden 2015 Spenden 2014 Spenden 2013 Spenden vor 2013\" \/>\n<meta property=\"og:url\" content=\"https:\/\/www.zahnmedizin-verden.de\/main\/spenden\/\" \/>\n<meta property=\"og:site_name\" content=\"Zahnarztpraxis Verden\" \/>\n<meta property=\"article:modified_time\" content=\"2021-11-10T20:02:36+00:00\" \/>\n<meta name=\"twitter:card\" content=\"summary\" \/>\n<script type=\"application\/ld+json\" class=\"yoast-schema-graph\">{\"@context\":\"https:\/\/schema.org\",\"@graph\":[{\"@type\":\"WebSite\",\"@id\":\"https:\/\/www.zahnmedizin-verden.de\/main\/#website\",\"url\":\"https:\/\/www.zahnmedizin-verden.de\/main\/\",\"name\":\"Zahnarztpraxis Verden\",\"description\":\"Zahn\u00e4rzte Dr. Kristof Austein, Axel Witte &amp; Kollegen\",\"potentialAction\":[{\"@type\":\"SearchAction\",\"target\":{\"@type\":\"EntryPoint\",\"urlTemplate\":\"https:\/\/www.zahnmedizin-verden.de\/main\/?s={search_term_string}\"},\"query-input\":\"required name=search_term_string\"}],\"inLanguage\":\"de\"},{\"@type\":\"WebPage\",\"@id\":\"https:\/\/www.zahnmedizin-verden.de\/main\/spenden\/#webpage\",\"url\":\"https:\/\/www.zahnmedizin-verden.de\/main\/spenden\/\",\"name\":\"Engagement - Zahnarztpraxis Verden\",\"isPartOf\":{\"@id\":\"https:\/\/www.zahnmedizin-verden.de\/main\/#website\"},\"datePublished\":\"2016-02-23T15:56:07+00:00\",\"dateModified\":\"2021-11-10T20:02:36+00:00\",\"breadcrumb\":{\"@id\":\"https:\/\/www.zahnmedizin-verden.de\/main\/spenden\/#breadcrumb\"},\"inLanguage\":\"de\",\"potentialAction\":[{\"@type\":\"ReadAction\",\"target\":[\"https:\/\/www.zahnmedizin-verden.de\/main\/spenden\/\"]}]},{\"@type\":\"BreadcrumbList\",\"@id\":\"https:\/\/www.zahnmedizin-verden.de\/main\/spenden\/#breadcrumb\",\"itemListElement\":[{\"@type\":\"ListItem\",\"position\":1,\"name\":\"Home\",\"item\":\"https:\/\/www.zahnmedizin-verden.de\/main\/\"},{\"@type\":\"ListItem\",\"position\":2,\"name\":\"Engagement\"}]}]}<\/script>\n<!-- \/ Yoast SEO plugin. -->","yoast_head_json":{"title":"Engagement - Zahnarztpraxis Verden","robots":{"index":"index","follow":"follow","max-snippet":"max-snippet:-1","max-image-preview":"max-image-preview:large","max-video-preview":"max-video-preview:-1"},"canonical":"https:\/\/www.zahnmedizin-verden.de\/main\/spenden\/","og_locale":"de_DE","og_type":"article","og_title":"Engagement - Zahnarztpraxis Verden","og_description":"Seit 1999 wird in der Gemeinschaftspraxis an viele gemeinn\u00fctzige Organisationen gespendet. Ein Gro\u00dfteil dieser Spenden wird durch Sie, die Patientinnen und Patienten, erm\u00f6glicht. Durch Ihre Spenden von altem Zahngold ist es m\u00f6glich, viele Projekte in der Region Verden sowie Gesundheitsprojekte weltweit zu unterst\u00fctzen! Daf\u00fcr bedanken wir uns ganz herzlich bei Ihnen. F\u00fcr eine \u00dcbersicht \u00fcber die get\u00e4tigten Spenden w\u00e4hlen Sie bitte das entsprechende Jahr aus: Spenden 2020\/2021 Spenden 2018\/2019 Spenden 2017 Spenden 2016 Spenden 2015 Spenden 2014 Spenden 2013 Spenden vor 2013","og_url":"https:\/\/www.zahnmedizin-verden.de\/main\/spenden\/","og_site_name":"Zahnarztpraxis Verden","article_modified_time":"2021-11-10T20:02:36+00:00","twitter_card":"summary","schema":{"@context":"https:\/\/schema.org","@graph":[{"@type":"WebSite","@id":"https:\/\/www.zahnmedizin-verden.de\/main\/#website","url":"https:\/\/www.zahnmedizin-verden.de\/main\/","name":"Zahnarztpraxis Verden","description":"Zahn\u00e4rzte Dr. Kristof Austein, Axel Witte &amp; Kollegen","potentialAction":[{"@type":"SearchAction","target":{"@type":"EntryPoint","urlTemplate":"https:\/\/www.zahnmedizin-verden.de\/main\/?s={search_term_string}"},"query-input":"required name=search_term_string"}],"inLanguage":"de"},{"@type":"WebPage","@id":"https:\/\/www.zahnmedizin-verden.de\/main\/spenden\/#webpage","url":"https:\/\/www.zahnmedizin-verden.de\/main\/spenden\/","name":"Engagement - Zahnarztpraxis Verden","isPartOf":{"@id":"https:\/\/www.zahnmedizin-verden.de\/main\/#website"},"datePublished":"2016-02-23T15:56:07+00:00","dateModified":"2021-11-10T20:02:36+00:00","breadcrumb":{"@id":"https:\/\/www.zahnmedizin-verden.de\/main\/spenden\/#breadcrumb"},"inLanguage":"de","potentialAction":[{"@type":"ReadAction","target":["https:\/\/www.zahnmedizin-verden.de\/main\/spenden\/"]}]},{"@type":"BreadcrumbList","@id":"https:\/\/www.zahnmedizin-verden.de\/main\/spenden\/#breadcrumb","itemListElement":[{"@type":"ListItem","position":1,"name":"Home","item":"https:\/\/www.zahnmedizin-verden.de\/main\/"},{"@type":"ListItem","position":2,"name":"Engagement"}]}]}},"_links":{"self":[{"href":"https:\/\/www.zahnmedizin-verden.de\/main\/wp-json\/wp\/v2\/pages\/390","targetHints":{"allow":["GET"]}}],"collection":[{"href":"https:\/\/www.zahnmedizin-verden.de\/main\/wp-json\/wp\/v2\/pages"}],"about":[{"href":"https:\/\/www.zahnmedizin-verden.de\/main\/wp-json\/wp\/v2\/types\/page"}],"author":[{"embeddable":true,"href":"https:\/\/www.zahnmedizin-verden.de\/main\/wp-json\/wp\/v2\/users\/1"}],"replies":[{"embeddable":true,"href":"https:\/\/www.zahnmedizin-verden.de\/main\/wp-json\/wp\/v2\/comments?post=390"}],"version-history":[{"count":12,"href":"https:\/\/www.zahnmedizin-verden.de\/main\/wp-json\/wp\/v2\/pages\/390\/revisions"}],"predecessor-version":[{"id":1414,"href":"https:\/\/www.zahnmedizin-verden.de\/main\/wp-json\/wp\/v2\/pages\/390\/revisions\/1414"}],"wp:attachment":[{"href":"https:\/\/www.zahnmedizin-verden.de\/main\/wp-json\/wp\/v2\/media?parent=390"}],"curies":[{"name":"wp","href":"https:\/\/api.w.org\/{rel}","templated":true}]}}