{"id":40,"date":"2010-10-20T16:07:43","date_gmt":"2010-10-20T14:07:43","guid":{"rendered":"http:\/\/www.zahnmedizin-verden.de\/test\/2010\/10\/20\/aezhk\/"},"modified":"2020-07-21T19:33:05","modified_gmt":"2020-07-21T17:33:05","slug":"aesthetische-zahnheilkunde","status":"publish","type":"page","link":"https:\/\/www.zahnmedizin-verden.de\/main\/leistungen\/aesthetische-zahnheilkunde\/","title":{"rendered":"\u00c4sthetische Zahnheilkunde"},"content":{"rendered":"<p>Sch\u00f6ne Z\u00e4hne sind nat\u00fcrlicher Schmuck &#8211; Ausdruck von Vitalit\u00e4t, Gesundheit und Dynamik. In unserer Praxis werden zahlreiche moderne zahnmedizinische Verfahren zur Optimierung der Kosmetik ihres Mundes durchgef\u00fchrt:<\/p>\n<p>&#8211; kosmetische F\u00fcllungen und Verblendungen mit h\u00f6chstwertigen Materialien ( Kunststoff+ Keramik)<\/p>\n<p>&#8211; Veneers (Haftschalen)<\/p>\n<p>&#8211; Vollkeramikkronen, Br\u00fccken<\/p>\n<p>&#8211; Aufhellen verf\u00e4rbter Z\u00e4hne<\/p>\n<p>&#8211; Bleichen (mit Schienen zu Hause\/bzw. Praxis oder am Behandlungsstuhl)<\/p>\n<p>&#8211; Kosmetisch- plastische Parotontalchirurgie<\/p>\n<p>&#8211; Individualprophylaxe (um die Sch\u00f6nheit\/ Gesundheit Ihrer Z\u00e4hne zu erhalten)<\/p>\n<p>&#8211; Zahnschmuck in Form von Twinkel<\/p>\n","protected":false},"excerpt":{"rendered":"<p>Sch\u00f6ne Z\u00e4hne sind nat\u00fcrlicher Schmuck &#8211; Ausdruck von Vitalit\u00e4t, Gesundheit und Dynamik. In unserer Praxis werden zahlreiche moderne zahnmedizinische Verfahren zur Optimierung der Kosmetik ihres Mundes durchgef\u00fchrt:<\/p>\n<p>&#8211; kosmetische F\u00fcllungen und Verblendungen mit h\u00f6chstwertigen Materialien ( Kunststoff+ Keramik)<\/p>\n<p>&#8211; Veneers (Haftschalen)<\/p>\n<p>&#8211; Vollkeramikkronen, Br\u00fccken<\/p>\n<p>&#8211; Aufhellen verf\u00e4rbter Z\u00e4hne<\/p>\n<p>&#8211; Bleichen (mit Schienen zu Hause\/bzw. Praxis oder am Behandlungsstuhl)<\/p>\n<p>&#8211; Kosmetisch- plastische Parotontalchirurgie<\/p>\n<p>&#8211; Individualprophylaxe (um die Sch\u00f6nheit\/ Gesundheit Ihrer Z\u00e4hne zu erhalten)<\/p>\n<p>&#8211; Zahnschmuck in Form von Twinkel<\/p>\n","protected":false},"author":1,"featured_media":19,"parent":228,"menu_order":9,"comment_status":"closed","ping_status":"closed","template":"","meta":{"_exactmetrics_skip_tracking":false,"_exactmetrics_sitenote_active":false,"_exactmetrics_sitenote_note":"","_exactmetrics_sitenote_category":0,"footnotes":""},"class_list":["post-40","page","type-page","status-publish","has-post-thumbnail","hentry"],"yoast_head":"<!-- This site is optimized with the Yoast SEO plugin v19.1 - https:\/\/yoast.com\/wordpress\/plugins\/seo\/ -->\n<title>\u00c4sthetische Zahnheilkunde - Zahnarztpraxis Verden<\/title>\n<meta name=\"robots\" content=\"index, follow, max-snippet:-1, max-image-preview:large, max-video-preview:-1\" \/>\n<link rel=\"canonical\" href=\"https:\/\/www.zahnmedizin-verden.de\/main\/leistungen\/aesthetische-zahnheilkunde\/\" \/>\n<meta property=\"og:locale\" content=\"de_DE\" \/>\n<meta property=\"og:type\" content=\"article\" \/>\n<meta property=\"og:title\" content=\"\u00c4sthetische Zahnheilkunde - Zahnarztpraxis Verden\" \/>\n<meta property=\"og:description\" content=\"Sch\u00f6ne Z\u00e4hne sind nat\u00fcrlicher Schmuck &#8211; Ausdruck von Vitalit\u00e4t, Gesundheit und Dynamik. In unserer Praxis werden zahlreiche moderne zahnmedizinische Verfahren zur Optimierung der Kosmetik ihres Mundes durchgef\u00fchrt: &#8211; kosmetische F\u00fcllungen und Verblendungen mit h\u00f6chstwertigen Materialien ( Kunststoff+ Keramik) &#8211; Veneers (Haftschalen) &#8211; Vollkeramikkronen, Br\u00fccken &#8211; Aufhellen verf\u00e4rbter Z\u00e4hne &#8211; Bleichen (mit Schienen zu Hause\/bzw. Praxis oder am Behandlungsstuhl) &#8211; Kosmetisch- plastische Parotontalchirurgie &#8211; Individualprophylaxe (um die Sch\u00f6nheit\/ Gesundheit Ihrer Z\u00e4hne zu erhalten) &#8211; Zahnschmuck in Form von Twinkel\" \/>\n<meta property=\"og:url\" content=\"https:\/\/www.zahnmedizin-verden.de\/main\/leistungen\/aesthetische-zahnheilkunde\/\" \/>\n<meta property=\"og:site_name\" content=\"Zahnarztpraxis Verden\" \/>\n<meta property=\"article:modified_time\" content=\"2020-07-21T17:33:05+00:00\" \/>\n<meta property=\"og:image\" content=\"https:\/\/www.zahnmedizin-verden.de\/main\/wp-content\/uploads\/2010\/09\/punkt1x1_gruen.gif\" \/>\n\t<meta property=\"og:image:width\" content=\"1\" \/>\n\t<meta property=\"og:image:height\" content=\"1\" \/>\n\t<meta property=\"og:image:type\" content=\"image\/gif\" \/>\n<meta name=\"twitter:card\" content=\"summary\" \/>\n<script type=\"application\/ld+json\" class=\"yoast-schema-graph\">{\"@context\":\"https:\/\/schema.org\",\"@graph\":[{\"@type\":\"WebSite\",\"@id\":\"https:\/\/www.zahnmedizin-verden.de\/main\/#website\",\"url\":\"https:\/\/www.zahnmedizin-verden.de\/main\/\",\"name\":\"Zahnarztpraxis Verden\",\"description\":\"Zahn\u00e4rzte Dr. Kristof Austein, Axel Witte &amp; Kollegen\",\"potentialAction\":[{\"@type\":\"SearchAction\",\"target\":{\"@type\":\"EntryPoint\",\"urlTemplate\":\"https:\/\/www.zahnmedizin-verden.de\/main\/?s={search_term_string}\"},\"query-input\":\"required name=search_term_string\"}],\"inLanguage\":\"de\"},{\"@type\":\"ImageObject\",\"inLanguage\":\"de\",\"@id\":\"https:\/\/www.zahnmedizin-verden.de\/main\/leistungen\/aesthetische-zahnheilkunde\/#primaryimage\",\"url\":\"https:\/\/www.zahnmedizin-verden.de\/main\/wp-content\/uploads\/2010\/09\/punkt1x1_gruen.gif\",\"contentUrl\":\"https:\/\/www.zahnmedizin-verden.de\/main\/wp-content\/uploads\/2010\/09\/punkt1x1_gruen.gif\",\"width\":1,\"height\":1},{\"@type\":\"WebPage\",\"@id\":\"https:\/\/www.zahnmedizin-verden.de\/main\/leistungen\/aesthetische-zahnheilkunde\/#webpage\",\"url\":\"https:\/\/www.zahnmedizin-verden.de\/main\/leistungen\/aesthetische-zahnheilkunde\/\",\"name\":\"\u00c4sthetische Zahnheilkunde - Zahnarztpraxis Verden\",\"isPartOf\":{\"@id\":\"https:\/\/www.zahnmedizin-verden.de\/main\/#website\"},\"primaryImageOfPage\":{\"@id\":\"https:\/\/www.zahnmedizin-verden.de\/main\/leistungen\/aesthetische-zahnheilkunde\/#primaryimage\"},\"datePublished\":\"2010-10-20T14:07:43+00:00\",\"dateModified\":\"2020-07-21T17:33:05+00:00\",\"breadcrumb\":{\"@id\":\"https:\/\/www.zahnmedizin-verden.de\/main\/leistungen\/aesthetische-zahnheilkunde\/#breadcrumb\"},\"inLanguage\":\"de\",\"potentialAction\":[{\"@type\":\"ReadAction\",\"target\":[\"https:\/\/www.zahnmedizin-verden.de\/main\/leistungen\/aesthetische-zahnheilkunde\/\"]}]},{\"@type\":\"BreadcrumbList\",\"@id\":\"https:\/\/www.zahnmedizin-verden.de\/main\/leistungen\/aesthetische-zahnheilkunde\/#breadcrumb\",\"itemListElement\":[{\"@type\":\"ListItem\",\"position\":1,\"name\":\"Home\",\"item\":\"https:\/\/www.zahnmedizin-verden.de\/main\/\"},{\"@type\":\"ListItem\",\"position\":2,\"name\":\"Unsere Leistungen\",\"item\":\"https:\/\/www.zahnmedizin-verden.de\/main\/leistungen\/\"},{\"@type\":\"ListItem\",\"position\":3,\"name\":\"\u00c4sthetische Zahnheilkunde\"}]}]}<\/script>\n<!-- \/ Yoast SEO plugin. -->","yoast_head_json":{"title":"\u00c4sthetische Zahnheilkunde - Zahnarztpraxis Verden","robots":{"index":"index","follow":"follow","max-snippet":"max-snippet:-1","max-image-preview":"max-image-preview:large","max-video-preview":"max-video-preview:-1"},"canonical":"https:\/\/www.zahnmedizin-verden.de\/main\/leistungen\/aesthetische-zahnheilkunde\/","og_locale":"de_DE","og_type":"article","og_title":"\u00c4sthetische Zahnheilkunde - Zahnarztpraxis Verden","og_description":"Sch\u00f6ne Z\u00e4hne sind nat\u00fcrlicher Schmuck &#8211; Ausdruck von Vitalit\u00e4t, Gesundheit und Dynamik. In unserer Praxis werden zahlreiche moderne zahnmedizinische Verfahren zur Optimierung der Kosmetik ihres Mundes durchgef\u00fchrt: &#8211; kosmetische F\u00fcllungen und Verblendungen mit h\u00f6chstwertigen Materialien ( Kunststoff+ Keramik) &#8211; Veneers (Haftschalen) &#8211; Vollkeramikkronen, Br\u00fccken &#8211; Aufhellen verf\u00e4rbter Z\u00e4hne &#8211; Bleichen (mit Schienen zu Hause\/bzw. Praxis oder am Behandlungsstuhl) &#8211; Kosmetisch- plastische Parotontalchirurgie &#8211; Individualprophylaxe (um die Sch\u00f6nheit\/ Gesundheit Ihrer Z\u00e4hne zu erhalten) &#8211; Zahnschmuck in Form von Twinkel","og_url":"https:\/\/www.zahnmedizin-verden.de\/main\/leistungen\/aesthetische-zahnheilkunde\/","og_site_name":"Zahnarztpraxis Verden","article_modified_time":"2020-07-21T17:33:05+00:00","og_image":[{"width":1,"height":1,"url":"https:\/\/www.zahnmedizin-verden.de\/main\/wp-content\/uploads\/2010\/09\/punkt1x1_gruen.gif","type":"image\/gif"}],"twitter_card":"summary","schema":{"@context":"https:\/\/schema.org","@graph":[{"@type":"WebSite","@id":"https:\/\/www.zahnmedizin-verden.de\/main\/#website","url":"https:\/\/www.zahnmedizin-verden.de\/main\/","name":"Zahnarztpraxis Verden","description":"Zahn\u00e4rzte Dr. Kristof Austein, Axel Witte &amp; Kollegen","potentialAction":[{"@type":"SearchAction","target":{"@type":"EntryPoint","urlTemplate":"https:\/\/www.zahnmedizin-verden.de\/main\/?s={search_term_string}"},"query-input":"required name=search_term_string"}],"inLanguage":"de"},{"@type":"ImageObject","inLanguage":"de","@id":"https:\/\/www.zahnmedizin-verden.de\/main\/leistungen\/aesthetische-zahnheilkunde\/#primaryimage","url":"https:\/\/www.zahnmedizin-verden.de\/main\/wp-content\/uploads\/2010\/09\/punkt1x1_gruen.gif","contentUrl":"https:\/\/www.zahnmedizin-verden.de\/main\/wp-content\/uploads\/2010\/09\/punkt1x1_gruen.gif","width":1,"height":1},{"@type":"WebPage","@id":"https:\/\/www.zahnmedizin-verden.de\/main\/leistungen\/aesthetische-zahnheilkunde\/#webpage","url":"https:\/\/www.zahnmedizin-verden.de\/main\/leistungen\/aesthetische-zahnheilkunde\/","name":"\u00c4sthetische Zahnheilkunde - Zahnarztpraxis Verden","isPartOf":{"@id":"https:\/\/www.zahnmedizin-verden.de\/main\/#website"},"primaryImageOfPage":{"@id":"https:\/\/www.zahnmedizin-verden.de\/main\/leistungen\/aesthetische-zahnheilkunde\/#primaryimage"},"datePublished":"2010-10-20T14:07:43+00:00","dateModified":"2020-07-21T17:33:05+00:00","breadcrumb":{"@id":"https:\/\/www.zahnmedizin-verden.de\/main\/leistungen\/aesthetische-zahnheilkunde\/#breadcrumb"},"inLanguage":"de","potentialAction":[{"@type":"ReadAction","target":["https:\/\/www.zahnmedizin-verden.de\/main\/leistungen\/aesthetische-zahnheilkunde\/"]}]},{"@type":"BreadcrumbList","@id":"https:\/\/www.zahnmedizin-verden.de\/main\/leistungen\/aesthetische-zahnheilkunde\/#breadcrumb","itemListElement":[{"@type":"ListItem","position":1,"name":"Home","item":"https:\/\/www.zahnmedizin-verden.de\/main\/"},{"@type":"ListItem","position":2,"name":"Unsere Leistungen","item":"https:\/\/www.zahnmedizin-verden.de\/main\/leistungen\/"},{"@type":"ListItem","position":3,"name":"\u00c4sthetische Zahnheilkunde"}]}]}},"_links":{"self":[{"href":"https:\/\/www.zahnmedizin-verden.de\/main\/wp-json\/wp\/v2\/pages\/40","targetHints":{"allow":["GET"]}}],"collection":[{"href":"https:\/\/www.zahnmedizin-verden.de\/main\/wp-json\/wp\/v2\/pages"}],"about":[{"href":"https:\/\/www.zahnmedizin-verden.de\/main\/wp-json\/wp\/v2\/types\/page"}],"author":[{"embeddable":true,"href":"https:\/\/www.zahnmedizin-verden.de\/main\/wp-json\/wp\/v2\/users\/1"}],"replies":[{"embeddable":true,"href":"https:\/\/www.zahnmedizin-verden.de\/main\/wp-json\/wp\/v2\/comments?post=40"}],"version-history":[{"count":4,"href":"https:\/\/www.zahnmedizin-verden.de\/main\/wp-json\/wp\/v2\/pages\/40\/revisions"}],"predecessor-version":[{"id":1308,"href":"https:\/\/www.zahnmedizin-verden.de\/main\/wp-json\/wp\/v2\/pages\/40\/revisions\/1308"}],"up":[{"embeddable":true,"href":"https:\/\/www.zahnmedizin-verden.de\/main\/wp-json\/wp\/v2\/pages\/228"}],"wp:featuredmedia":[{"embeddable":true,"href":"https:\/\/www.zahnmedizin-verden.de\/main\/wp-json\/wp\/v2\/media\/19"}],"wp:attachment":[{"href":"https:\/\/www.zahnmedizin-verden.de\/main\/wp-json\/wp\/v2\/media?parent=40"}],"curies":[{"name":"wp","href":"https:\/\/api.w.org\/{rel}","templated":true}]}}