{"id":588,"date":"2018-01-10T09:27:54","date_gmt":"2018-01-10T08:27:54","guid":{"rendered":"https:\/\/www.zahnmedizin-verden.de\/main\/?page_id=588"},"modified":"2026-04-22T20:32:19","modified_gmt":"2026-04-22T18:32:19","slug":"anamnesebogen","status":"publish","type":"page","link":"https:\/\/www.zahnmedizin-verden.de\/main\/anamnesebogen\/","title":{"rendered":"Anamnesebogen"},"content":{"rendered":"<p><a href=\"https:\/\/www.zahnmedizin-verden.de\/main\/wp-content\/uploads\/2018\/07\/rawpixel-611110-unsplash.jpg\"><img loading=\"lazy\" decoding=\"async\" class=\"aligncenter size-large wp-image-881\" src=\"https:\/\/www.zahnmedizin-verden.de\/main\/wp-content\/uploads\/2018\/07\/rawpixel-611110-unsplash-1024x313.jpg\" alt=\"\" width=\"640\" height=\"196\" srcset=\"https:\/\/www.zahnmedizin-verden.de\/main\/wp-content\/uploads\/2018\/07\/rawpixel-611110-unsplash-1024x313.jpg 1024w, https:\/\/www.zahnmedizin-verden.de\/main\/wp-content\/uploads\/2018\/07\/rawpixel-611110-unsplash-300x92.jpg 300w, https:\/\/www.zahnmedizin-verden.de\/main\/wp-content\/uploads\/2018\/07\/rawpixel-611110-unsplash-768x235.jpg 768w, https:\/\/www.zahnmedizin-verden.de\/main\/wp-content\/uploads\/2018\/07\/rawpixel-611110-unsplash.jpg 2048w\" sizes=\"auto, (max-width: 640px) 100vw, 640px\" \/><\/a><\/p>\n<p>Hier k\u00f6nnen Sie unseren Anamnesebogen herunterladen. Dieser dient der Erfassung wichtiger Gesundheitsinformationen des Patienten.<\/p>\n<p><strong>Wir bitten Sie, diesen Bogen vor dem ersten Besuch gewissenhaft auszuf\u00fcllen<\/strong> und zu Ihrem Termin bei uns in der Praxis mitzubringen. Nur so kann eine ad\u00e4quate und risikofreie Behandlung sichergestellt werden.<\/p>\n<p>Alle Angaben unterliegen selbstverst\u00e4ndlich der \u00e4rztlichen Schweigepflicht.<\/p>\n<p><a href=\"https:\/\/www.zahnmedizin-verden.de\/main\/wp-content\/uploads\/2026\/04\/Anamnesebogen-final_26.pdf\" target=\"_blank\" rel=\"noopener noreferrer\">&gt; Jetzt den Anamnesebogen herunterladen <\/a><\/p>\n<p>&gt; <a href=\"https:\/\/www.zahnmedizin-verden.de\/main\/wp-content\/uploads\/2018\/06\/Datenschutzerkl\u00e4rung-Patienten.pdf\">Hier die Patienteninformation zum Datenschutz ansehen<\/a><\/p>\n<p><strong>Wir sind eine Terminpraxis und nehmen uns, insbesondere bei Erstterminen, ausreichend Zeit f\u00fcr Sie. Sollten Sie einen Termin einmal nicht einhalten k\u00f6nnten, sagen Sie diesen deshalb bitte bis sp\u00e4testens 24 Std. vorher ab. Andernfalls behalten wir uns bei unbegr\u00fcndetem Nichterscheinen vor, eine <u>Ausfallgeb\u00fchr in H\u00f6he von 50 Euro <\/u> zu erheben. <\/strong>Dies gilt nicht bei nachweislich schuldlos unterbliebener Absage.<\/p>\n<p>Mit Ihrer Absage geben Sie uns die M\u00f6glichkeit, die Termine neu zu vergeben und anderen Patienten die Chance, schneller an einen Arzttermin zu kommen. Danke!<\/p>\n","protected":false},"excerpt":{"rendered":"<\/p>\n<p>Hier k\u00f6nnen Sie unseren Anamnesebogen herunterladen. Dieser dient der Erfassung wichtiger Gesundheitsinformationen des Patienten.<\/p>\n<p>Wir bitten Sie, diesen Bogen vor dem ersten Besuch gewissenhaft auszuf\u00fcllen und zu Ihrem Termin bei uns in der Praxis mitzubringen. Nur so kann eine ad\u00e4quate und risikofreie Behandlung sichergestellt werden.<\/p>\n<p>Alle Angaben unterliegen selbstverst\u00e4ndlich der \u00e4rztlichen Schweigepflicht.<\/p>\n<p>&gt; Jetzt den Anamnesebogen herunterladen <\/p>\n<p>&gt; Hier die Patienteninformation zum Datenschutz ansehen<\/p>\n<p>Wir sind eine Terminpraxis und nehmen uns, insbesondere bei Erstterminen, ausreichend Zeit f\u00fcr Sie. Sollten Sie einen Termin einmal nicht [&#8230;]<\/p>\n","protected":false},"author":6,"featured_media":0,"parent":0,"menu_order":0,"comment_status":"closed","ping_status":"closed","template":"","meta":{"_exactmetrics_skip_tracking":false,"_exactmetrics_sitenote_active":false,"_exactmetrics_sitenote_note":"","_exactmetrics_sitenote_category":0,"footnotes":""},"class_list":["post-588","page","type-page","status-publish","hentry"],"yoast_head":"<!-- This site is optimized with the Yoast SEO plugin v19.1 - https:\/\/yoast.com\/wordpress\/plugins\/seo\/ -->\n<title>Anamnesebogen f\u00fcr Patienten - Zahnarztpraxis Verden<\/title>\n<meta name=\"description\" content=\"Laden Sie hier unseren Anamnesebogen runter und f\u00fcllen Sie ihn vor Ihrem ersten Besuch bei uns aus. Nur so kann eine ad\u00e4quate Behandlung sichergestellt werden.\" \/>\n<meta name=\"robots\" content=\"index, follow, max-snippet:-1, max-image-preview:large, max-video-preview:-1\" \/>\n<link rel=\"canonical\" href=\"https:\/\/www.zahnmedizin-verden.de\/main\/anamnesebogen\/\" \/>\n<meta property=\"og:locale\" content=\"de_DE\" \/>\n<meta property=\"og:type\" content=\"article\" \/>\n<meta property=\"og:title\" content=\"Anamnesebogen f\u00fcr Patienten - Zahnarztpraxis Verden\" \/>\n<meta property=\"og:description\" content=\"Laden Sie hier unseren Anamnesebogen runter und f\u00fcllen Sie ihn vor Ihrem ersten Besuch bei uns aus. Nur so kann eine ad\u00e4quate Behandlung sichergestellt werden.\" \/>\n<meta property=\"og:url\" content=\"https:\/\/www.zahnmedizin-verden.de\/main\/anamnesebogen\/\" \/>\n<meta property=\"og:site_name\" content=\"Zahnarztpraxis Verden\" \/>\n<meta property=\"article:modified_time\" content=\"2026-04-22T18:32:19+00:00\" \/>\n<meta property=\"og:image\" content=\"https:\/\/www.zahnmedizin-verden.de\/main\/wp-content\/uploads\/2018\/07\/rawpixel-611110-unsplash-1024x313.jpg\" \/>\n<meta name=\"twitter:card\" content=\"summary\" \/>\n<meta name=\"twitter:label1\" content=\"Gesch\u00e4tzte Lesezeit\" \/>\n\t<meta name=\"twitter:data1\" content=\"1\u00a0Minute\" \/>\n<script type=\"application\/ld+json\" class=\"yoast-schema-graph\">{\"@context\":\"https:\/\/schema.org\",\"@graph\":[{\"@type\":\"WebSite\",\"@id\":\"https:\/\/www.zahnmedizin-verden.de\/main\/#website\",\"url\":\"https:\/\/www.zahnmedizin-verden.de\/main\/\",\"name\":\"Zahnarztpraxis Verden\",\"description\":\"Zahn\u00e4rzte Dr. Kristof Austein, Axel Witte &amp; Kollegen\",\"potentialAction\":[{\"@type\":\"SearchAction\",\"target\":{\"@type\":\"EntryPoint\",\"urlTemplate\":\"https:\/\/www.zahnmedizin-verden.de\/main\/?s={search_term_string}\"},\"query-input\":\"required name=search_term_string\"}],\"inLanguage\":\"de\"},{\"@type\":\"ImageObject\",\"inLanguage\":\"de\",\"@id\":\"https:\/\/www.zahnmedizin-verden.de\/main\/anamnesebogen\/#primaryimage\",\"url\":\"https:\/\/www.zahnmedizin-verden.de\/main\/wp-content\/uploads\/2018\/07\/rawpixel-611110-unsplash.jpg\",\"contentUrl\":\"https:\/\/www.zahnmedizin-verden.de\/main\/wp-content\/uploads\/2018\/07\/rawpixel-611110-unsplash.jpg\",\"width\":2048,\"height\":626},{\"@type\":\"WebPage\",\"@id\":\"https:\/\/www.zahnmedizin-verden.de\/main\/anamnesebogen\/#webpage\",\"url\":\"https:\/\/www.zahnmedizin-verden.de\/main\/anamnesebogen\/\",\"name\":\"Anamnesebogen f\u00fcr Patienten - Zahnarztpraxis Verden\",\"isPartOf\":{\"@id\":\"https:\/\/www.zahnmedizin-verden.de\/main\/#website\"},\"primaryImageOfPage\":{\"@id\":\"https:\/\/www.zahnmedizin-verden.de\/main\/anamnesebogen\/#primaryimage\"},\"datePublished\":\"2018-01-10T08:27:54+00:00\",\"dateModified\":\"2026-04-22T18:32:19+00:00\",\"description\":\"Laden Sie hier unseren Anamnesebogen runter und f\u00fcllen Sie ihn vor Ihrem ersten Besuch bei uns aus. Nur so kann eine ad\u00e4quate Behandlung sichergestellt werden.\",\"breadcrumb\":{\"@id\":\"https:\/\/www.zahnmedizin-verden.de\/main\/anamnesebogen\/#breadcrumb\"},\"inLanguage\":\"de\",\"potentialAction\":[{\"@type\":\"ReadAction\",\"target\":[\"https:\/\/www.zahnmedizin-verden.de\/main\/anamnesebogen\/\"]}]},{\"@type\":\"BreadcrumbList\",\"@id\":\"https:\/\/www.zahnmedizin-verden.de\/main\/anamnesebogen\/#breadcrumb\",\"itemListElement\":[{\"@type\":\"ListItem\",\"position\":1,\"name\":\"Home\",\"item\":\"https:\/\/www.zahnmedizin-verden.de\/main\/\"},{\"@type\":\"ListItem\",\"position\":2,\"name\":\"Anamnesebogen\"}]}]}<\/script>\n<!-- \/ Yoast SEO plugin. -->","yoast_head_json":{"title":"Anamnesebogen f\u00fcr Patienten - Zahnarztpraxis Verden","description":"Laden Sie hier unseren Anamnesebogen runter und f\u00fcllen Sie ihn vor Ihrem ersten Besuch bei uns aus. Nur so kann eine ad\u00e4quate Behandlung sichergestellt werden.","robots":{"index":"index","follow":"follow","max-snippet":"max-snippet:-1","max-image-preview":"max-image-preview:large","max-video-preview":"max-video-preview:-1"},"canonical":"https:\/\/www.zahnmedizin-verden.de\/main\/anamnesebogen\/","og_locale":"de_DE","og_type":"article","og_title":"Anamnesebogen f\u00fcr Patienten - Zahnarztpraxis Verden","og_description":"Laden Sie hier unseren Anamnesebogen runter und f\u00fcllen Sie ihn vor Ihrem ersten Besuch bei uns aus. Nur so kann eine ad\u00e4quate Behandlung sichergestellt werden.","og_url":"https:\/\/www.zahnmedizin-verden.de\/main\/anamnesebogen\/","og_site_name":"Zahnarztpraxis Verden","article_modified_time":"2026-04-22T18:32:19+00:00","og_image":[{"url":"https:\/\/www.zahnmedizin-verden.de\/main\/wp-content\/uploads\/2018\/07\/rawpixel-611110-unsplash-1024x313.jpg"}],"twitter_card":"summary","twitter_misc":{"Gesch\u00e4tzte Lesezeit":"1\u00a0Minute"},"schema":{"@context":"https:\/\/schema.org","@graph":[{"@type":"WebSite","@id":"https:\/\/www.zahnmedizin-verden.de\/main\/#website","url":"https:\/\/www.zahnmedizin-verden.de\/main\/","name":"Zahnarztpraxis Verden","description":"Zahn\u00e4rzte Dr. Kristof Austein, Axel Witte &amp; Kollegen","potentialAction":[{"@type":"SearchAction","target":{"@type":"EntryPoint","urlTemplate":"https:\/\/www.zahnmedizin-verden.de\/main\/?s={search_term_string}"},"query-input":"required name=search_term_string"}],"inLanguage":"de"},{"@type":"ImageObject","inLanguage":"de","@id":"https:\/\/www.zahnmedizin-verden.de\/main\/anamnesebogen\/#primaryimage","url":"https:\/\/www.zahnmedizin-verden.de\/main\/wp-content\/uploads\/2018\/07\/rawpixel-611110-unsplash.jpg","contentUrl":"https:\/\/www.zahnmedizin-verden.de\/main\/wp-content\/uploads\/2018\/07\/rawpixel-611110-unsplash.jpg","width":2048,"height":626},{"@type":"WebPage","@id":"https:\/\/www.zahnmedizin-verden.de\/main\/anamnesebogen\/#webpage","url":"https:\/\/www.zahnmedizin-verden.de\/main\/anamnesebogen\/","name":"Anamnesebogen f\u00fcr Patienten - Zahnarztpraxis Verden","isPartOf":{"@id":"https:\/\/www.zahnmedizin-verden.de\/main\/#website"},"primaryImageOfPage":{"@id":"https:\/\/www.zahnmedizin-verden.de\/main\/anamnesebogen\/#primaryimage"},"datePublished":"2018-01-10T08:27:54+00:00","dateModified":"2026-04-22T18:32:19+00:00","description":"Laden Sie hier unseren Anamnesebogen runter und f\u00fcllen Sie ihn vor Ihrem ersten Besuch bei uns aus. Nur so kann eine ad\u00e4quate Behandlung sichergestellt werden.","breadcrumb":{"@id":"https:\/\/www.zahnmedizin-verden.de\/main\/anamnesebogen\/#breadcrumb"},"inLanguage":"de","potentialAction":[{"@type":"ReadAction","target":["https:\/\/www.zahnmedizin-verden.de\/main\/anamnesebogen\/"]}]},{"@type":"BreadcrumbList","@id":"https:\/\/www.zahnmedizin-verden.de\/main\/anamnesebogen\/#breadcrumb","itemListElement":[{"@type":"ListItem","position":1,"name":"Home","item":"https:\/\/www.zahnmedizin-verden.de\/main\/"},{"@type":"ListItem","position":2,"name":"Anamnesebogen"}]}]}},"_links":{"self":[{"href":"https:\/\/www.zahnmedizin-verden.de\/main\/wp-json\/wp\/v2\/pages\/588","targetHints":{"allow":["GET"]}}],"collection":[{"href":"https:\/\/www.zahnmedizin-verden.de\/main\/wp-json\/wp\/v2\/pages"}],"about":[{"href":"https:\/\/www.zahnmedizin-verden.de\/main\/wp-json\/wp\/v2\/types\/page"}],"author":[{"embeddable":true,"href":"https:\/\/www.zahnmedizin-verden.de\/main\/wp-json\/wp\/v2\/users\/6"}],"replies":[{"embeddable":true,"href":"https:\/\/www.zahnmedizin-verden.de\/main\/wp-json\/wp\/v2\/comments?post=588"}],"version-history":[{"count":33,"href":"https:\/\/www.zahnmedizin-verden.de\/main\/wp-json\/wp\/v2\/pages\/588\/revisions"}],"predecessor-version":[{"id":1624,"href":"https:\/\/www.zahnmedizin-verden.de\/main\/wp-json\/wp\/v2\/pages\/588\/revisions\/1624"}],"wp:attachment":[{"href":"https:\/\/www.zahnmedizin-verden.de\/main\/wp-json\/wp\/v2\/media?parent=588"}],"curies":[{"name":"wp","href":"https:\/\/api.w.org\/{rel}","templated":true}]}}