{"id":743,"date":"2018-05-01T11:37:39","date_gmt":"2018-05-01T09:37:39","guid":{"rendered":"https:\/\/www.zahnmedizin-verden.de\/main\/?page_id=743"},"modified":"2021-05-16T12:19:58","modified_gmt":"2021-05-16T10:19:58","slug":"cmd-craniomandibulaere-dysfunktion","status":"publish","type":"page","link":"https:\/\/www.zahnmedizin-verden.de\/main\/leistungen\/cmd-craniomandibulaere-dysfunktion\/","title":{"rendered":"CMD (Craniomandibul\u00e4re Dysfunktion)"},"content":{"rendered":"<h2>CMD- Was ist das?<\/h2>\n<p><a href=\"https:\/\/www.zahnmedizin-verden.de\/main\/wp-content\/uploads\/2018\/08\/figure-1707104_1280.jpg\"><img loading=\"lazy\" decoding=\"async\" class=\"alignleft wp-image-985\" src=\"https:\/\/www.zahnmedizin-verden.de\/main\/wp-content\/uploads\/2018\/08\/figure-1707104_1280-200x300.jpg\" alt=\"\" width=\"133\" height=\"200\" srcset=\"https:\/\/www.zahnmedizin-verden.de\/main\/wp-content\/uploads\/2018\/08\/figure-1707104_1280-200x300.jpg 200w, https:\/\/www.zahnmedizin-verden.de\/main\/wp-content\/uploads\/2018\/08\/figure-1707104_1280-768x1152.jpg 768w, https:\/\/www.zahnmedizin-verden.de\/main\/wp-content\/uploads\/2018\/08\/figure-1707104_1280-682x1024.jpg 682w, https:\/\/www.zahnmedizin-verden.de\/main\/wp-content\/uploads\/2018\/08\/figure-1707104_1280.jpg 853w\" sizes=\"auto, (max-width: 133px) 100vw, 133px\" \/><\/a>Die Craniomandibul\u00e4re Dysfunktion (CMD)\u00a0 ist ein \u00dcberbegriff f\u00fcr strukturelle, funktionelle, biochemische und psychische Fehlregulationen der Muskel- oder Gelenkfunktion der Kiefergelenke. Die CMD spiegelt den Zusammenhang von Zahngesundheit und allgemeinem Wohlbefinden wider. Beispiel f\u00fcr solche Wechselbeziehungen k\u00f6nnte etwa der Patient sein, dessen chronische R\u00fcckenschmerzen von keinem Orthop\u00e4den kuriert werden k\u00f6nnen. Er leidet eventuell nicht an einem Bandscheibenvorfall oder anderen Erkrankungen des R\u00fcckgrats, sondern an einer Craniomandibul\u00e4ren Dysfunktion (CMD), also einer Fehlstellung und Fehlfunktion der Kiefergelenke.<\/p>\n<p>&nbsp;<\/p>\n<h2>CMD \u00e4u\u00dfert sich&#8230;<\/h2>\n<p>bei den meisten Patienten in Form von Schmerzen. Diese reichen von unklaren Gesichtsschmerzen \u00fcber Kopf-, Nacken- und R\u00fcckenschmerzen bishin zu immer wiederkehrenden Knieschmerzen. Weitere Symptome k\u00f6nnen Schwindelattacken und Tinnitus sein.<\/p>\n<div id=\"attachment_753\" style=\"width: 410px\" class=\"wp-caption aligncenter\"><a href=\"http:\/\/www.herlinghaus.net\/main\/wp-content\/uploads\/2018\/05\/Symptome_CMD_1.jpg\"><img loading=\"lazy\" decoding=\"async\" aria-describedby=\"caption-attachment-753\" class=\"size-full wp-image-753\" src=\"http:\/\/www.herlinghaus.net\/main\/wp-content\/uploads\/2018\/05\/Symptome_CMD_1.jpg\" alt=\"\" width=\"400\" height=\"241\" srcset=\"https:\/\/www.zahnmedizin-verden.de\/main\/wp-content\/uploads\/2018\/05\/Symptome_CMD_1.jpg 400w, https:\/\/www.zahnmedizin-verden.de\/main\/wp-content\/uploads\/2018\/05\/Symptome_CMD_1-300x181.jpg 300w\" sizes=\"auto, (max-width: 400px) 100vw, 400px\" \/><\/a><p id=\"caption-attachment-753\" class=\"wp-caption-text\">M\u00f6gliche Symptome einer CMD. Foto: \u00a9 AlienCat \u2013 Fotolia\/agz-rnk.<\/p><\/div>\n<p align=\"JUSTIFY\">CMD tritt vom Kindes- bis zum Erwachsenenalter mit unterschiedlichen Beschwerden auf. Oft sind Fehlbisslagen (angeboren, kieferorthop\u00e4disch- oder zahn\u00e4rztlich verursacht) oder Probleme in der Ganzk\u00f6rperstatik (Blockierungen der Wirbels\u00e4ule, dauernde Fehlhaltungen und Dysbalancen) die Faktoren, die den Stein ins Rollen bringen.<\/p>\n<h2>CMD &#8211; Diagnose &amp; Behandlung<\/h2>\n<p>Mit Hilfe eines CMD-Screens werden die m\u00f6gliche Erkrankung ergr\u00fcndet und gemeinsam mit dem Patienten eine einfache Therapie erarbeitet. Interdisziplin\u00e4res Fachwissen ist f\u00fcr die Behandlung einer CMD vielfach essentiell. Wir arbeiten ausschlie\u00dflich mit reversibelen Schienen. Alles weitere muss meistens von den Spezialisten in Hamburg, Hannover oder Oldenburg gemacht werden.<\/p>\n<p>Wir arbeiten hier mit den folgenden Praxen zusammen:<\/p>\n<ul>\n<li><a title=\"Physiotherapiepraxis Ralf Emmerich\" href=\"http:\/\/www.emmerich-verden.de\/\">Physiotherapiepraxis Ralf Emmerich<\/a><\/li>\n<li>\n<p class=\"et_pb_slide_title\"><a href=\"http:\/\/www.physiopraxis-borstel.de\/\" target=\"_blank\" rel=\"noopener noreferrer\">Osteopathie- und Physiotherapiepraxis Hornhardt<\/a><\/p>\n<\/li>\n<li>\n<p class=\"et_pb_slide_title\"><a href=\"https:\/\/www.blohme-redenius.de\/\" target=\"_blank\" rel=\"noopener noreferrer\">Praxis f\u00fcr Physiotherapie Blohme und Redenius<\/a><\/p>\n<\/li>\n<li>\n<p class=\"et_pb_slide_title\"><a href=\"https:\/\/www.physiofitkrause-blender.de\/\" target=\"_blank\" rel=\"noopener noreferrer\">Physio + Fit Krause<\/a><\/p>\n<\/li>\n<li>Dr. Joachim G\u00e4rtner, Rotenburg<\/li>\n<li>Dr. Thomas Seidel, Verden<\/li>\n<\/ul>\n<p>&nbsp;<\/p>\n<p align=\"JUSTIFY\">Wenn ein gut organisiertes Behandlerteam zusammenarbeitet, ist eine sinnvolle Therapie mit anschlie\u00dfender Linderung der Symptome vielfach m\u00f6glich.<\/p>\n","protected":false},"excerpt":{"rendered":"<p>CMD- Was ist das?<\/p>\n<p>Die Craniomandibul\u00e4re Dysfunktion (CMD)\u00a0 ist ein \u00dcberbegriff f\u00fcr strukturelle, funktionelle, biochemische und psychische Fehlregulationen der Muskel- oder Gelenkfunktion der Kiefergelenke. Die CMD spiegelt den Zusammenhang von Zahngesundheit und allgemeinem Wohlbefinden wider. Beispiel f\u00fcr solche Wechselbeziehungen k\u00f6nnte etwa der Patient sein, dessen chronische R\u00fcckenschmerzen von keinem Orthop\u00e4den kuriert werden k\u00f6nnen. Er leidet eventuell nicht an einem Bandscheibenvorfall oder anderen Erkrankungen des R\u00fcckgrats, sondern an einer Craniomandibul\u00e4ren Dysfunktion (CMD), also einer Fehlstellung und Fehlfunktion der Kiefergelenke.<\/p>\n<p>&nbsp;<\/p>\n<p>CMD \u00e4u\u00dfert sich&#8230;<\/p>\n<p>bei den [&#8230;]<\/p>\n","protected":false},"author":6,"featured_media":0,"parent":228,"menu_order":0,"comment_status":"closed","ping_status":"closed","template":"","meta":{"_exactmetrics_skip_tracking":false,"_exactmetrics_sitenote_active":false,"_exactmetrics_sitenote_note":"","_exactmetrics_sitenote_category":0,"footnotes":""},"class_list":["post-743","page","type-page","status-publish","hentry"],"yoast_head":"<!-- This site is optimized with the Yoast SEO plugin v19.1 - https:\/\/yoast.com\/wordpress\/plugins\/seo\/ -->\n<title>CMD (Craniomandibul\u00e4re Dysfunktion) - Zahnarztpraxis Verden<\/title>\n<meta name=\"robots\" content=\"index, follow, max-snippet:-1, max-image-preview:large, max-video-preview:-1\" \/>\n<link rel=\"canonical\" href=\"https:\/\/www.zahnmedizin-verden.de\/main\/leistungen\/cmd-craniomandibulaere-dysfunktion\/\" \/>\n<meta property=\"og:locale\" content=\"de_DE\" \/>\n<meta property=\"og:type\" content=\"article\" \/>\n<meta property=\"og:title\" content=\"CMD (Craniomandibul\u00e4re Dysfunktion) - Zahnarztpraxis Verden\" \/>\n<meta property=\"og:description\" content=\"CMD- Was ist das? Die Craniomandibul\u00e4re Dysfunktion (CMD)\u00a0 ist ein \u00dcberbegriff f\u00fcr strukturelle, funktionelle, biochemische und psychische Fehlregulationen der Muskel- oder Gelenkfunktion der Kiefergelenke. Die CMD spiegelt den Zusammenhang von Zahngesundheit und allgemeinem Wohlbefinden wider. Beispiel f\u00fcr solche Wechselbeziehungen k\u00f6nnte etwa der Patient sein, dessen chronische R\u00fcckenschmerzen von keinem Orthop\u00e4den kuriert werden k\u00f6nnen. Er leidet eventuell nicht an einem Bandscheibenvorfall oder anderen Erkrankungen des R\u00fcckgrats, sondern an einer Craniomandibul\u00e4ren Dysfunktion (CMD), also einer Fehlstellung und Fehlfunktion der Kiefergelenke. &nbsp; CMD \u00e4u\u00dfert sich&#8230; bei den [...]\" \/>\n<meta property=\"og:url\" content=\"https:\/\/www.zahnmedizin-verden.de\/main\/leistungen\/cmd-craniomandibulaere-dysfunktion\/\" \/>\n<meta property=\"og:site_name\" content=\"Zahnarztpraxis Verden\" \/>\n<meta property=\"article:modified_time\" content=\"2021-05-16T10:19:58+00:00\" \/>\n<meta property=\"og:image\" content=\"https:\/\/www.zahnmedizin-verden.de\/main\/wp-content\/uploads\/2018\/08\/figure-1707104_1280-200x300.jpg\" \/>\n<meta name=\"twitter:card\" content=\"summary\" \/>\n<meta name=\"twitter:label1\" content=\"Gesch\u00e4tzte Lesezeit\" \/>\n\t<meta name=\"twitter:data1\" content=\"1\u00a0Minute\" \/>\n<script type=\"application\/ld+json\" class=\"yoast-schema-graph\">{\"@context\":\"https:\/\/schema.org\",\"@graph\":[{\"@type\":\"WebSite\",\"@id\":\"https:\/\/www.zahnmedizin-verden.de\/main\/#website\",\"url\":\"https:\/\/www.zahnmedizin-verden.de\/main\/\",\"name\":\"Zahnarztpraxis Verden\",\"description\":\"Zahn\u00e4rzte Dr. Kristof Austein, Axel Witte &amp; Kollegen\",\"potentialAction\":[{\"@type\":\"SearchAction\",\"target\":{\"@type\":\"EntryPoint\",\"urlTemplate\":\"https:\/\/www.zahnmedizin-verden.de\/main\/?s={search_term_string}\"},\"query-input\":\"required name=search_term_string\"}],\"inLanguage\":\"de\"},{\"@type\":\"ImageObject\",\"inLanguage\":\"de\",\"@id\":\"https:\/\/www.zahnmedizin-verden.de\/main\/leistungen\/cmd-craniomandibulaere-dysfunktion\/#primaryimage\",\"url\":\"https:\/\/www.zahnmedizin-verden.de\/main\/wp-content\/uploads\/2018\/08\/figure-1707104_1280.jpg\",\"contentUrl\":\"https:\/\/www.zahnmedizin-verden.de\/main\/wp-content\/uploads\/2018\/08\/figure-1707104_1280.jpg\",\"width\":853,\"height\":1280},{\"@type\":\"WebPage\",\"@id\":\"https:\/\/www.zahnmedizin-verden.de\/main\/leistungen\/cmd-craniomandibulaere-dysfunktion\/#webpage\",\"url\":\"https:\/\/www.zahnmedizin-verden.de\/main\/leistungen\/cmd-craniomandibulaere-dysfunktion\/\",\"name\":\"CMD (Craniomandibul\u00e4re Dysfunktion) - Zahnarztpraxis Verden\",\"isPartOf\":{\"@id\":\"https:\/\/www.zahnmedizin-verden.de\/main\/#website\"},\"primaryImageOfPage\":{\"@id\":\"https:\/\/www.zahnmedizin-verden.de\/main\/leistungen\/cmd-craniomandibulaere-dysfunktion\/#primaryimage\"},\"datePublished\":\"2018-05-01T09:37:39+00:00\",\"dateModified\":\"2021-05-16T10:19:58+00:00\",\"breadcrumb\":{\"@id\":\"https:\/\/www.zahnmedizin-verden.de\/main\/leistungen\/cmd-craniomandibulaere-dysfunktion\/#breadcrumb\"},\"inLanguage\":\"de\",\"potentialAction\":[{\"@type\":\"ReadAction\",\"target\":[\"https:\/\/www.zahnmedizin-verden.de\/main\/leistungen\/cmd-craniomandibulaere-dysfunktion\/\"]}]},{\"@type\":\"BreadcrumbList\",\"@id\":\"https:\/\/www.zahnmedizin-verden.de\/main\/leistungen\/cmd-craniomandibulaere-dysfunktion\/#breadcrumb\",\"itemListElement\":[{\"@type\":\"ListItem\",\"position\":1,\"name\":\"Home\",\"item\":\"https:\/\/www.zahnmedizin-verden.de\/main\/\"},{\"@type\":\"ListItem\",\"position\":2,\"name\":\"Unsere Leistungen\",\"item\":\"https:\/\/www.zahnmedizin-verden.de\/main\/leistungen\/\"},{\"@type\":\"ListItem\",\"position\":3,\"name\":\"CMD (Craniomandibul\u00e4re Dysfunktion)\"}]}]}<\/script>\n<!-- \/ Yoast SEO plugin. -->","yoast_head_json":{"title":"CMD (Craniomandibul\u00e4re Dysfunktion) - Zahnarztpraxis Verden","robots":{"index":"index","follow":"follow","max-snippet":"max-snippet:-1","max-image-preview":"max-image-preview:large","max-video-preview":"max-video-preview:-1"},"canonical":"https:\/\/www.zahnmedizin-verden.de\/main\/leistungen\/cmd-craniomandibulaere-dysfunktion\/","og_locale":"de_DE","og_type":"article","og_title":"CMD (Craniomandibul\u00e4re Dysfunktion) - Zahnarztpraxis Verden","og_description":"CMD- Was ist das? Die Craniomandibul\u00e4re Dysfunktion (CMD)\u00a0 ist ein \u00dcberbegriff f\u00fcr strukturelle, funktionelle, biochemische und psychische Fehlregulationen der Muskel- oder Gelenkfunktion der Kiefergelenke. Die CMD spiegelt den Zusammenhang von Zahngesundheit und allgemeinem Wohlbefinden wider. Beispiel f\u00fcr solche Wechselbeziehungen k\u00f6nnte etwa der Patient sein, dessen chronische R\u00fcckenschmerzen von keinem Orthop\u00e4den kuriert werden k\u00f6nnen. Er leidet eventuell nicht an einem Bandscheibenvorfall oder anderen Erkrankungen des R\u00fcckgrats, sondern an einer Craniomandibul\u00e4ren Dysfunktion (CMD), also einer Fehlstellung und Fehlfunktion der Kiefergelenke. &nbsp; CMD \u00e4u\u00dfert sich&#8230; bei den [...]","og_url":"https:\/\/www.zahnmedizin-verden.de\/main\/leistungen\/cmd-craniomandibulaere-dysfunktion\/","og_site_name":"Zahnarztpraxis Verden","article_modified_time":"2021-05-16T10:19:58+00:00","og_image":[{"url":"https:\/\/www.zahnmedizin-verden.de\/main\/wp-content\/uploads\/2018\/08\/figure-1707104_1280-200x300.jpg"}],"twitter_card":"summary","twitter_misc":{"Gesch\u00e4tzte Lesezeit":"1\u00a0Minute"},"schema":{"@context":"https:\/\/schema.org","@graph":[{"@type":"WebSite","@id":"https:\/\/www.zahnmedizin-verden.de\/main\/#website","url":"https:\/\/www.zahnmedizin-verden.de\/main\/","name":"Zahnarztpraxis Verden","description":"Zahn\u00e4rzte Dr. Kristof Austein, Axel Witte &amp; Kollegen","potentialAction":[{"@type":"SearchAction","target":{"@type":"EntryPoint","urlTemplate":"https:\/\/www.zahnmedizin-verden.de\/main\/?s={search_term_string}"},"query-input":"required name=search_term_string"}],"inLanguage":"de"},{"@type":"ImageObject","inLanguage":"de","@id":"https:\/\/www.zahnmedizin-verden.de\/main\/leistungen\/cmd-craniomandibulaere-dysfunktion\/#primaryimage","url":"https:\/\/www.zahnmedizin-verden.de\/main\/wp-content\/uploads\/2018\/08\/figure-1707104_1280.jpg","contentUrl":"https:\/\/www.zahnmedizin-verden.de\/main\/wp-content\/uploads\/2018\/08\/figure-1707104_1280.jpg","width":853,"height":1280},{"@type":"WebPage","@id":"https:\/\/www.zahnmedizin-verden.de\/main\/leistungen\/cmd-craniomandibulaere-dysfunktion\/#webpage","url":"https:\/\/www.zahnmedizin-verden.de\/main\/leistungen\/cmd-craniomandibulaere-dysfunktion\/","name":"CMD (Craniomandibul\u00e4re Dysfunktion) - Zahnarztpraxis Verden","isPartOf":{"@id":"https:\/\/www.zahnmedizin-verden.de\/main\/#website"},"primaryImageOfPage":{"@id":"https:\/\/www.zahnmedizin-verden.de\/main\/leistungen\/cmd-craniomandibulaere-dysfunktion\/#primaryimage"},"datePublished":"2018-05-01T09:37:39+00:00","dateModified":"2021-05-16T10:19:58+00:00","breadcrumb":{"@id":"https:\/\/www.zahnmedizin-verden.de\/main\/leistungen\/cmd-craniomandibulaere-dysfunktion\/#breadcrumb"},"inLanguage":"de","potentialAction":[{"@type":"ReadAction","target":["https:\/\/www.zahnmedizin-verden.de\/main\/leistungen\/cmd-craniomandibulaere-dysfunktion\/"]}]},{"@type":"BreadcrumbList","@id":"https:\/\/www.zahnmedizin-verden.de\/main\/leistungen\/cmd-craniomandibulaere-dysfunktion\/#breadcrumb","itemListElement":[{"@type":"ListItem","position":1,"name":"Home","item":"https:\/\/www.zahnmedizin-verden.de\/main\/"},{"@type":"ListItem","position":2,"name":"Unsere Leistungen","item":"https:\/\/www.zahnmedizin-verden.de\/main\/leistungen\/"},{"@type":"ListItem","position":3,"name":"CMD (Craniomandibul\u00e4re Dysfunktion)"}]}]}},"_links":{"self":[{"href":"https:\/\/www.zahnmedizin-verden.de\/main\/wp-json\/wp\/v2\/pages\/743","targetHints":{"allow":["GET"]}}],"collection":[{"href":"https:\/\/www.zahnmedizin-verden.de\/main\/wp-json\/wp\/v2\/pages"}],"about":[{"href":"https:\/\/www.zahnmedizin-verden.de\/main\/wp-json\/wp\/v2\/types\/page"}],"author":[{"embeddable":true,"href":"https:\/\/www.zahnmedizin-verden.de\/main\/wp-json\/wp\/v2\/users\/6"}],"replies":[{"embeddable":true,"href":"https:\/\/www.zahnmedizin-verden.de\/main\/wp-json\/wp\/v2\/comments?post=743"}],"version-history":[{"count":20,"href":"https:\/\/www.zahnmedizin-verden.de\/main\/wp-json\/wp\/v2\/pages\/743\/revisions"}],"predecessor-version":[{"id":1385,"href":"https:\/\/www.zahnmedizin-verden.de\/main\/wp-json\/wp\/v2\/pages\/743\/revisions\/1385"}],"up":[{"embeddable":true,"href":"https:\/\/www.zahnmedizin-verden.de\/main\/wp-json\/wp\/v2\/pages\/228"}],"wp:attachment":[{"href":"https:\/\/www.zahnmedizin-verden.de\/main\/wp-json\/wp\/v2\/media?parent=743"}],"curies":[{"name":"wp","href":"https:\/\/api.w.org\/{rel}","templated":true}]}}